{"id":33636,"date":"2022-10-24T20:47:55","date_gmt":"2022-10-24T18:47:55","guid":{"rendered":"https:\/\/www.dogoodpeople.com\/politica-de-privacidade-da-app-generica\/"},"modified":"2025-05-14T17:33:19","modified_gmt":"2025-05-14T15:33:19","slug":"politica-de-privacidade-da-app-generica","status":"publish","type":"page","link":"https:\/\/www.dogoodpeople.com\/pt-pt\/politica-de-privacidade-da-app-generica\/","title":{"rendered":"Pol\u00edtica de Privacidade da App &#8211; Gen\u00e9rica"},"content":{"rendered":"\t\t<div data-elementor-type=\"wp-page\" data-elementor-id=\"33636\" class=\"elementor elementor-33636 elementor-14552\" data-elementor-post-type=\"page\">\n\t\t\t\t\t\t<section class=\"elementor-section elementor-top-section elementor-element elementor-element-4c504d1 elementor-section-boxed elementor-section-height-default elementor-section-height-default\" data-id=\"4c504d1\" data-element_type=\"section\" data-settings=\"{&quot;background_background&quot;:&quot;classic&quot;}\">\n\t\t\t\t\t\t<div class=\"elementor-container elementor-column-gap-default\">\n\t\t\t\t\t<div class=\"elementor-column elementor-col-100 elementor-top-column elementor-element elementor-element-cc78ccb\" data-id=\"cc78ccb\" data-element_type=\"column\">\n\t\t\t<div class=\"elementor-widget-wrap elementor-element-populated\">\n\t\t\t\t\t\t<div class=\"elementor-element elementor-element-ba1b7e7 elementor-widget elementor-widget-heading\" data-id=\"ba1b7e7\" data-element_type=\"widget\" data-widget_type=\"heading.default\">\n\t\t\t\t<div class=\"elementor-widget-container\">\n\t\t\t\t\t<h1 class=\"elementor-heading-title elementor-size-default\">Pol\u00edtica de Privacidade da App &#8211; Gen\u00e9rica<\/h1>\t\t\t\t<\/div>\n\t\t\t\t<\/div>\n\t\t\t\t\t<\/div>\n\t\t<\/div>\n\t\t\t\t\t<\/div>\n\t\t<\/section>\n\t\t\t\t<section class=\"elementor-section elementor-top-section elementor-element elementor-element-7fe6af6 elementor-section-boxed elementor-section-height-default elementor-section-height-default\" data-id=\"7fe6af6\" data-element_type=\"section\">\n\t\t\t\t\t\t<div class=\"elementor-container elementor-column-gap-default\">\n\t\t\t\t\t<div class=\"elementor-column elementor-col-100 elementor-top-column elementor-element elementor-element-682bd8e\" data-id=\"682bd8e\" data-element_type=\"column\">\n\t\t\t<div class=\"elementor-widget-wrap elementor-element-populated\">\n\t\t\t\t\t\t<div class=\"elementor-element elementor-element-1a7e04b elementor-widget elementor-widget-text-editor\" data-id=\"1a7e04b\" data-element_type=\"widget\" data-widget_type=\"text-editor.default\">\n\t\t\t\t<div class=\"elementor-widget-container\">\n\t\t\t\t\t\t\t\t\t<p><b>INFORMA\u00c7\u00c3O B\u00c1SICA:<\/b><\/p><ul><li style=\"font-weight: 400;\" aria-level=\"1\"><span style=\"font-weight: 400;\">O <\/span><b>que \u00e9 este documento?<\/b><br><span style=\"font-weight: 400;\">\u00c9 um documento legal redigido para oferecer aos utilizadores da App DoGood informa\u00e7\u00f5es detalhadas sobre o tratamento dos seus dados pessoais.<\/span><\/li><li style=\"font-weight: 400;\" aria-level=\"1\"><b>A que se aplica?<\/b><span style=\"font-weight: 400;\"> Aplica-se tanto \u00e0 pr\u00f3pria App DoGood como a todas as suas sec\u00e7\u00f5es e funcionalidades, bem como \u00e0s informa\u00e7\u00f5es pessoais tratadas para o seu funcionamento, tanto no momento de registo como durante a sua utiliza\u00e7\u00e3o. Para efeitos desta pol\u00edtica, entende-se por \u201cutilizador\u201d a pessoa singular que utiliza as funcionalidades que a App DoGood oferece. <\/span><\/li><li style=\"font-weight: 400;\" aria-level=\"1\"><b>Como saber se este documento \u00e9 o mais atual?<\/b><span style=\"font-weight: 400;\"> Poderemos modificar esta pol\u00edtica sempre que necess\u00e1rio, e, nesse caso, comunic\u00e1-lo-emos atrav\u00e9s do site ou por outros meios para que possa conhecer e aceitar as novas condi\u00e7\u00f5es. A continua\u00e7\u00e3o da utiliza\u00e7\u00e3o da App DoGood ap\u00f3s a notifica\u00e7\u00e3o das altera\u00e7\u00f5es implicar\u00e1 a aceita\u00e7\u00e3o das mesmas, salvo nos casos em que seja necess\u00e1rio o seu consentimento expresso, o qual ser\u00e1 ent\u00e3o solicitado. <\/span><\/li><li style=\"font-weight: 400;\" aria-level=\"1\"><b>Com base em que legisla\u00e7\u00e3o \u00e9 redigido este documento?<\/b><span style=\"font-weight: 400;\"> Esta pol\u00edtica \u00e9 redigida em conformidade com o Regulamento Geral sobre a Prote\u00e7\u00e3o de Dados (RGPD), a Lei Org\u00e2nica 3\/2018, de 5 de dezembro, sobre a prote\u00e7\u00e3o de dados pessoais e garantia dos direitos digitais, e a Lei 34\/2002, de 11 de julho, sobre os servi\u00e7os da sociedade da informa\u00e7\u00e3o e do com\u00e9rcio eletr\u00f3nico. Fornecer informa\u00e7\u00f5es aos utilizadores sobre a prote\u00e7\u00e3o de dados pessoais \u00e9 uma das obriga\u00e7\u00f5es que a DoGood cumpre atrav\u00e9s deste documento. <\/span><\/li><\/ul><p> <\/p><p><b>RESPONS\u00c1VEL E SUBCONTRATANTE DO TRATAMENTO<\/b><\/p><p><span style=\"font-weight: 400;\">Os dados pessoais tratados na App DoGood ser\u00e3o recolhidos e tratados por: <\/span><\/p><ul><li style=\"font-weight: 400;\" aria-level=\"1\"><span style=\"font-weight: 400;\">DOGOOD PEOPLE, S.L. (ou DoGood), com sede na Calle Diego de Le\u00f3n, 57, 28006 Madrid, Espanha, na qualidade de SUBCONTRATANTE DO TRATAMENTO.<\/span><\/li><li style=\"font-weight: 400;\" aria-level=\"1\"><span style=\"font-weight: 400;\">A empresa (doravante, o Cliente) \u00e0 qual pertence ou para a qual trabalha ou colabora o utilizador que acede \u00e0 App DoGood, na qualidade de RESPONS\u00c1VEL PELO TRATAMENTO.<\/span><\/li><\/ul><p> <\/p><p><b>DADOS TRATADOS PELA DOGOOD <\/b><\/p><p><span style=\"font-weight: 400;\">DoGood obt\u00e9m informa\u00e7\u00f5es e dados pessoais dos utilizadores da App DoGood. Os dados tratados pertencem \u00e0s seguintes categorias: <\/span><\/p><ul><li style=\"font-weight: 400;\" aria-level=\"1\"><b>Dados identificativos ou de contacto:<\/b><span style=\"font-weight: 400;\"> por exemplo, nome, apelido, email ou, nalguns casos, telefone.<\/span><\/li><li style=\"font-weight: 400;\" aria-level=\"1\"><b>Detalhes profissionais: <\/b>p<span style=\"font-weight: 400;\">or exemplo, profiss\u00e3o ou cargo.<\/span><\/li><li style=\"font-weight: 400;\" aria-level=\"1\"><b>Dados biom\u00e9tricos<\/b>, <span style=\"font-weight: 400;\">quando o utilizador consente o acesso biom\u00e9trico \u00e0 App DoGood.<\/span><\/li><\/ul><p> <\/p><p><b>FONTES DOS DADOS PESSOAIS<\/b><\/p><p><span style=\"font-weight: 400;\">Os dados prov\u00eam<\/span> <span style=\"font-weight: 400;\">do Cliente (que garante a sua legitimidade), do pr\u00f3prio utilizador (ao preencher os campos na App DoGood ou comunicar com DoGood), ou por comunica\u00e7\u00e3o do Cliente \u00e0 DoGood.<\/span> <\/p><p><span style=\"font-weight: 400;\">Em certos casos, os dados b\u00e1sicos de cria\u00e7\u00e3o de conta (email, nome, apelido) podem ser obtidos do Google, Apple, Microsoft ou servi\u00e7os semelhantes usados pelo utilizador (Single Sign-On).<\/span><\/p><p> <\/p><p><b>FINALIDADES DO TRATAMENTO DOS DADOS<\/b><\/p><p><span style=\"font-weight: 400;\">DoGood trata os dados pessoais para os seguintes fins: <\/span><\/p><ol><li style=\"font-weight: 400;\" aria-level=\"1\"><span style=\"font-weight: 400;\">Registar o utilizador na App e identific\u00e1-lo.<\/span><\/li><li style=\"font-weight: 400;\" aria-level=\"1\"><span style=\"font-weight: 400;\">Acompanhar a atividade do utilizador na App.<\/span><\/li><li style=\"font-weight: 400;\" aria-level=\"1\"><span style=\"font-weight: 400;\">Gerir a participa\u00e7\u00e3o do utilizador nas funcionalidades e atividades da App.<\/span><\/li><li style=\"font-weight: 400;\" aria-level=\"1\"><span style=\"font-weight: 400;\">Enviar emails relacionados com a App e o programa em curso.<\/span><\/li><li style=\"font-weight: 400;\" aria-level=\"1\"><span style=\"font-weight: 400;\">Gerir pedidos feitos atrav\u00e9s de formul\u00e1rios de contacto.<\/span><\/li><li style=\"font-weight: 400;\" aria-level=\"1\"><span style=\"font-weight: 400;\">Prestar o servi\u00e7o contratado pelo Cliente \u00e0 DoGood.<\/span><\/li><li style=\"font-weight: 400;\" aria-level=\"1\"><span style=\"font-weight: 400;\">Realizar inqu\u00e9ritos sobre perce\u00e7\u00e3o de sustentabilidade no in\u00edcio e fim do programa. <\/span><\/li><\/ol><p> <\/p><ol><li style=\"font-weight: 400;\" aria-level=\"1\"><span style=\"font-weight: 400;\">Realizar inqu\u00e9ritos sobre o conte\u00fado formativo e de satisfa\u00e7\u00e3o com o programa.<\/span><\/li><\/ol><p> <\/p><p><b>LEGITIMIDADE PARA O TRATAMENTO<\/b><\/p><p><span style=\"font-weight: 400;\">A base legal para o tratamento dos dados \u00e9 o desenvolvimento e manuten\u00e7\u00e3o da rela\u00e7\u00e3o jur\u00eddica e\/ou contratual entre o Cliente e a DoGood <\/span><b>e\/ou <\/b>o<span style=\"font-weight: 400;\"> consentimento prestado pelo utilizador ao aceitar esta Pol\u00edtica de Privacidade.<\/span> <\/p><p> <\/p><p><b>COMUNICA\u00c7\u00c3O DE DADOS<\/b><\/p><p><span style=\"font-weight: 400;\">A DoGood poder\u00e1 partilhar os dados com terceiros, sempre de forma anonimizada<\/span> <span style=\"font-weight: 400;\">e agregada, exceto quando estritamente necess\u00e1rio.<\/span><\/p><p><span style=\"font-weight: 400;\">Os dados pessoais poder\u00e3o ser comunicados a:<\/span><\/p><ul><li style=\"font-weight: 400;\" aria-level=\"1\"><span style=\"font-weight: 400;\">Fornecedores necess\u00e1rios para o funcionamento da App. <\/span><\/li><li style=\"font-weight: 400;\" aria-level=\"1\"><span style=\"font-weight: 400;\">Organismos P\u00fablicos y Administraciones competentes para el cumplimiento de las obligaciones legales aplicables.<\/span><\/li><li style=\"font-weight: 400;\" aria-level=\"1\"><span style=\"font-weight: 400;\">Outras sociedades do grupo DoGood.<\/span><\/li><\/ul><p><span style=\"font-weight: 400;\">Poder\u00e3o ocorrer transfer\u00eancias internacionais de dados, para pa\u00edses sem decis\u00e3o de adequa\u00e7\u00e3o da Comiss\u00e3o Europeia, mediante garantias legais adequadas (Cl\u00e1usulas Contratuais-Tipo ou outros mecanismos v\u00e1lidos).   <\/span><\/p><p> <\/p><p><b>CONSERVA\u00c7\u00c3O DOS DADOS<\/b><\/p><p><span style=\"font-weight: 400;\">Os dados ser\u00e3o conservados enquanto se mantiver a rela\u00e7\u00e3o contratual com o Cliente ou enquanto o utilizador usar a App. Ap\u00f3s isso, os dados ser\u00e3o bloqueados e posteriormente eliminados, conforme os prazos legais aplic\u00e1veis.<\/span><\/p><p> <\/p><p><b>GARANTIAS DO UTILIZADOR<\/b><\/p><p><span style=\"font-weight: 400;\">O utilizador garante que os dados fornecidos s\u00e3o verdadeiros, exatos, completos e atualizados, sendo respons\u00e1vel por quaisquer danos que o incumprimento possa causar.<\/span><\/p><p><span style=\"font-weight: 400;\">Compromete-se a informar a DoGood de qualquer altera\u00e7\u00e3o relevante nos seus dados pessoais.<\/span><\/p><p> <\/p><p><b>MEDIDAS DE PROTE\u00c7\u00c3O DOS DADOS<\/b><\/p><p><span style=\"font-weight: 400;\">A DoGood compromete-se a tratar os dados de forma confidencial e segura, adotando as medidas t\u00e9cnicas e organizativas adequadas para prevenir o acesso n\u00e3o autorizado, a altera\u00e7\u00e3o, a perda ou o tratamento indevido dos dados. <\/span><\/p><p><span style=\"font-weight: 400;\">No entanto, o utilizador deve estar ciente de que nenhuma medida de seguran\u00e7a na internet \u00e9 totalmente infal\u00edvel. <\/span><\/p><p><span style=\"font-weight: 400;\">Para quest\u00f5es relacionadas com os seus dados, poder\u00e1 contactar: <\/span><b>hola@dogoodpeople.com<\/b> <span style=\"font-weight: 400;\">.<\/span><\/p><p> <\/p><p><b>DIREITOS DOS UTILIZADORES<\/b><\/p><p><span style=\"font-weight: 400;\">O utilizador tem direito a:<\/span><\/p><ul><li style=\"font-weight: 400;\" aria-level=\"1\"><span style=\"font-weight: 400;\">Aceder aos seus dados.<\/span><\/li><li style=\"font-weight: 400;\" aria-level=\"1\"><span style=\"font-weight: 400;\">Solicitar a retifica\u00e7\u00e3o ou elimina\u00e7\u00e3o de dados inexatos ou desnecess\u00e1rios.<\/span><\/li><li style=\"font-weight: 400;\" aria-level=\"1\"><span style=\"font-weight: 400;\">Solicitar a limita\u00e7\u00e3o do tratamento.<\/span><\/li><li style=\"font-weight: 400;\" aria-level=\"1\"><span style=\"font-weight: 400;\">Solicitar a portabilidade dos seus dados.<\/span><\/li><li style=\"font-weight: 400;\" aria-level=\"1\"><span style=\"font-weight: 400;\">Opor-se ao tratamento dos seus dados. <\/span><\/li><li style=\"font-weight: 400;\" aria-level=\"1\"><span style=\"font-weight: 400;\">N\u00e3o ser sujeito a decis\u00f5es automatizadas que produzam efeitos legais significativos.<\/span><\/li><li style=\"font-weight: 400;\" aria-level=\"1\"><span style=\"font-weight: 400;\">Retirar o consentimento a qualquer momento, sem afetar a legalidade do tratamento anterior.<\/span><\/li><\/ul><p><br><br><\/p><p><b>EXERC\u00cdCIO DOS DIREITOS<\/b><\/p><p><span style=\"font-weight: 400;\">O utilizador pode exercer os seus direitos contactando o Cliente ou a DoGood atrav\u00e9s do endere\u00e7o postal indicado ou para<\/span> <a href=\"mailto:hola@dogoodpeople.com\"><span style=\"font-weight: 400;\">hola@dogoodpeople.com<\/span><\/a> <span style=\"font-weight: 400;\">.<\/span> <\/p><p><span style=\"font-weight: 400;\">Responderemos a sus peticiones a la mayor brevedad posible y, en todo caso, en el plazo de un mes desde la recepci\u00f3n de su solicitud. Dicho plazo podr\u00e1 prorrogarse otros dos meses en caso necesario, teniendo en cuenta la complejidad y el n\u00famero de solicitudes. En tal caso, DoGood informar\u00e1 al interesado de la pr\u00f3rroga dentro del primer mes desde la solicitud.  <\/span><\/p><p><span style=\"font-weight: 400;\">DoGood le informa que podr\u00e1 presentar reclamaci\u00f3n ante la Autoridad de Control competente en materia de protecci\u00f3n de datos, especialmente cuando no haya obtenido satisfacci\u00f3n en el ejercicio de sus derechos, a estos efectos debe dirigirse ante la Agencia Espa\u00f1ola de Protecci\u00f3n de Datos<\/span> <a href=\"www.aepd.es\"><span style=\"font-weight: 400;\">(www.aepd.es<\/span><\/a><span style=\"font-weight: 400;\">). Caso n\u00e3o obtenha resposta satisfat\u00f3ria, pode apresentar queixa \u00e0 Autoridade de Controlo competente, nomeadamente \u00e0 <\/span><a href=\"mailto:hola@dogoodpeople.com\"><span style=\"font-weight: 400;\">Ag\u00eancia Espanhola de Prote\u00e7\u00e3o de Dados (www.aepd.es)<\/span><\/a><span style=\"font-weight: 400;\">.<\/span><\/p><p><br><br><\/p><p><b>POL\u00cdTICA DE PRIVACIDADE ESPEC\u00cdFICA PARA DADOS BIOM\u00c9TRICOS<\/b><\/p><p><b>Adem\u00e1s de la pol\u00edtica de privacidad del programa, para el concreto tratamiento de datos biom\u00e9tricos se aplicar\u00e1n los siguientes t\u00e9rminos:<\/b><\/p><p> <\/p><ol><li><b> Introdu\u00e7\u00e3o<\/b><\/li><\/ol><p><span style=\"font-weight: 400;\">Ao utilizar a App DoGood, o utilizador pode ativar a autentica\u00e7\u00e3o biom\u00e9trica (reconhecimento facial ou impress\u00e3o digital) para aceder \u00e0 sua conta de forma segura. Ao ativar esta funcionalidade, aceita os seguintes termos. <\/span><\/p><p> <\/p><ol start=\"2\"><li><b> Utiliza\u00e7\u00e3o e tratamento dos dados biom\u00e9tricos<\/b><\/li><\/ol><p><span style=\"font-weight: 400;\">Os dados biom\u00e9tricos s\u00e3o usados exclusivamente para autentica\u00e7\u00e3o do utilizador e melhoria da seguran\u00e7a de acesso \u00e0 conta. <\/span><\/p><p> <\/p><ol start=\"3\"><li><b> Armazenamento dos dados<\/b><\/li><\/ol><p><span style=\"font-weight: 400;\">A DoGood n\u00e3o recolhe, armazena nem trata diretamente dados biom\u00e9tricos. Estes dados s\u00e3o guardados exclusivamente no dispositivo m\u00f3vel do utilizador e geridos pelo sistema operativo do mesmo.  <\/span><\/p><p> <\/p><ol start=\"4\"><li><b> Seguran\u00e7a<\/b><\/li><\/ol><p><span style=\"font-weight: 400;\">O utilizador \u00e9 respons\u00e1vel por manter a seguran\u00e7a do seu dispositivo. A DoGood n\u00e3o se responsabiliza por acessos n\u00e3o autorizados devido a perda, roubo ou uso indevido do dispositivo ou dos dados biom\u00e9tricos. <\/span><\/p><p> <\/p><ol start=\"5\"><li><b> Consentimento<\/b><\/li><\/ol><p><span style=\"font-weight: 400;\">Ao ativar a autentica\u00e7\u00e3o biom\u00e9trica, o utilizador consente que o sistema operativo utilize a sua informa\u00e7\u00e3o biom\u00e9trica para verificar a sua identidade. Pode desativar esta funcionalidade a qualquer momento nas defini\u00e7\u00f5es da App. <\/span><\/p>\t\t\t\t\t\t\t\t<\/div>\n\t\t\t\t<\/div>\n\t\t\t\t\t<\/div>\n\t\t<\/div>\n\t\t\t\t\t<\/div>\n\t\t<\/section>\n\t\t\t\t<\/div>\n\t\t","protected":false},"excerpt":{"rendered":"<p>INFORMA\u00c7\u00c3O B\u00c1SICA: O que \u00e9 este documento?\u00c9 um documento legal redigido para oferecer aos utilizadores [&hellip;]<\/p>\n","protected":false},"author":1,"featured_media":0,"parent":0,"menu_order":0,"comment_status":"closed","ping_status":"closed","template":"","meta":{"_acf_changed":false,"content-type":"","footnotes":""},"class_list":["post-33636","page","type-page","status-publish","hentry"],"acf":[],"yoast_head":"<!-- This site is optimized with the Yoast SEO Premium plugin v25.8 (Yoast SEO v27.5) - https:\/\/yoast.com\/product\/yoast-seo-premium-wordpress\/ -->\n<title>Pol\u00edtica de Privacidade da App - Gen\u00e9rica - DoGood People<\/title>\n<meta name=\"robots\" content=\"noindex, follow\" \/>\n<meta property=\"og:locale\" content=\"pt_PT\" \/>\n<meta property=\"og:type\" content=\"article\" \/>\n<meta property=\"og:title\" content=\"Pol\u00edtica de Privacidade da App - Gen\u00e9rica\" \/>\n<meta property=\"og:description\" content=\"INFORMA\u00c7\u00c3O B\u00c1SICA: O que \u00e9 este documento?\u00c9 um documento legal redigido para oferecer aos utilizadores [&hellip;]\" \/>\n<meta property=\"og:url\" content=\"https:\/\/www.dogoodpeople.com\/pt-pt\/politica-de-privacidade-da-app-generica\/\" \/>\n<meta property=\"og:site_name\" content=\"DoGood People\" \/>\n<meta property=\"article:modified_time\" content=\"2025-05-14T15:33:19+00:00\" \/>\n<meta property=\"og:image\" content=\"https:\/\/www.dogoodpeople.com\/wp-content\/uploads\/2022\/09\/logo_dogoodpeople_100.png\" \/>\n\t<meta property=\"og:image:width\" content=\"144\" \/>\n\t<meta property=\"og:image:height\" content=\"100\" \/>\n\t<meta property=\"og:image:type\" content=\"image\/png\" \/>\n<meta name=\"twitter:card\" content=\"summary_large_image\" \/>\n<meta name=\"twitter:label1\" content=\"Tempo estimado de leitura\" \/>\n\t<meta name=\"twitter:data1\" content=\"6 minutos\" \/>\n<script type=\"application\/ld+json\" class=\"yoast-schema-graph\">{\"@context\":\"https:\\\/\\\/schema.org\",\"@graph\":[{\"@type\":\"WebPage\",\"@id\":\"https:\\\/\\\/www.dogoodpeople.com\\\/pt-pt\\\/politica-de-privacidade-da-app-generica\\\/\",\"url\":\"https:\\\/\\\/www.dogoodpeople.com\\\/pt-pt\\\/politica-de-privacidade-da-app-generica\\\/\",\"name\":\"Pol\u00edtica de Privacidade da App - Gen\u00e9rica - DoGood People\",\"isPartOf\":{\"@id\":\"https:\\\/\\\/www.dogoodpeople.com\\\/pt-pt\\\/#website\"},\"datePublished\":\"2022-10-24T18:47:55+00:00\",\"dateModified\":\"2025-05-14T15:33:19+00:00\",\"breadcrumb\":{\"@id\":\"https:\\\/\\\/www.dogoodpeople.com\\\/pt-pt\\\/politica-de-privacidade-da-app-generica\\\/#breadcrumb\"},\"inLanguage\":\"pt-PT\",\"potentialAction\":[{\"@type\":\"ReadAction\",\"target\":[\"https:\\\/\\\/www.dogoodpeople.com\\\/pt-pt\\\/politica-de-privacidade-da-app-generica\\\/\"]}]},{\"@type\":\"BreadcrumbList\",\"@id\":\"https:\\\/\\\/www.dogoodpeople.com\\\/pt-pt\\\/politica-de-privacidade-da-app-generica\\\/#breadcrumb\",\"itemListElement\":[{\"@type\":\"ListItem\",\"position\":1,\"name\":\"Home\",\"item\":\"https:\\\/\\\/www.dogoodpeople.com\\\/pt-pt\\\/\"},{\"@type\":\"ListItem\",\"position\":2,\"name\":\"Pol\u00edtica de Privacidade da App &#8211; Gen\u00e9rica\"}]},{\"@type\":\"WebSite\",\"@id\":\"https:\\\/\\\/www.dogoodpeople.com\\\/pt-pt\\\/#website\",\"url\":\"https:\\\/\\\/www.dogoodpeople.com\\\/pt-pt\\\/\",\"name\":\"DoGood People\",\"description\":\"DoGood is the software that drives sustainable culture throughout the company involving their employees\",\"publisher\":{\"@id\":\"https:\\\/\\\/www.dogoodpeople.com\\\/pt-pt\\\/#organization\"},\"alternateName\":\"DoGood\",\"potentialAction\":[{\"@type\":\"SearchAction\",\"target\":{\"@type\":\"EntryPoint\",\"urlTemplate\":\"https:\\\/\\\/www.dogoodpeople.com\\\/pt-pt\\\/?s={search_term_string}\"},\"query-input\":{\"@type\":\"PropertyValueSpecification\",\"valueRequired\":true,\"valueName\":\"search_term_string\"}}],\"inLanguage\":\"pt-PT\"},{\"@type\":\"Organization\",\"@id\":\"https:\\\/\\\/www.dogoodpeople.com\\\/pt-pt\\\/#organization\",\"name\":\"DoGood People\",\"url\":\"https:\\\/\\\/www.dogoodpeople.com\\\/pt-pt\\\/\",\"logo\":{\"@type\":\"ImageObject\",\"inLanguage\":\"pt-PT\",\"@id\":\"https:\\\/\\\/www.dogoodpeople.com\\\/pt-pt\\\/#\\\/schema\\\/logo\\\/image\\\/\",\"url\":\"https:\\\/\\\/www.dogoodpeople.com\\\/wp-content\\\/uploads\\\/2022\\\/09\\\/Logo-DoGood-people.png\",\"contentUrl\":\"https:\\\/\\\/www.dogoodpeople.com\\\/wp-content\\\/uploads\\\/2022\\\/09\\\/Logo-DoGood-people.png\",\"width\":400,\"height\":280,\"caption\":\"DoGood People\"},\"image\":{\"@id\":\"https:\\\/\\\/www.dogoodpeople.com\\\/pt-pt\\\/#\\\/schema\\\/logo\\\/image\\\/\"},\"sameAs\":[\"https:\\\/\\\/www.linkedin.com\\\/company\\\/dogood\\\/\",\"https:\\\/\\\/www.instagram.com\\\/dogood_people\\\/\"]}]}<\/script>\n<!-- \/ Yoast SEO Premium plugin. -->","yoast_head_json":{"title":"Pol\u00edtica de Privacidade da App - Gen\u00e9rica - DoGood People","robots":{"index":"noindex","follow":"follow"},"og_locale":"pt_PT","og_type":"article","og_title":"Pol\u00edtica de Privacidade da App - Gen\u00e9rica","og_description":"INFORMA\u00c7\u00c3O B\u00c1SICA: O que \u00e9 este documento?\u00c9 um documento legal redigido para oferecer aos utilizadores [&hellip;]","og_url":"https:\/\/www.dogoodpeople.com\/pt-pt\/politica-de-privacidade-da-app-generica\/","og_site_name":"DoGood People","article_modified_time":"2025-05-14T15:33:19+00:00","og_image":[{"width":144,"height":100,"url":"https:\/\/www.dogoodpeople.com\/wp-content\/uploads\/2022\/09\/logo_dogoodpeople_100.png","type":"image\/png"}],"twitter_card":"summary_large_image","twitter_misc":{"Tempo estimado de leitura":"6 minutos"},"schema":{"@context":"https:\/\/schema.org","@graph":[{"@type":"WebPage","@id":"https:\/\/www.dogoodpeople.com\/pt-pt\/politica-de-privacidade-da-app-generica\/","url":"https:\/\/www.dogoodpeople.com\/pt-pt\/politica-de-privacidade-da-app-generica\/","name":"Pol\u00edtica de Privacidade da App - Gen\u00e9rica - DoGood People","isPartOf":{"@id":"https:\/\/www.dogoodpeople.com\/pt-pt\/#website"},"datePublished":"2022-10-24T18:47:55+00:00","dateModified":"2025-05-14T15:33:19+00:00","breadcrumb":{"@id":"https:\/\/www.dogoodpeople.com\/pt-pt\/politica-de-privacidade-da-app-generica\/#breadcrumb"},"inLanguage":"pt-PT","potentialAction":[{"@type":"ReadAction","target":["https:\/\/www.dogoodpeople.com\/pt-pt\/politica-de-privacidade-da-app-generica\/"]}]},{"@type":"BreadcrumbList","@id":"https:\/\/www.dogoodpeople.com\/pt-pt\/politica-de-privacidade-da-app-generica\/#breadcrumb","itemListElement":[{"@type":"ListItem","position":1,"name":"Home","item":"https:\/\/www.dogoodpeople.com\/pt-pt\/"},{"@type":"ListItem","position":2,"name":"Pol\u00edtica de Privacidade da App &#8211; Gen\u00e9rica"}]},{"@type":"WebSite","@id":"https:\/\/www.dogoodpeople.com\/pt-pt\/#website","url":"https:\/\/www.dogoodpeople.com\/pt-pt\/","name":"DoGood People","description":"DoGood is the software that drives sustainable culture throughout the company involving their employees","publisher":{"@id":"https:\/\/www.dogoodpeople.com\/pt-pt\/#organization"},"alternateName":"DoGood","potentialAction":[{"@type":"SearchAction","target":{"@type":"EntryPoint","urlTemplate":"https:\/\/www.dogoodpeople.com\/pt-pt\/?s={search_term_string}"},"query-input":{"@type":"PropertyValueSpecification","valueRequired":true,"valueName":"search_term_string"}}],"inLanguage":"pt-PT"},{"@type":"Organization","@id":"https:\/\/www.dogoodpeople.com\/pt-pt\/#organization","name":"DoGood People","url":"https:\/\/www.dogoodpeople.com\/pt-pt\/","logo":{"@type":"ImageObject","inLanguage":"pt-PT","@id":"https:\/\/www.dogoodpeople.com\/pt-pt\/#\/schema\/logo\/image\/","url":"https:\/\/www.dogoodpeople.com\/wp-content\/uploads\/2022\/09\/Logo-DoGood-people.png","contentUrl":"https:\/\/www.dogoodpeople.com\/wp-content\/uploads\/2022\/09\/Logo-DoGood-people.png","width":400,"height":280,"caption":"DoGood People"},"image":{"@id":"https:\/\/www.dogoodpeople.com\/pt-pt\/#\/schema\/logo\/image\/"},"sameAs":["https:\/\/www.linkedin.com\/company\/dogood\/","https:\/\/www.instagram.com\/dogood_people\/"]}]}},"_links":{"self":[{"href":"https:\/\/www.dogoodpeople.com\/pt-pt\/wp-json\/wp\/v2\/pages\/33636","targetHints":{"allow":["GET"]}}],"collection":[{"href":"https:\/\/www.dogoodpeople.com\/pt-pt\/wp-json\/wp\/v2\/pages"}],"about":[{"href":"https:\/\/www.dogoodpeople.com\/pt-pt\/wp-json\/wp\/v2\/types\/page"}],"author":[{"embeddable":true,"href":"https:\/\/www.dogoodpeople.com\/pt-pt\/wp-json\/wp\/v2\/users\/1"}],"replies":[{"embeddable":true,"href":"https:\/\/www.dogoodpeople.com\/pt-pt\/wp-json\/wp\/v2\/comments?post=33636"}],"version-history":[{"count":1,"href":"https:\/\/www.dogoodpeople.com\/pt-pt\/wp-json\/wp\/v2\/pages\/33636\/revisions"}],"predecessor-version":[{"id":33637,"href":"https:\/\/www.dogoodpeople.com\/pt-pt\/wp-json\/wp\/v2\/pages\/33636\/revisions\/33637"}],"wp:attachment":[{"href":"https:\/\/www.dogoodpeople.com\/pt-pt\/wp-json\/wp\/v2\/media?parent=33636"}],"curies":[{"name":"wp","href":"https:\/\/api.w.org\/{rel}","templated":true}]}}