{"id":17887,"date":"2022-09-14T23:12:53","date_gmt":"2022-09-14T21:12:53","guid":{"rendered":"https:\/\/www.dogoodpeople.com\/estabelecendo-objetivos-sustentaveis\/"},"modified":"2024-09-17T20:52:42","modified_gmt":"2024-09-17T18:52:42","slug":"estabelecendo-objetivos-sustentaveis","status":"publish","type":"page","link":"https:\/\/www.dogoodpeople.com\/pt-pt\/estabelecendo-objetivos-sustentaveis\/","title":{"rendered":"Estabelecendo objetivos sustent\u00e1veis"},"content":{"rendered":"\t\t<div data-elementor-type=\"wp-page\" data-elementor-id=\"17887\" class=\"elementor elementor-17887 elementor-11942\" data-elementor-post-type=\"page\">\n\t\t\t\t\t\t<section class=\"elementor-section elementor-top-section elementor-element elementor-element-d154153 elementor-section-stretched section-first-home elementor-section-height-min-height elementor-section-content-middle elementor-section-boxed elementor-section-height-default elementor-section-items-middle\" data-id=\"d154153\" data-element_type=\"section\" data-settings=\"{&quot;stretch_section&quot;:&quot;section-stretched&quot;}\">\n\t\t\t\t\t\t\t<div class=\"elementor-background-overlay\"><\/div>\n\t\t\t\t\t\t\t<div class=\"elementor-container elementor-column-gap-no\">\n\t\t\t\t\t<div class=\"elementor-column elementor-col-50 elementor-top-column elementor-element elementor-element-ef39f6a\" data-id=\"ef39f6a\" data-element_type=\"column\">\n\t\t\t<div class=\"elementor-widget-wrap elementor-element-populated\">\n\t\t\t\t\t\t<div class=\"elementor-element elementor-element-07afea7 elementor-hidden-desktop elementor-hidden-tablet elementor-widget elementor-widget-image\" data-id=\"07afea7\" data-element_type=\"widget\" data-widget_type=\"image.default\">\n\t\t\t\t<div class=\"elementor-widget-container\">\n\t\t\t\t\t\t\t\t\t\t\t\t\t\t\t<img fetchpriority=\"high\" decoding=\"async\" width=\"374\" height=\"396\" src=\"https:\/\/www.dogoodpeople.com\/wp-content\/uploads\/2022\/09\/fijar_objetivo_mob.jpg\" class=\"attachment-full size-full wp-image-16372\" alt=\"objetivos de sustentabilidade\" srcset=\"https:\/\/www.dogoodpeople.com\/wp-content\/uploads\/2022\/09\/fijar_objetivo_mob.jpg 374w, https:\/\/www.dogoodpeople.com\/wp-content\/uploads\/2022\/09\/fijar_objetivo_mob-283x300.jpg 283w\" sizes=\"(max-width: 374px) 100vw, 374px\" \/>\t\t\t\t\t\t\t\t\t\t\t\t\t\t\t<\/div>\n\t\t\t\t<\/div>\n\t\t\t\t<div class=\"elementor-element elementor-element-97ac8ef elementor-widget elementor-widget-heading\" data-id=\"97ac8ef\" data-element_type=\"widget\" data-widget_type=\"heading.default\">\n\t\t\t\t<div class=\"elementor-widget-container\">\n\t\t\t\t\t<h1 class=\"elementor-heading-title elementor-size-default\">Dever\u00e1 ser apenas uma pessoa respons\u00e1vel pela sustentabilidade em toda a organiza\u00e7\u00e3o?<\/h1>\t\t\t\t<\/div>\n\t\t\t\t<\/div>\n\t\t\t\t\t<\/div>\n\t\t<\/div>\n\t\t\t\t<div class=\"elementor-column elementor-col-50 elementor-top-column elementor-element elementor-element-de75442\" data-id=\"de75442\" data-element_type=\"column\">\n\t\t\t<div class=\"elementor-widget-wrap elementor-element-populated\">\n\t\t\t\t\t\t<div class=\"elementor-element elementor-element-a43b178 elementor-widget elementor-widget-video\" data-id=\"a43b178\" data-element_type=\"widget\" data-settings=\"{&quot;video_type&quot;:&quot;hosted&quot;,&quot;autoplay&quot;:&quot;yes&quot;,&quot;play_on_mobile&quot;:&quot;yes&quot;,&quot;mute&quot;:&quot;yes&quot;,&quot;loop&quot;:&quot;yes&quot;}\" data-widget_type=\"video.default\">\n\t\t\t\t<div class=\"elementor-widget-container\">\n\t\t\t\t\t\t\t<div class=\"e-hosted-video elementor-wrapper elementor-open-inline\">\n\t\t\t\t\t<video class=\"elementor-video\" src=\"https:\/\/www.dogoodpeople.com\/wp-content\/uploads\/2023\/04\/DoGoodPeople_Video-04-EN.webm\" autoplay=\"\" loop=\"\" muted=\"muted\" playsinline=\"\" controlsList=\"nodownload\"><\/video>\n\t\t\t\t<\/div>\n\t\t\t\t\t\t<\/div>\n\t\t\t\t<\/div>\n\t\t\t\t\t<\/div>\n\t\t<\/div>\n\t\t\t\t\t<\/div>\n\t\t<\/section>\n\t\t\t\t<section class=\"elementor-section elementor-top-section elementor-element elementor-element-be7f4fe elementor-section-boxed elementor-section-height-default elementor-section-height-default\" data-id=\"be7f4fe\" data-element_type=\"section\">\n\t\t\t\t\t\t<div class=\"elementor-container elementor-column-gap-default\">\n\t\t\t\t\t<div class=\"elementor-column elementor-col-50 elementor-top-column elementor-element elementor-element-11ea672\" data-id=\"11ea672\" data-element_type=\"column\">\n\t\t\t<div class=\"elementor-widget-wrap elementor-element-populated\">\n\t\t\t\t\t\t<div class=\"elementor-element elementor-element-c2edfb9 elementor-widget elementor-widget-video\" data-id=\"c2edfb9\" data-element_type=\"widget\" data-settings=\"{&quot;video_type&quot;:&quot;hosted&quot;,&quot;autoplay&quot;:&quot;yes&quot;,&quot;play_on_mobile&quot;:&quot;yes&quot;,&quot;mute&quot;:&quot;yes&quot;,&quot;loop&quot;:&quot;yes&quot;}\" data-widget_type=\"video.default\">\n\t\t\t\t<div class=\"elementor-widget-container\">\n\t\t\t\t\t\t\t<div class=\"e-hosted-video elementor-wrapper elementor-open-inline\">\n\t\t\t\t\t<video class=\"elementor-video\" src=\"https:\/\/www.dogoodpeople.com\/wp-content\/uploads\/2022\/12\/DoGoodPeople_Video-03-EN.mp4\" autoplay=\"\" loop=\"\" muted=\"muted\" playsinline=\"\" controlsList=\"nodownload\"><\/video>\n\t\t\t\t<\/div>\n\t\t\t\t\t\t<\/div>\n\t\t\t\t<\/div>\n\t\t\t\t\t<\/div>\n\t\t<\/div>\n\t\t\t\t<div class=\"elementor-column elementor-col-50 elementor-top-column elementor-element elementor-element-4451618\" data-id=\"4451618\" data-element_type=\"column\">\n\t\t\t<div class=\"elementor-widget-wrap elementor-element-populated\">\n\t\t\t\t\t\t<div class=\"elementor-element elementor-element-e01a27e elementor-widget elementor-widget-heading\" data-id=\"e01a27e\" data-element_type=\"widget\" data-widget_type=\"heading.default\">\n\t\t\t\t<div class=\"elementor-widget-container\">\n\t\t\t\t\t<h3 class=\"elementor-heading-title elementor-size-default\">Melhore a sustentabilidade da sua empresa anualmente envolvendo os seus colaboradores.<\/h3>\t\t\t\t<\/div>\n\t\t\t\t<\/div>\n\t\t\t\t<div class=\"elementor-element elementor-element-36c8bec elementor-widget elementor-widget-text-editor\" data-id=\"36c8bec\" data-element_type=\"widget\" data-widget_type=\"text-editor.default\">\n\t\t\t\t<div class=\"elementor-widget-container\">\n\t\t\t\t\t\t\t\t\t<p><strong>Repartindo o objetivo global da empresa por todos os colaboradores<br \/>.<\/strong> Estabelecendo objetivos sustent\u00e1veis anuais para cada pessoa<\/p>\t\t\t\t\t\t\t\t<\/div>\n\t\t\t\t<\/div>\n\t\t\t\t<div class=\"elementor-element elementor-element-454f1d0 elementor-widget elementor-widget-text-editor\" data-id=\"454f1d0\" data-element_type=\"widget\" data-widget_type=\"text-editor.default\">\n\t\t\t\t<div class=\"elementor-widget-container\">\n\t\t\t\t\t\t\t\t\t<p><strong>Criando equipas <br \/><\/strong>Definido objetivos de sustentabilidade anuais para cada um dos departamentos<\/p>\t\t\t\t\t\t\t\t<\/div>\n\t\t\t\t<\/div>\n\t\t\t\t<div class=\"elementor-element elementor-element-ed84a09 elementor-widget elementor-widget-text-editor\" data-id=\"ed84a09\" data-element_type=\"widget\" data-widget_type=\"text-editor.default\">\n\t\t\t\t<div class=\"elementor-widget-container\">\n\t\t\t\t\t\t\t\t\t<p><strong>Convertendo a sustentabilidade numa quest\u00e3o estrat\u00e9gica<br \/><\/strong>Com a DoGood a sustentabilidade \u00e9 transversal a toda a empresa.<\/p>\n\t\t\t\t\t\t\t\t<\/div>\n\t\t\t\t<\/div>\n\t\t\t\t\t<\/div>\n\t\t<\/div>\n\t\t\t\t\t<\/div>\n\t\t<\/section>\n\t\t\t\t<section class=\"elementor-section elementor-top-section elementor-element elementor-element-6fe6773 elementor-section-full_width elementor-section-height-default elementor-section-height-default\" data-id=\"6fe6773\" data-element_type=\"section\">\n\t\t\t\t\t\t<div class=\"elementor-container elementor-column-gap-no\">\n\t\t\t\t\t<div class=\"elementor-column elementor-col-100 elementor-top-column elementor-element elementor-element-3b93c3d\" data-id=\"3b93c3d\" data-element_type=\"column\">\n\t\t\t<div class=\"elementor-widget-wrap elementor-element-populated\">\n\t\t\t\t\t\t<div class=\"elementor-element elementor-element-8cbf7d5 elementor-widget elementor-widget-template\" data-id=\"8cbf7d5\" data-element_type=\"widget\" data-widget_type=\"template.default\">\n\t\t\t\t<div class=\"elementor-widget-container\">\n\t\t\t\t\t\t\t<div class=\"elementor-template\">\n\t\t\t\t\t<div data-elementor-type=\"section\" data-elementor-id=\"11707\" class=\"elementor elementor-11707\" data-elementor-post-type=\"elementor_library\">\n\t\t\t\t\t<section class=\"elementor-section elementor-top-section elementor-element elementor-element-cc1ff57 special-cta-footer elementor-section-boxed elementor-section-height-default elementor-section-height-default\" data-id=\"cc1ff57\" data-element_type=\"section\" data-settings=\"{&quot;background_background&quot;:&quot;classic&quot;}\">\n\t\t\t\t\t\t<div class=\"elementor-container elementor-column-gap-default\">\n\t\t\t\t\t<div class=\"elementor-column elementor-col-100 elementor-top-column elementor-element elementor-element-bbf496b\" data-id=\"bbf496b\" data-element_type=\"column\">\n\t\t\t<div class=\"elementor-widget-wrap elementor-element-populated\">\n\t\t\t\t\t\t<div class=\"elementor-element elementor-element-701eca0 elementor-widget elementor-widget-heading\" data-id=\"701eca0\" data-element_type=\"widget\" data-widget_type=\"heading.default\">\n\t\t\t\t<div class=\"elementor-widget-container\">\n\t\t\t\t\t<h4 class=\"elementor-heading-title elementor-size-default\">Do you want to know more about our software?<\/h4>\t\t\t\t<\/div>\n\t\t\t\t<\/div>\n\t\t\t\t<div class=\"elementor-element elementor-element-eed4144 elementor-widget elementor-widget-heading\" data-id=\"eed4144\" data-element_type=\"widget\" data-widget_type=\"heading.default\">\n\t\t\t\t<div class=\"elementor-widget-container\">\n\t\t\t\t\t<p class=\"elementor-heading-title elementor-size-default\">Take a look at our tool without any commitment.<\/p>\t\t\t\t<\/div>\n\t\t\t\t<\/div>\n\t\t\t\t<div class=\"elementor-element elementor-element-bb5bea4 elementor-align-center elementor-widget elementor-widget-button\" data-id=\"bb5bea4\" data-element_type=\"widget\" data-widget_type=\"button.default\">\n\t\t\t\t<div class=\"elementor-widget-container\">\n\t\t\t\t\t\t\t\t\t<div class=\"elementor-button-wrapper\">\n\t\t\t\t\t<a class=\"elementor-button elementor-button-link elementor-size-sm\" href=\"https:\/\/www.dogoodpeople.com\/contact\/\">\n\t\t\t\t\t\t<span class=\"elementor-button-content-wrapper\">\n\t\t\t\t\t\t\t\t\t<span class=\"elementor-button-text\">CONTACT<\/span>\n\t\t\t\t\t<\/span>\n\t\t\t\t\t<\/a>\n\t\t\t\t<\/div>\n\t\t\t\t\t\t\t\t<\/div>\n\t\t\t\t<\/div>\n\t\t\t\t\t<\/div>\n\t\t<\/div>\n\t\t\t\t\t<\/div>\n\t\t<\/section>\n\t\t\t\t<\/div>\n\t\t\t\t<\/div>\n\t\t\t\t\t\t<\/div>\n\t\t\t\t<\/div>\n\t\t\t\t\t<\/div>\n\t\t<\/div>\n\t\t\t\t\t<\/div>\n\t\t<\/section>\n\t\t\t\t<\/div>\n\t\t","protected":false},"excerpt":{"rendered":"<p>Dever\u00e1 ser apenas uma pessoa respons\u00e1vel pela sustentabilidade em toda a organiza\u00e7\u00e3o? https:\/\/www.dogoodpeople.com\/wp-content\/uploads\/2023\/04\/DoGoodPeople_Video-04-EN.webmhttps:\/\/www.dogoodpeople.com\/wp-content\/uploads\/2022\/12\/DoGoodPeople_Video-03-EN.mp4 Melhore a [&hellip;]<\/p>\n","protected":false},"author":1,"featured_media":0,"parent":0,"menu_order":0,"comment_status":"closed","ping_status":"closed","template":"","meta":{"_acf_changed":false,"content-type":"","footnotes":""},"class_list":["post-17887","page","type-page","status-publish","hentry"],"acf":[],"yoast_head":"<!-- This site is optimized with the Yoast SEO Premium plugin v25.8 (Yoast SEO v27.5) - https:\/\/yoast.com\/product\/yoast-seo-premium-wordpress\/ -->\n<title>Estabelecendo objetivos sustent\u00e1veis - DoGood People<\/title>\n<meta name=\"robots\" content=\"index, follow, max-snippet:-1, max-image-preview:large, max-video-preview:-1\" \/>\n<link rel=\"canonical\" href=\"https:\/\/www.dogoodpeople.com\/pt-pt\/estabelecendo-objetivos-sustentaveis\/\" \/>\n<meta property=\"og:locale\" content=\"pt_PT\" \/>\n<meta property=\"og:type\" content=\"article\" \/>\n<meta property=\"og:title\" content=\"Estabelecendo objetivos sustent\u00e1veis\" \/>\n<meta property=\"og:description\" content=\"Dever\u00e1 ser apenas uma pessoa respons\u00e1vel pela sustentabilidade em toda a organiza\u00e7\u00e3o? https:\/\/www.dogoodpeople.com\/wp-content\/uploads\/2023\/04\/DoGoodPeople_Video-04-EN.webmhttps:\/\/www.dogoodpeople.com\/wp-content\/uploads\/2022\/12\/DoGoodPeople_Video-03-EN.mp4 Melhore a [&hellip;]\" \/>\n<meta property=\"og:url\" content=\"https:\/\/www.dogoodpeople.com\/pt-pt\/estabelecendo-objetivos-sustentaveis\/\" \/>\n<meta property=\"og:site_name\" content=\"DoGood People\" \/>\n<meta property=\"article:modified_time\" content=\"2024-09-17T18:52:42+00:00\" \/>\n<meta property=\"og:image\" content=\"https:\/\/www.dogoodpeople.com\/wp-content\/uploads\/2022\/09\/fijar_objetivo_mob.jpg\" \/>\n<meta name=\"twitter:card\" content=\"summary_large_image\" \/>\n<meta name=\"twitter:label1\" content=\"Tempo estimado de leitura\" \/>\n\t<meta name=\"twitter:data1\" content=\"1 minuto\" \/>\n<script type=\"application\/ld+json\" class=\"yoast-schema-graph\">{\"@context\":\"https:\\\/\\\/schema.org\",\"@graph\":[{\"@type\":\"WebPage\",\"@id\":\"https:\\\/\\\/www.dogoodpeople.com\\\/pt-pt\\\/estabelecendo-objetivos-sustentaveis\\\/\",\"url\":\"https:\\\/\\\/www.dogoodpeople.com\\\/pt-pt\\\/estabelecendo-objetivos-sustentaveis\\\/\",\"name\":\"Estabelecendo objetivos sustent\u00e1veis - DoGood People\",\"isPartOf\":{\"@id\":\"https:\\\/\\\/www.dogoodpeople.com\\\/pt-pt\\\/#website\"},\"primaryImageOfPage\":{\"@id\":\"https:\\\/\\\/www.dogoodpeople.com\\\/pt-pt\\\/estabelecendo-objetivos-sustentaveis\\\/#primaryimage\"},\"image\":{\"@id\":\"https:\\\/\\\/www.dogoodpeople.com\\\/pt-pt\\\/estabelecendo-objetivos-sustentaveis\\\/#primaryimage\"},\"thumbnailUrl\":\"https:\\\/\\\/www.dogoodpeople.com\\\/wp-content\\\/uploads\\\/2022\\\/09\\\/fijar_objetivo_mob.jpg\",\"datePublished\":\"2022-09-14T21:12:53+00:00\",\"dateModified\":\"2024-09-17T18:52:42+00:00\",\"breadcrumb\":{\"@id\":\"https:\\\/\\\/www.dogoodpeople.com\\\/pt-pt\\\/estabelecendo-objetivos-sustentaveis\\\/#breadcrumb\"},\"inLanguage\":\"pt-PT\",\"potentialAction\":[{\"@type\":\"ReadAction\",\"target\":[\"https:\\\/\\\/www.dogoodpeople.com\\\/pt-pt\\\/estabelecendo-objetivos-sustentaveis\\\/\"]}]},{\"@type\":\"ImageObject\",\"inLanguage\":\"pt-PT\",\"@id\":\"https:\\\/\\\/www.dogoodpeople.com\\\/pt-pt\\\/estabelecendo-objetivos-sustentaveis\\\/#primaryimage\",\"url\":\"https:\\\/\\\/www.dogoodpeople.com\\\/wp-content\\\/uploads\\\/2022\\\/09\\\/fijar_objetivo_mob.jpg\",\"contentUrl\":\"https:\\\/\\\/www.dogoodpeople.com\\\/wp-content\\\/uploads\\\/2022\\\/09\\\/fijar_objetivo_mob.jpg\"},{\"@type\":\"BreadcrumbList\",\"@id\":\"https:\\\/\\\/www.dogoodpeople.com\\\/pt-pt\\\/estabelecendo-objetivos-sustentaveis\\\/#breadcrumb\",\"itemListElement\":[{\"@type\":\"ListItem\",\"position\":1,\"name\":\"Home\",\"item\":\"https:\\\/\\\/www.dogoodpeople.com\\\/pt-pt\\\/\"},{\"@type\":\"ListItem\",\"position\":2,\"name\":\"Estabelecendo objetivos sustent\u00e1veis\"}]},{\"@type\":\"WebSite\",\"@id\":\"https:\\\/\\\/www.dogoodpeople.com\\\/pt-pt\\\/#website\",\"url\":\"https:\\\/\\\/www.dogoodpeople.com\\\/pt-pt\\\/\",\"name\":\"DoGood People\",\"description\":\"DoGood is the software that drives sustainable culture throughout the company involving their employees\",\"publisher\":{\"@id\":\"https:\\\/\\\/www.dogoodpeople.com\\\/pt-pt\\\/#organization\"},\"alternateName\":\"DoGood\",\"potentialAction\":[{\"@type\":\"SearchAction\",\"target\":{\"@type\":\"EntryPoint\",\"urlTemplate\":\"https:\\\/\\\/www.dogoodpeople.com\\\/pt-pt\\\/?s={search_term_string}\"},\"query-input\":{\"@type\":\"PropertyValueSpecification\",\"valueRequired\":true,\"valueName\":\"search_term_string\"}}],\"inLanguage\":\"pt-PT\"},{\"@type\":\"Organization\",\"@id\":\"https:\\\/\\\/www.dogoodpeople.com\\\/pt-pt\\\/#organization\",\"name\":\"DoGood People\",\"url\":\"https:\\\/\\\/www.dogoodpeople.com\\\/pt-pt\\\/\",\"logo\":{\"@type\":\"ImageObject\",\"inLanguage\":\"pt-PT\",\"@id\":\"https:\\\/\\\/www.dogoodpeople.com\\\/pt-pt\\\/#\\\/schema\\\/logo\\\/image\\\/\",\"url\":\"https:\\\/\\\/www.dogoodpeople.com\\\/wp-content\\\/uploads\\\/2022\\\/09\\\/Logo-DoGood-people.png\",\"contentUrl\":\"https:\\\/\\\/www.dogoodpeople.com\\\/wp-content\\\/uploads\\\/2022\\\/09\\\/Logo-DoGood-people.png\",\"width\":400,\"height\":280,\"caption\":\"DoGood People\"},\"image\":{\"@id\":\"https:\\\/\\\/www.dogoodpeople.com\\\/pt-pt\\\/#\\\/schema\\\/logo\\\/image\\\/\"},\"sameAs\":[\"https:\\\/\\\/www.linkedin.com\\\/company\\\/dogood\\\/\",\"https:\\\/\\\/www.instagram.com\\\/dogood_people\\\/\"]}]}<\/script>\n<!-- \/ Yoast SEO Premium plugin. -->","yoast_head_json":{"title":"Estabelecendo objetivos sustent\u00e1veis - DoGood People","robots":{"index":"index","follow":"follow","max-snippet":"max-snippet:-1","max-image-preview":"max-image-preview:large","max-video-preview":"max-video-preview:-1"},"canonical":"https:\/\/www.dogoodpeople.com\/pt-pt\/estabelecendo-objetivos-sustentaveis\/","og_locale":"pt_PT","og_type":"article","og_title":"Estabelecendo objetivos sustent\u00e1veis","og_description":"Dever\u00e1 ser apenas uma pessoa respons\u00e1vel pela sustentabilidade em toda a organiza\u00e7\u00e3o? https:\/\/www.dogoodpeople.com\/wp-content\/uploads\/2023\/04\/DoGoodPeople_Video-04-EN.webmhttps:\/\/www.dogoodpeople.com\/wp-content\/uploads\/2022\/12\/DoGoodPeople_Video-03-EN.mp4 Melhore a [&hellip;]","og_url":"https:\/\/www.dogoodpeople.com\/pt-pt\/estabelecendo-objetivos-sustentaveis\/","og_site_name":"DoGood People","article_modified_time":"2024-09-17T18:52:42+00:00","og_image":[{"url":"https:\/\/www.dogoodpeople.com\/wp-content\/uploads\/2022\/09\/fijar_objetivo_mob.jpg","type":"","width":"","height":""}],"twitter_card":"summary_large_image","twitter_misc":{"Tempo estimado de leitura":"1 minuto"},"schema":{"@context":"https:\/\/schema.org","@graph":[{"@type":"WebPage","@id":"https:\/\/www.dogoodpeople.com\/pt-pt\/estabelecendo-objetivos-sustentaveis\/","url":"https:\/\/www.dogoodpeople.com\/pt-pt\/estabelecendo-objetivos-sustentaveis\/","name":"Estabelecendo objetivos sustent\u00e1veis - DoGood People","isPartOf":{"@id":"https:\/\/www.dogoodpeople.com\/pt-pt\/#website"},"primaryImageOfPage":{"@id":"https:\/\/www.dogoodpeople.com\/pt-pt\/estabelecendo-objetivos-sustentaveis\/#primaryimage"},"image":{"@id":"https:\/\/www.dogoodpeople.com\/pt-pt\/estabelecendo-objetivos-sustentaveis\/#primaryimage"},"thumbnailUrl":"https:\/\/www.dogoodpeople.com\/wp-content\/uploads\/2022\/09\/fijar_objetivo_mob.jpg","datePublished":"2022-09-14T21:12:53+00:00","dateModified":"2024-09-17T18:52:42+00:00","breadcrumb":{"@id":"https:\/\/www.dogoodpeople.com\/pt-pt\/estabelecendo-objetivos-sustentaveis\/#breadcrumb"},"inLanguage":"pt-PT","potentialAction":[{"@type":"ReadAction","target":["https:\/\/www.dogoodpeople.com\/pt-pt\/estabelecendo-objetivos-sustentaveis\/"]}]},{"@type":"ImageObject","inLanguage":"pt-PT","@id":"https:\/\/www.dogoodpeople.com\/pt-pt\/estabelecendo-objetivos-sustentaveis\/#primaryimage","url":"https:\/\/www.dogoodpeople.com\/wp-content\/uploads\/2022\/09\/fijar_objetivo_mob.jpg","contentUrl":"https:\/\/www.dogoodpeople.com\/wp-content\/uploads\/2022\/09\/fijar_objetivo_mob.jpg"},{"@type":"BreadcrumbList","@id":"https:\/\/www.dogoodpeople.com\/pt-pt\/estabelecendo-objetivos-sustentaveis\/#breadcrumb","itemListElement":[{"@type":"ListItem","position":1,"name":"Home","item":"https:\/\/www.dogoodpeople.com\/pt-pt\/"},{"@type":"ListItem","position":2,"name":"Estabelecendo objetivos sustent\u00e1veis"}]},{"@type":"WebSite","@id":"https:\/\/www.dogoodpeople.com\/pt-pt\/#website","url":"https:\/\/www.dogoodpeople.com\/pt-pt\/","name":"DoGood People","description":"DoGood is the software that drives sustainable culture throughout the company involving their employees","publisher":{"@id":"https:\/\/www.dogoodpeople.com\/pt-pt\/#organization"},"alternateName":"DoGood","potentialAction":[{"@type":"SearchAction","target":{"@type":"EntryPoint","urlTemplate":"https:\/\/www.dogoodpeople.com\/pt-pt\/?s={search_term_string}"},"query-input":{"@type":"PropertyValueSpecification","valueRequired":true,"valueName":"search_term_string"}}],"inLanguage":"pt-PT"},{"@type":"Organization","@id":"https:\/\/www.dogoodpeople.com\/pt-pt\/#organization","name":"DoGood People","url":"https:\/\/www.dogoodpeople.com\/pt-pt\/","logo":{"@type":"ImageObject","inLanguage":"pt-PT","@id":"https:\/\/www.dogoodpeople.com\/pt-pt\/#\/schema\/logo\/image\/","url":"https:\/\/www.dogoodpeople.com\/wp-content\/uploads\/2022\/09\/Logo-DoGood-people.png","contentUrl":"https:\/\/www.dogoodpeople.com\/wp-content\/uploads\/2022\/09\/Logo-DoGood-people.png","width":400,"height":280,"caption":"DoGood People"},"image":{"@id":"https:\/\/www.dogoodpeople.com\/pt-pt\/#\/schema\/logo\/image\/"},"sameAs":["https:\/\/www.linkedin.com\/company\/dogood\/","https:\/\/www.instagram.com\/dogood_people\/"]}]}},"_links":{"self":[{"href":"https:\/\/www.dogoodpeople.com\/pt-pt\/wp-json\/wp\/v2\/pages\/17887","targetHints":{"allow":["GET"]}}],"collection":[{"href":"https:\/\/www.dogoodpeople.com\/pt-pt\/wp-json\/wp\/v2\/pages"}],"about":[{"href":"https:\/\/www.dogoodpeople.com\/pt-pt\/wp-json\/wp\/v2\/types\/page"}],"author":[{"embeddable":true,"href":"https:\/\/www.dogoodpeople.com\/pt-pt\/wp-json\/wp\/v2\/users\/1"}],"replies":[{"embeddable":true,"href":"https:\/\/www.dogoodpeople.com\/pt-pt\/wp-json\/wp\/v2\/comments?post=17887"}],"version-history":[{"count":6,"href":"https:\/\/www.dogoodpeople.com\/pt-pt\/wp-json\/wp\/v2\/pages\/17887\/revisions"}],"predecessor-version":[{"id":29441,"href":"https:\/\/www.dogoodpeople.com\/pt-pt\/wp-json\/wp\/v2\/pages\/17887\/revisions\/29441"}],"wp:attachment":[{"href":"https:\/\/www.dogoodpeople.com\/pt-pt\/wp-json\/wp\/v2\/media?parent=17887"}],"curies":[{"name":"wp","href":"https:\/\/api.w.org\/{rel}","templated":true}]}}