{"id":21473,"date":"2023-06-26T12:59:54","date_gmt":"2023-06-26T10:59:54","guid":{"rendered":"https:\/\/www.dogoodpeople.com\/graham-packaging\/"},"modified":"2023-06-28T08:34:03","modified_gmt":"2023-06-28T06:34:03","slug":"graham-packaging","status":"publish","type":"page","link":"https:\/\/www.dogoodpeople.com\/fr\/graham-packaging\/","title":{"rendered":"Graham Packaging"},"content":{"rendered":"\t\t<div data-elementor-type=\"wp-page\" data-elementor-id=\"21473\" class=\"elementor elementor-21473 elementor-21470\" data-elementor-post-type=\"page\">\n\t\t\t\t\t\t<section class=\"elementor-section elementor-top-section elementor-element elementor-element-877aba1 elementor-section-full_width elementor-section-height-min-height elementor-section-items-stretch elementor-section-height-default\" data-id=\"877aba1\" data-element_type=\"section\" data-settings=\"{&quot;background_background&quot;:&quot;classic&quot;}\">\n\t\t\t\t\t\t\t<div class=\"elementor-background-overlay\"><\/div>\n\t\t\t\t\t\t\t<div class=\"elementor-container elementor-column-gap-no\">\n\t\t\t\t\t<div class=\"elementor-column elementor-col-100 elementor-top-column elementor-element elementor-element-95593ad\" data-id=\"95593ad\" data-element_type=\"column\">\n\t\t\t<div class=\"elementor-widget-wrap elementor-element-populated\">\n\t\t\t\t\t\t<div class=\"elementor-element elementor-element-df7fa8a elementor-widget elementor-widget-image\" data-id=\"df7fa8a\" data-element_type=\"widget\" data-widget_type=\"image.default\">\n\t\t\t\t<div class=\"elementor-widget-container\">\n\t\t\t\t\t\t\t\t\t\t\t\t\t\t\t<img decoding=\"async\" width=\"300\" height=\"92\" src=\"https:\/\/www.dogoodpeople.com\/wp-content\/uploads\/2023\/06\/Graham-Logo-Hor-Gradientat2x-1-300x92.png\" class=\"attachment-medium size-medium wp-image-21364\" alt=\"\" srcset=\"https:\/\/www.dogoodpeople.com\/wp-content\/uploads\/2023\/06\/Graham-Logo-Hor-Gradientat2x-1-300x92.png 300w, https:\/\/www.dogoodpeople.com\/wp-content\/uploads\/2023\/06\/Graham-Logo-Hor-Gradientat2x-1-1024x316.png 1024w, https:\/\/www.dogoodpeople.com\/wp-content\/uploads\/2023\/06\/Graham-Logo-Hor-Gradientat2x-1-768x237.png 768w, https:\/\/www.dogoodpeople.com\/wp-content\/uploads\/2023\/06\/Graham-Logo-Hor-Gradientat2x-1.png 1084w\" sizes=\"(max-width: 300px) 100vw, 300px\" \/>\t\t\t\t\t\t\t\t\t\t\t\t\t\t\t<\/div>\n\t\t\t\t<\/div>\n\t\t\t\t<div class=\"elementor-element elementor-element-6fa0e59 elementor-widget elementor-widget-heading\" data-id=\"6fa0e59\" data-element_type=\"widget\" data-widget_type=\"heading.default\">\n\t\t\t\t<div class=\"elementor-widget-container\">\n\t\t\t\t\t<h2 class=\"elementor-heading-title elementor-size-default\">Programme RSE de Graham Packaging<\/h2>\t\t\t\t<\/div>\n\t\t\t\t<\/div>\n\t\t\t\t<div class=\"elementor-element elementor-element-3a65579 elementor-widget elementor-widget-text-editor\" data-id=\"3a65579\" data-element_type=\"widget\" data-widget_type=\"text-editor.default\">\n\t\t\t\t<div class=\"elementor-widget-container\">\n\t\t\t\t\t\t\t\t\t<p><span data-sheets-value=\"{\" data-sheets-userformat=\"{\"><b>Graham Packaging vous invite \u00e0 participer \u00e0 un changement durable \u00e0 travers DoGood\u00a0<\/b><\/span><b style=\"color: var( --e-global-color-a5a3885 ); font-family: var( --e-global-typography-text-font-family ), Sans-serif; font-size: 1rem;\">\u00e0 partir du 19 juin.<\/b><\/p>\t\t\t\t\t\t\t\t<\/div>\n\t\t\t\t<\/div>\n\t\t\t\t<div class=\"elementor-element elementor-element-f32994a elementor-widget elementor-widget-shortcode\" data-id=\"f32994a\" data-element_type=\"widget\" data-widget_type=\"shortcode.default\">\n\t\t\t\t<div class=\"elementor-widget-container\">\n\t\t\t\t\t\t\t<div class=\"elementor-shortcode\"><script charset=\"utf-8\" type=\"text\/javascript\" src=\"\/\/js.hsforms.net\/forms\/embed\/v2.js\"><\/script>\n<script>\n  hbspt.forms.create({\n    region: \"na1\",\n    portalId: \"8379193\",\n    formId: \"fa975481-d903-496d-b7cb-07afb0396cf1\"\n  });\n<\/script><\/div>\n\t\t\t\t\t\t<\/div>\n\t\t\t\t<\/div>\n\t\t\t\t\t<\/div>\n\t\t<\/div>\n\t\t\t\t\t<\/div>\n\t\t<\/section>\n\t\t\t\t<section class=\"elementor-section elementor-top-section elementor-element elementor-element-4161ab7 elementor-section-boxed elementor-section-height-default elementor-section-height-default\" data-id=\"4161ab7\" data-element_type=\"section\">\n\t\t\t\t\t\t<div class=\"elementor-container elementor-column-gap-default\">\n\t\t\t\t\t<div class=\"elementor-column elementor-col-100 elementor-top-column elementor-element elementor-element-fc1a436\" data-id=\"fc1a436\" data-element_type=\"column\">\n\t\t\t<div class=\"elementor-widget-wrap elementor-element-populated\">\n\t\t\t\t\t\t<div class=\"elementor-element elementor-element-e752621 elementor-widget elementor-widget-heading\" data-id=\"e752621\" data-element_type=\"widget\" data-widget_type=\"heading.default\">\n\t\t\t\t<div class=\"elementor-widget-container\">\n\t\t\t\t\t<h2 class=\"elementor-heading-title elementor-size-xl\">Apprenez \u00e0 utiliser DoGood ici<\/h2>\t\t\t\t<\/div>\n\t\t\t\t<\/div>\n\t\t\t\t<div class=\"elementor-element elementor-element-0272f35 elementor-widget elementor-widget-text-editor\" data-id=\"0272f35\" data-element_type=\"widget\" data-widget_type=\"text-editor.default\">\n\t\t\t\t<div class=\"elementor-widget-container\">\n\t\t\t\t\t\t\t\t\t<p style=\"text-align: center;\"><span data-sheets-value=\"{\"1\":2,\"2\":\"Our main goal is to help you perform good actions in an easy way that doesn\u2019t get in your way. If you want to learn more about how DoGood works, you can check out our app guide:\"}\" data-sheets-userformat=\"{\"2\":4993,\"3\":{\"1\":0},\"10\":1,\"11\":4,\"12\":0,\"15\":\"Montserrat\"}\">Notre objectif principal est de vous aider \u00e0 r\u00e9aliser des actions faciles et b\u00e9n\u00e9fiques. Si vous voulez en savoir plus \u00e0 propos du fonctionnement de DoGood, vous pouvez v\u00e9rifier le guide de notre application:<\/span><\/p>\n\t\t\t\t\t\t\t\t<\/div>\n\t\t\t\t<\/div>\n\t\t\t\t<div class=\"elementor-element elementor-element-d3c7a9e elementor-align-center elementor-tablet-align-center elementor-widget elementor-widget-button\" data-id=\"d3c7a9e\" data-element_type=\"widget\" data-widget_type=\"button.default\">\n\t\t\t\t<div class=\"elementor-widget-container\">\n\t\t\t\t\t\t\t\t\t<div class=\"elementor-button-wrapper\">\n\t\t\t\t\t<a class=\"elementor-button elementor-button-link elementor-size-xl\" href=\"https:\/\/www.dogoodpeople.com\/wp-content\/uploads\/2023\/06\/DG_UserGuide_2023.pdf\">\n\t\t\t\t\t\t<span class=\"elementor-button-content-wrapper\">\n\t\t\t\t\t\t\t\t\t<span class=\"elementor-button-text\">Acc\u00e8s au guide de DoGood<\/span>\n\t\t\t\t\t<\/span>\n\t\t\t\t\t<\/a>\n\t\t\t\t<\/div>\n\t\t\t\t\t\t\t\t<\/div>\n\t\t\t\t<\/div>\n\t\t\t\t\t<\/div>\n\t\t<\/div>\n\t\t\t\t\t<\/div>\n\t\t<\/section>\n\t\t\t\t<section class=\"elementor-section elementor-top-section elementor-element elementor-element-3f9a2a6 elementor-section-full_width elementor-section-height-default elementor-section-height-default\" data-id=\"3f9a2a6\" data-element_type=\"section\">\n\t\t\t\t\t\t<div class=\"elementor-container elementor-column-gap-default\">\n\t\t\t\t\t<div class=\"elementor-column elementor-col-50 elementor-top-column elementor-element elementor-element-bdaa0e8\" data-id=\"bdaa0e8\" data-element_type=\"column\" data-settings=\"{&quot;background_background&quot;:&quot;classic&quot;}\">\n\t\t\t<div class=\"elementor-widget-wrap elementor-element-populated\">\n\t\t\t\t\t\t<div class=\"elementor-element elementor-element-eab1b7e elementor-widget elementor-widget-heading\" data-id=\"eab1b7e\" data-element_type=\"widget\" data-widget_type=\"heading.default\">\n\t\t\t\t<div class=\"elementor-widget-container\">\n\t\t\t\t\t<h2 class=\"elementor-heading-title elementor-size-default\">Comment marche DoGood?<\/h2>\t\t\t\t<\/div>\n\t\t\t\t<\/div>\n\t\t\t\t<div class=\"elementor-element elementor-element-12b5edf elementor-widget elementor-widget-text-editor\" data-id=\"12b5edf\" data-element_type=\"widget\" data-widget_type=\"text-editor.default\">\n\t\t\t\t<div class=\"elementor-widget-container\">\n\t\t\t\t\t\t\t\t\t<h5><strong><span style=\"color: #007c89;\">D\u00e9fis<\/span><\/strong><\/h5>\n<p>Choisissez les challenges que vous compl\u00e9terez pour construire une culture RSE facilement et en \u00e9tant pro-actif. Comme nous aimons dire : Apprenez en r\u00e9alisant.<\/p>\n<h5><strong><span style=\"color: #007c89;\">Mur<\/span><\/strong><\/h5>\n<p>Tous les d\u00e9fis seront valid\u00e9s par des photos ou des commentaires que vous posterez dans un fil d&rsquo;actualit\u00e9 priv\u00e9.<\/p>\n<h5><strong><span style=\"color: #007c89;\">Classement<\/span><\/strong><\/h5>\n<p>Pour chaque point gagn\u00e9, vous avancerez sur un classement social et serait en mesure de gagner diff\u00e9rents prix et\/ou r\u00e9connaissances pour vos efforts<\/p>\n<h5><strong><span style=\"color: #007c89;\">Impact<\/span><\/strong><\/h5>\n<p>G\u00e9n\u00e9rez un impact positif \u00e0 travers vos d\u00e9fis et apprenez comment chacune de vos actions peuvent nous amener vers un monde meilleur.<\/p>\n\t\t\t\t\t\t\t\t<\/div>\n\t\t\t\t<\/div>\n\t\t\t\t\t<\/div>\n\t\t<\/div>\n\t\t\t\t<div class=\"elementor-column elementor-col-50 elementor-top-column elementor-element elementor-element-5d0ea80\" data-id=\"5d0ea80\" data-element_type=\"column\" data-settings=\"{&quot;background_background&quot;:&quot;classic&quot;}\">\n\t\t\t<div class=\"elementor-widget-wrap elementor-element-populated\">\n\t\t\t\t\t\t<div class=\"elementor-element elementor-element-b2a7c5c elementor-widget__width-initial elementor-widget elementor-widget-video\" data-id=\"b2a7c5c\" data-element_type=\"widget\" data-settings=\"{&quot;video_type&quot;:&quot;hosted&quot;,&quot;autoplay&quot;:&quot;yes&quot;,&quot;play_on_mobile&quot;:&quot;yes&quot;,&quot;mute&quot;:&quot;yes&quot;,&quot;loop&quot;:&quot;yes&quot;}\" data-widget_type=\"video.default\">\n\t\t\t\t<div class=\"elementor-widget-container\">\n\t\t\t\t\t\t\t<div class=\"e-hosted-video elementor-wrapper elementor-open-inline\">\n\t\t\t\t\t<video class=\"elementor-video\" src=\"https:\/\/www.dogoodpeople.com\/wp-content\/uploads\/2023\/02\/DoGoodPeople_Video-01-EN.mp4\" autoplay=\"\" loop=\"\" muted=\"muted\" playsinline=\"\" controlsList=\"nodownload\"><\/video>\n\t\t\t\t<\/div>\n\t\t\t\t\t\t<\/div>\n\t\t\t\t<\/div>\n\t\t\t\t\t<\/div>\n\t\t<\/div>\n\t\t\t\t\t<\/div>\n\t\t<\/section>\n\t\t\t\t<\/div>\n\t\t","protected":false},"excerpt":{"rendered":"<p>Programme RSE de Graham Packaging Graham Packaging vous invite \u00e0 participer \u00e0 un changement durable [&hellip;]<\/p>\n","protected":false},"author":7,"featured_media":0,"parent":0,"menu_order":0,"comment_status":"closed","ping_status":"closed","template":"","meta":{"_acf_changed":false,"content-type":"","footnotes":""},"class_list":["post-21473","page","type-page","status-publish","hentry"],"acf":[],"yoast_head":"<!-- This site is optimized with the Yoast SEO Premium plugin v25.8 (Yoast SEO v27.4) - https:\/\/yoast.com\/product\/yoast-seo-premium-wordpress\/ -->\n<title>Graham Packaging - DoGoodPeople<\/title>\n<meta name=\"robots\" content=\"noindex, follow\" \/>\n<meta property=\"og:locale\" content=\"fr_FR\" \/>\n<meta property=\"og:type\" content=\"article\" \/>\n<meta property=\"og:title\" content=\"Graham Packaging\" \/>\n<meta property=\"og:description\" content=\"Programme RSE de Graham Packaging Graham Packaging vous invite \u00e0 participer \u00e0 un changement durable [&hellip;]\" \/>\n<meta property=\"og:url\" content=\"https:\/\/www.dogoodpeople.com\/fr\/graham-packaging\/\" \/>\n<meta property=\"og:site_name\" content=\"DoGoodPeople\" \/>\n<meta property=\"article:modified_time\" content=\"2023-06-28T06:34:03+00:00\" \/>\n<meta property=\"og:image\" content=\"https:\/\/www.dogoodpeople.com\/wp-content\/uploads\/2023\/06\/Graham-Logo-Hor-Gradientat2x-1-300x92.png\" \/>\n<meta name=\"twitter:card\" content=\"summary_large_image\" \/>\n<meta name=\"twitter:label1\" content=\"Dur\u00e9e de lecture estim\u00e9e\" \/>\n\t<meta name=\"twitter:data1\" content=\"2 minutes\" \/>\n<script type=\"application\/ld+json\" class=\"yoast-schema-graph\">{\"@context\":\"https:\\\/\\\/schema.org\",\"@graph\":[{\"@type\":\"WebPage\",\"@id\":\"https:\\\/\\\/www.dogoodpeople.com\\\/fr\\\/graham-packaging\\\/\",\"url\":\"https:\\\/\\\/www.dogoodpeople.com\\\/fr\\\/graham-packaging\\\/\",\"name\":\"Graham Packaging - DoGoodPeople\",\"isPartOf\":{\"@id\":\"https:\\\/\\\/www.dogoodpeople.com\\\/fr\\\/#website\"},\"primaryImageOfPage\":{\"@id\":\"https:\\\/\\\/www.dogoodpeople.com\\\/fr\\\/graham-packaging\\\/#primaryimage\"},\"image\":{\"@id\":\"https:\\\/\\\/www.dogoodpeople.com\\\/fr\\\/graham-packaging\\\/#primaryimage\"},\"thumbnailUrl\":\"https:\\\/\\\/www.dogoodpeople.com\\\/wp-content\\\/uploads\\\/2023\\\/06\\\/Graham-Logo-Hor-Gradientat2x-1-300x92.png\",\"datePublished\":\"2023-06-26T10:59:54+00:00\",\"dateModified\":\"2023-06-28T06:34:03+00:00\",\"breadcrumb\":{\"@id\":\"https:\\\/\\\/www.dogoodpeople.com\\\/fr\\\/graham-packaging\\\/#breadcrumb\"},\"inLanguage\":\"fr-FR\",\"potentialAction\":[{\"@type\":\"ReadAction\",\"target\":[\"https:\\\/\\\/www.dogoodpeople.com\\\/fr\\\/graham-packaging\\\/\"]}]},{\"@type\":\"ImageObject\",\"inLanguage\":\"fr-FR\",\"@id\":\"https:\\\/\\\/www.dogoodpeople.com\\\/fr\\\/graham-packaging\\\/#primaryimage\",\"url\":\"https:\\\/\\\/www.dogoodpeople.com\\\/wp-content\\\/uploads\\\/2023\\\/06\\\/Graham-Logo-Hor-Gradientat2x-1-300x92.png\",\"contentUrl\":\"https:\\\/\\\/www.dogoodpeople.com\\\/wp-content\\\/uploads\\\/2023\\\/06\\\/Graham-Logo-Hor-Gradientat2x-1-300x92.png\"},{\"@type\":\"BreadcrumbList\",\"@id\":\"https:\\\/\\\/www.dogoodpeople.com\\\/fr\\\/graham-packaging\\\/#breadcrumb\",\"itemListElement\":[{\"@type\":\"ListItem\",\"position\":1,\"name\":\"Home\",\"item\":\"https:\\\/\\\/www.dogoodpeople.com\\\/fr\\\/\"},{\"@type\":\"ListItem\",\"position\":2,\"name\":\"Graham Packaging\"}]},{\"@type\":\"WebSite\",\"@id\":\"https:\\\/\\\/www.dogoodpeople.com\\\/fr\\\/#website\",\"url\":\"https:\\\/\\\/www.dogoodpeople.com\\\/fr\\\/\",\"name\":\"DoGood People\",\"description\":\"DoGood est le logiciel qui promeut une culture durable dans toute l&#039;entreprise\",\"publisher\":{\"@id\":\"https:\\\/\\\/www.dogoodpeople.com\\\/fr\\\/#organization\"},\"alternateName\":\"DoGood\",\"potentialAction\":[{\"@type\":\"SearchAction\",\"target\":{\"@type\":\"EntryPoint\",\"urlTemplate\":\"https:\\\/\\\/www.dogoodpeople.com\\\/fr\\\/?s={search_term_string}\"},\"query-input\":{\"@type\":\"PropertyValueSpecification\",\"valueRequired\":true,\"valueName\":\"search_term_string\"}}],\"inLanguage\":\"fr-FR\"},{\"@type\":\"Organization\",\"@id\":\"https:\\\/\\\/www.dogoodpeople.com\\\/fr\\\/#organization\",\"name\":\"DoGood People\",\"url\":\"https:\\\/\\\/www.dogoodpeople.com\\\/fr\\\/\",\"logo\":{\"@type\":\"ImageObject\",\"inLanguage\":\"fr-FR\",\"@id\":\"https:\\\/\\\/www.dogoodpeople.com\\\/fr\\\/#\\\/schema\\\/logo\\\/image\\\/\",\"url\":\"https:\\\/\\\/www.dogoodpeople.com\\\/wp-content\\\/uploads\\\/2022\\\/09\\\/Logo-DoGood-people.png\",\"contentUrl\":\"https:\\\/\\\/www.dogoodpeople.com\\\/wp-content\\\/uploads\\\/2022\\\/09\\\/Logo-DoGood-people.png\",\"width\":400,\"height\":280,\"caption\":\"DoGood People\"},\"image\":{\"@id\":\"https:\\\/\\\/www.dogoodpeople.com\\\/fr\\\/#\\\/schema\\\/logo\\\/image\\\/\"},\"sameAs\":[\"https:\\\/\\\/www.linkedin.com\\\/company\\\/dogood\\\/\",\"https:\\\/\\\/www.instagram.com\\\/dogood_people\\\/\"]}]}<\/script>\n<!-- \/ Yoast SEO Premium plugin. -->","yoast_head_json":{"title":"Graham Packaging - DoGoodPeople","robots":{"index":"noindex","follow":"follow"},"og_locale":"fr_FR","og_type":"article","og_title":"Graham Packaging","og_description":"Programme RSE de Graham Packaging Graham Packaging vous invite \u00e0 participer \u00e0 un changement durable [&hellip;]","og_url":"https:\/\/www.dogoodpeople.com\/fr\/graham-packaging\/","og_site_name":"DoGoodPeople","article_modified_time":"2023-06-28T06:34:03+00:00","og_image":[{"url":"https:\/\/www.dogoodpeople.com\/wp-content\/uploads\/2023\/06\/Graham-Logo-Hor-Gradientat2x-1-300x92.png","type":"","width":"","height":""}],"twitter_card":"summary_large_image","twitter_misc":{"Dur\u00e9e de lecture estim\u00e9e":"2 minutes"},"schema":{"@context":"https:\/\/schema.org","@graph":[{"@type":"WebPage","@id":"https:\/\/www.dogoodpeople.com\/fr\/graham-packaging\/","url":"https:\/\/www.dogoodpeople.com\/fr\/graham-packaging\/","name":"Graham Packaging - DoGoodPeople","isPartOf":{"@id":"https:\/\/www.dogoodpeople.com\/fr\/#website"},"primaryImageOfPage":{"@id":"https:\/\/www.dogoodpeople.com\/fr\/graham-packaging\/#primaryimage"},"image":{"@id":"https:\/\/www.dogoodpeople.com\/fr\/graham-packaging\/#primaryimage"},"thumbnailUrl":"https:\/\/www.dogoodpeople.com\/wp-content\/uploads\/2023\/06\/Graham-Logo-Hor-Gradientat2x-1-300x92.png","datePublished":"2023-06-26T10:59:54+00:00","dateModified":"2023-06-28T06:34:03+00:00","breadcrumb":{"@id":"https:\/\/www.dogoodpeople.com\/fr\/graham-packaging\/#breadcrumb"},"inLanguage":"fr-FR","potentialAction":[{"@type":"ReadAction","target":["https:\/\/www.dogoodpeople.com\/fr\/graham-packaging\/"]}]},{"@type":"ImageObject","inLanguage":"fr-FR","@id":"https:\/\/www.dogoodpeople.com\/fr\/graham-packaging\/#primaryimage","url":"https:\/\/www.dogoodpeople.com\/wp-content\/uploads\/2023\/06\/Graham-Logo-Hor-Gradientat2x-1-300x92.png","contentUrl":"https:\/\/www.dogoodpeople.com\/wp-content\/uploads\/2023\/06\/Graham-Logo-Hor-Gradientat2x-1-300x92.png"},{"@type":"BreadcrumbList","@id":"https:\/\/www.dogoodpeople.com\/fr\/graham-packaging\/#breadcrumb","itemListElement":[{"@type":"ListItem","position":1,"name":"Home","item":"https:\/\/www.dogoodpeople.com\/fr\/"},{"@type":"ListItem","position":2,"name":"Graham Packaging"}]},{"@type":"WebSite","@id":"https:\/\/www.dogoodpeople.com\/fr\/#website","url":"https:\/\/www.dogoodpeople.com\/fr\/","name":"DoGood People","description":"DoGood est le logiciel qui promeut une culture durable dans toute l&#039;entreprise","publisher":{"@id":"https:\/\/www.dogoodpeople.com\/fr\/#organization"},"alternateName":"DoGood","potentialAction":[{"@type":"SearchAction","target":{"@type":"EntryPoint","urlTemplate":"https:\/\/www.dogoodpeople.com\/fr\/?s={search_term_string}"},"query-input":{"@type":"PropertyValueSpecification","valueRequired":true,"valueName":"search_term_string"}}],"inLanguage":"fr-FR"},{"@type":"Organization","@id":"https:\/\/www.dogoodpeople.com\/fr\/#organization","name":"DoGood People","url":"https:\/\/www.dogoodpeople.com\/fr\/","logo":{"@type":"ImageObject","inLanguage":"fr-FR","@id":"https:\/\/www.dogoodpeople.com\/fr\/#\/schema\/logo\/image\/","url":"https:\/\/www.dogoodpeople.com\/wp-content\/uploads\/2022\/09\/Logo-DoGood-people.png","contentUrl":"https:\/\/www.dogoodpeople.com\/wp-content\/uploads\/2022\/09\/Logo-DoGood-people.png","width":400,"height":280,"caption":"DoGood People"},"image":{"@id":"https:\/\/www.dogoodpeople.com\/fr\/#\/schema\/logo\/image\/"},"sameAs":["https:\/\/www.linkedin.com\/company\/dogood\/","https:\/\/www.instagram.com\/dogood_people\/"]}]}},"_links":{"self":[{"href":"https:\/\/www.dogoodpeople.com\/fr\/wp-json\/wp\/v2\/pages\/21473","targetHints":{"allow":["GET"]}}],"collection":[{"href":"https:\/\/www.dogoodpeople.com\/fr\/wp-json\/wp\/v2\/pages"}],"about":[{"href":"https:\/\/www.dogoodpeople.com\/fr\/wp-json\/wp\/v2\/types\/page"}],"author":[{"embeddable":true,"href":"https:\/\/www.dogoodpeople.com\/fr\/wp-json\/wp\/v2\/users\/7"}],"replies":[{"embeddable":true,"href":"https:\/\/www.dogoodpeople.com\/fr\/wp-json\/wp\/v2\/comments?post=21473"}],"version-history":[{"count":0,"href":"https:\/\/www.dogoodpeople.com\/fr\/wp-json\/wp\/v2\/pages\/21473\/revisions"}],"wp:attachment":[{"href":"https:\/\/www.dogoodpeople.com\/fr\/wp-json\/wp\/v2\/media?parent=21473"}],"curies":[{"name":"wp","href":"https:\/\/api.w.org\/{rel}","templated":true}]}}