{"id":13983,"date":"2022-09-14T23:12:53","date_gmt":"2022-09-14T21:12:53","guid":{"rendered":"https:\/\/www.dogoodpeople.com\/fixez-vous-des-objectifs-durables\/"},"modified":"2023-04-03T13:55:02","modified_gmt":"2023-04-03T11:55:02","slug":"fixez-vous-des-objectifs-durables","status":"publish","type":"page","link":"https:\/\/www.dogoodpeople.com\/fr\/fixez-vous-des-objectifs-durables\/","title":{"rendered":"Fixez-vous des objectifs durables"},"content":{"rendered":"\t\t<div data-elementor-type=\"wp-page\" data-elementor-id=\"13983\" class=\"elementor elementor-13983 elementor-11942\" data-elementor-post-type=\"page\">\n\t\t\t\t\t\t<section class=\"elementor-section elementor-top-section elementor-element elementor-element-d154153 elementor-section-stretched section-first-home elementor-section-height-min-height elementor-section-content-middle elementor-section-boxed elementor-section-height-default elementor-section-items-middle\" data-id=\"d154153\" data-element_type=\"section\" data-settings=\"{&quot;stretch_section&quot;:&quot;section-stretched&quot;}\">\n\t\t\t\t\t\t\t<div class=\"elementor-background-overlay\"><\/div>\n\t\t\t\t\t\t\t<div class=\"elementor-container elementor-column-gap-no\">\n\t\t\t\t\t<div class=\"elementor-column elementor-col-50 elementor-top-column elementor-element elementor-element-ef39f6a\" data-id=\"ef39f6a\" data-element_type=\"column\">\n\t\t\t<div class=\"elementor-widget-wrap elementor-element-populated\">\n\t\t\t\t\t\t<div class=\"elementor-element elementor-element-97ac8ef elementor-widget elementor-widget-heading\" data-id=\"97ac8ef\" data-element_type=\"widget\" data-widget_type=\"heading.default\">\n\t\t\t\t<div class=\"elementor-widget-container\">\n\t\t\t\t\t<h1 class=\"elementor-heading-title elementor-size-default\">Une seule personne peut-elle \u00eatre responsable de l'ensemble de l'impact d'une organisation ?<\/h1>\t\t\t\t<\/div>\n\t\t\t\t<\/div>\n\t\t\t\t\t<\/div>\n\t\t<\/div>\n\t\t\t\t<div class=\"elementor-column elementor-col-50 elementor-top-column elementor-element elementor-element-de75442\" data-id=\"de75442\" data-element_type=\"column\">\n\t\t\t<div class=\"elementor-widget-wrap elementor-element-populated\">\n\t\t\t\t\t\t<div class=\"elementor-element elementor-element-d68b95b elementor-widget elementor-widget-video\" data-id=\"d68b95b\" data-element_type=\"widget\" data-settings=\"{&quot;video_type&quot;:&quot;hosted&quot;,&quot;autoplay&quot;:&quot;yes&quot;,&quot;play_on_mobile&quot;:&quot;yes&quot;,&quot;mute&quot;:&quot;yes&quot;,&quot;loop&quot;:&quot;yes&quot;}\" data-widget_type=\"video.default\">\n\t\t\t\t<div class=\"elementor-widget-container\">\n\t\t\t\t\t\t\t<div class=\"e-hosted-video elementor-wrapper elementor-open-inline\">\n\t\t\t\t\t<video class=\"elementor-video\" src=\"https:\/\/www.dogoodpeople.com\/wp-content\/uploads\/2023\/04\/DoGoodPeople_Video-04-EN.webm\" autoplay=\"\" loop=\"\" muted=\"muted\" playsinline=\"\" controlsList=\"nodownload\"><\/video>\n\t\t\t\t<\/div>\n\t\t\t\t\t\t<\/div>\n\t\t\t\t<\/div>\n\t\t\t\t\t<\/div>\n\t\t<\/div>\n\t\t\t\t\t<\/div>\n\t\t<\/section>\n\t\t\t\t<section class=\"elementor-section elementor-top-section elementor-element elementor-element-be7f4fe elementor-section-boxed elementor-section-height-default elementor-section-height-default\" data-id=\"be7f4fe\" data-element_type=\"section\">\n\t\t\t\t\t\t<div class=\"elementor-container elementor-column-gap-default\">\n\t\t\t\t\t<div class=\"elementor-column elementor-col-50 elementor-top-column elementor-element elementor-element-11ea672\" data-id=\"11ea672\" data-element_type=\"column\">\n\t\t\t<div class=\"elementor-widget-wrap elementor-element-populated\">\n\t\t\t\t\t\t<div class=\"elementor-element elementor-element-a044ee0 elementor-widget elementor-widget-image\" data-id=\"a044ee0\" data-element_type=\"widget\" data-widget_type=\"image.default\">\n\t\t\t\t<div class=\"elementor-widget-container\">\n\t\t\t\t\t\t\t\t\t\t\t\t\t\t\t<img fetchpriority=\"high\" decoding=\"async\" width=\"600\" height=\"673\" src=\"https:\/\/www.dogoodpeople.com\/wp-content\/uploads\/2022\/10\/individual-grupo-empresa.jpg\" class=\"attachment-large size-large wp-image-14448\" alt=\"\" srcset=\"https:\/\/www.dogoodpeople.com\/wp-content\/uploads\/2022\/10\/individual-grupo-empresa.jpg 600w, https:\/\/www.dogoodpeople.com\/wp-content\/uploads\/2022\/10\/individual-grupo-empresa-267x300.jpg 267w\" sizes=\"(max-width: 600px) 100vw, 600px\" \/>\t\t\t\t\t\t\t\t\t\t\t\t\t\t\t<\/div>\n\t\t\t\t<\/div>\n\t\t\t\t\t<\/div>\n\t\t<\/div>\n\t\t\t\t<div class=\"elementor-column elementor-col-50 elementor-top-column elementor-element elementor-element-4451618\" data-id=\"4451618\" data-element_type=\"column\">\n\t\t\t<div class=\"elementor-widget-wrap elementor-element-populated\">\n\t\t\t\t\t\t<div class=\"elementor-element elementor-element-e01a27e elementor-widget elementor-widget-heading\" data-id=\"e01a27e\" data-element_type=\"widget\" data-widget_type=\"heading.default\">\n\t\t\t\t<div class=\"elementor-widget-container\">\n\t\t\t\t\t<h3 class=\"elementor-heading-title elementor-size-default\">Am\u00e9liorez la durabilit\u00e9 de votre entreprise ann\u00e9e apr\u00e8s ann\u00e9e impliquant vos employ\u00e9s.<\/h3>\t\t\t\t<\/div>\n\t\t\t\t<\/div>\n\t\t\t\t<div class=\"elementor-element elementor-element-36c8bec elementor-widget elementor-widget-text-editor\" data-id=\"36c8bec\" data-element_type=\"widget\" data-widget_type=\"text-editor.default\">\n\t\t\t\t<div class=\"elementor-widget-container\">\n\t\t\t\t\t\t\t\t\t<p><strong>Diffuser l&rsquo;objectif global de l&rsquo;entreprise parmi tous les employ\u00e9s<br \/><\/strong> Fixez des objectifs durables annuels pour chaque personne.<\/p>\n\t\t\t\t\t\t\t\t<\/div>\n\t\t\t\t<\/div>\n\t\t\t\t<div class=\"elementor-element elementor-element-454f1d0 elementor-widget elementor-widget-text-editor\" data-id=\"454f1d0\" data-element_type=\"widget\" data-widget_type=\"text-editor.default\">\n\t\t\t\t<div class=\"elementor-widget-container\">\n\t\t\t\t\t\t\t\t\t<p><strong>Cr\u00e9er des \u00e9quipes<br \/><\/strong> Fixer des objectifs durables pour chacun des d\u00e9partements.<\/p>\n\t\t\t\t\t\t\t\t<\/div>\n\t\t\t\t<\/div>\n\t\t\t\t<div class=\"elementor-element elementor-element-ed84a09 elementor-widget elementor-widget-text-editor\" data-id=\"ed84a09\" data-element_type=\"widget\" data-widget_type=\"text-editor.default\">\n\t\t\t\t<div class=\"elementor-widget-container\">\n\t\t\t\t\t\t\t\t\t<p><strong>Faire de la durabilit\u00e9 un aspect strat\u00e9gique<br \/><\/strong> Avec Dogood, la durabilit\u00e9 est transversale dans toute l&rsquo;entreprise<\/p>\n\t\t\t\t\t\t\t\t<\/div>\n\t\t\t\t<\/div>\n\t\t\t\t\t<\/div>\n\t\t<\/div>\n\t\t\t\t\t<\/div>\n\t\t<\/section>\n\t\t\t\t<section class=\"elementor-section elementor-top-section elementor-element elementor-element-6fe6773 elementor-section-full_width elementor-section-height-default elementor-section-height-default\" data-id=\"6fe6773\" data-element_type=\"section\">\n\t\t\t\t\t\t<div class=\"elementor-container elementor-column-gap-no\">\n\t\t\t\t\t<div class=\"elementor-column elementor-col-100 elementor-top-column elementor-element elementor-element-3b93c3d\" data-id=\"3b93c3d\" data-element_type=\"column\">\n\t\t\t<div class=\"elementor-widget-wrap elementor-element-populated\">\n\t\t\t\t\t\t<div class=\"elementor-element elementor-element-8cbf7d5 elementor-widget elementor-widget-template\" data-id=\"8cbf7d5\" data-element_type=\"widget\" data-widget_type=\"template.default\">\n\t\t\t\t<div class=\"elementor-widget-container\">\n\t\t\t\t\t\t\t<div class=\"elementor-template\">\n\t\t\t\t\t<div data-elementor-type=\"section\" data-elementor-id=\"24463\" class=\"elementor elementor-24463 elementor-11707\" data-elementor-post-type=\"elementor_library\">\n\t\t\t\t\t<section class=\"elementor-section elementor-top-section elementor-element elementor-element-cc1ff57 special-cta-footer elementor-section-boxed elementor-section-height-default elementor-section-height-default\" data-id=\"cc1ff57\" data-element_type=\"section\" data-settings=\"{&quot;background_background&quot;:&quot;classic&quot;}\">\n\t\t\t\t\t\t<div class=\"elementor-container elementor-column-gap-default\">\n\t\t\t\t\t<div class=\"elementor-column elementor-col-100 elementor-top-column elementor-element elementor-element-bbf496b\" data-id=\"bbf496b\" data-element_type=\"column\">\n\t\t\t<div class=\"elementor-widget-wrap elementor-element-populated\">\n\t\t\t\t\t\t<div class=\"elementor-element elementor-element-701eca0 elementor-widget elementor-widget-heading\" data-id=\"701eca0\" data-element_type=\"widget\" data-widget_type=\"heading.default\">\n\t\t\t\t<div class=\"elementor-widget-container\">\n\t\t\t\t\t<h4 class=\"elementor-heading-title elementor-size-default\">Vous voulez en savoir plus sur nos logiciels?<\/h4>\t\t\t\t<\/div>\n\t\t\t\t<\/div>\n\t\t\t\t<div class=\"elementor-element elementor-element-eed4144 elementor-widget elementor-widget-heading\" data-id=\"eed4144\" data-element_type=\"widget\" data-widget_type=\"heading.default\">\n\t\t\t\t<div class=\"elementor-widget-container\">\n\t\t\t\t\t<p class=\"elementor-heading-title elementor-size-default\">D\u00e9couvrez notre outil sans aucun engagement.<\/p>\t\t\t\t<\/div>\n\t\t\t\t<\/div>\n\t\t\t\t<div class=\"elementor-element elementor-element-bb5bea4 elementor-align-center elementor-widget elementor-widget-button\" data-id=\"bb5bea4\" data-element_type=\"widget\" data-widget_type=\"button.default\">\n\t\t\t\t<div class=\"elementor-widget-container\">\n\t\t\t\t\t\t\t\t\t<div class=\"elementor-button-wrapper\">\n\t\t\t\t\t<a class=\"elementor-button elementor-button-link elementor-size-sm\" href=\"https:\/\/www.dogoodpeople.com\/contact\/\">\n\t\t\t\t\t\t<span class=\"elementor-button-content-wrapper\">\n\t\t\t\t\t\t\t\t\t<span class=\"elementor-button-text\">CONTACT<\/span>\n\t\t\t\t\t<\/span>\n\t\t\t\t\t<\/a>\n\t\t\t\t<\/div>\n\t\t\t\t\t\t\t\t<\/div>\n\t\t\t\t<\/div>\n\t\t\t\t\t<\/div>\n\t\t<\/div>\n\t\t\t\t\t<\/div>\n\t\t<\/section>\n\t\t\t\t<\/div>\n\t\t\t\t<\/div>\n\t\t\t\t\t\t<\/div>\n\t\t\t\t<\/div>\n\t\t\t\t\t<\/div>\n\t\t<\/div>\n\t\t\t\t\t<\/div>\n\t\t<\/section>\n\t\t\t\t<\/div>\n\t\t","protected":false},"excerpt":{"rendered":"<p>Une seule personne peut-elle \u00eatre responsable de l&rsquo;ensemble de l&rsquo;impact d&rsquo;une organisation ? https:\/\/www.dogoodpeople.com\/wp-content\/uploads\/2023\/04\/DoGoodPeople_Video-04-EN.webm Am\u00e9liorez [&hellip;]<\/p>\n","protected":false},"author":1,"featured_media":0,"parent":0,"menu_order":0,"comment_status":"closed","ping_status":"closed","template":"","meta":{"_acf_changed":false,"content-type":"","footnotes":""},"class_list":["post-13983","page","type-page","status-publish","hentry"],"acf":[],"yoast_head":"<!-- This site is optimized with the Yoast SEO Premium plugin v25.8 (Yoast SEO v27.5) - https:\/\/yoast.com\/product\/yoast-seo-premium-wordpress\/ -->\n<title>Fixez-vous des objectifs durables - DoGoodPeople<\/title>\n<meta name=\"robots\" content=\"index, follow, max-snippet:-1, max-image-preview:large, max-video-preview:-1\" \/>\n<link rel=\"canonical\" href=\"https:\/\/www.dogoodpeople.com\/fr\/fixez-vous-des-objectifs-durables\/\" \/>\n<meta property=\"og:locale\" content=\"fr_FR\" \/>\n<meta property=\"og:type\" content=\"article\" \/>\n<meta property=\"og:title\" content=\"Fixez-vous des objectifs durables\" \/>\n<meta property=\"og:description\" content=\"Une seule personne peut-elle \u00eatre responsable de l&rsquo;ensemble de l&rsquo;impact d&rsquo;une organisation ? https:\/\/www.dogoodpeople.com\/wp-content\/uploads\/2023\/04\/DoGoodPeople_Video-04-EN.webm Am\u00e9liorez [&hellip;]\" \/>\n<meta property=\"og:url\" content=\"https:\/\/www.dogoodpeople.com\/fr\/fixez-vous-des-objectifs-durables\/\" \/>\n<meta property=\"og:site_name\" content=\"DoGoodPeople\" \/>\n<meta property=\"article:modified_time\" content=\"2023-04-03T11:55:02+00:00\" \/>\n<meta property=\"og:image\" content=\"https:\/\/www.dogoodpeople.com\/wp-content\/uploads\/2022\/10\/individual-grupo-empresa.jpg\" \/>\n<meta name=\"twitter:card\" content=\"summary_large_image\" \/>\n<meta name=\"twitter:label1\" content=\"Dur\u00e9e de lecture estim\u00e9e\" \/>\n\t<meta name=\"twitter:data1\" content=\"1 minute\" \/>\n<script type=\"application\/ld+json\" class=\"yoast-schema-graph\">{\"@context\":\"https:\\\/\\\/schema.org\",\"@graph\":[{\"@type\":\"WebPage\",\"@id\":\"https:\\\/\\\/www.dogoodpeople.com\\\/fr\\\/fixez-vous-des-objectifs-durables\\\/\",\"url\":\"https:\\\/\\\/www.dogoodpeople.com\\\/fr\\\/fixez-vous-des-objectifs-durables\\\/\",\"name\":\"Fixez-vous des objectifs durables - DoGoodPeople\",\"isPartOf\":{\"@id\":\"https:\\\/\\\/www.dogoodpeople.com\\\/fr\\\/#website\"},\"primaryImageOfPage\":{\"@id\":\"https:\\\/\\\/www.dogoodpeople.com\\\/fr\\\/fixez-vous-des-objectifs-durables\\\/#primaryimage\"},\"image\":{\"@id\":\"https:\\\/\\\/www.dogoodpeople.com\\\/fr\\\/fixez-vous-des-objectifs-durables\\\/#primaryimage\"},\"thumbnailUrl\":\"https:\\\/\\\/www.dogoodpeople.com\\\/wp-content\\\/uploads\\\/2022\\\/10\\\/individual-grupo-empresa.jpg\",\"datePublished\":\"2022-09-14T21:12:53+00:00\",\"dateModified\":\"2023-04-03T11:55:02+00:00\",\"breadcrumb\":{\"@id\":\"https:\\\/\\\/www.dogoodpeople.com\\\/fr\\\/fixez-vous-des-objectifs-durables\\\/#breadcrumb\"},\"inLanguage\":\"fr-FR\",\"potentialAction\":[{\"@type\":\"ReadAction\",\"target\":[\"https:\\\/\\\/www.dogoodpeople.com\\\/fr\\\/fixez-vous-des-objectifs-durables\\\/\"]}]},{\"@type\":\"ImageObject\",\"inLanguage\":\"fr-FR\",\"@id\":\"https:\\\/\\\/www.dogoodpeople.com\\\/fr\\\/fixez-vous-des-objectifs-durables\\\/#primaryimage\",\"url\":\"https:\\\/\\\/www.dogoodpeople.com\\\/wp-content\\\/uploads\\\/2022\\\/10\\\/individual-grupo-empresa.jpg\",\"contentUrl\":\"https:\\\/\\\/www.dogoodpeople.com\\\/wp-content\\\/uploads\\\/2022\\\/10\\\/individual-grupo-empresa.jpg\"},{\"@type\":\"BreadcrumbList\",\"@id\":\"https:\\\/\\\/www.dogoodpeople.com\\\/fr\\\/fixez-vous-des-objectifs-durables\\\/#breadcrumb\",\"itemListElement\":[{\"@type\":\"ListItem\",\"position\":1,\"name\":\"Home\",\"item\":\"https:\\\/\\\/www.dogoodpeople.com\\\/fr\\\/\"},{\"@type\":\"ListItem\",\"position\":2,\"name\":\"Fixez-vous des objectifs durables\"}]},{\"@type\":\"WebSite\",\"@id\":\"https:\\\/\\\/www.dogoodpeople.com\\\/fr\\\/#website\",\"url\":\"https:\\\/\\\/www.dogoodpeople.com\\\/fr\\\/\",\"name\":\"DoGood People\",\"description\":\"DoGood est le logiciel qui promeut une culture durable dans toute l&#039;entreprise\",\"publisher\":{\"@id\":\"https:\\\/\\\/www.dogoodpeople.com\\\/fr\\\/#organization\"},\"alternateName\":\"DoGood\",\"potentialAction\":[{\"@type\":\"SearchAction\",\"target\":{\"@type\":\"EntryPoint\",\"urlTemplate\":\"https:\\\/\\\/www.dogoodpeople.com\\\/fr\\\/?s={search_term_string}\"},\"query-input\":{\"@type\":\"PropertyValueSpecification\",\"valueRequired\":true,\"valueName\":\"search_term_string\"}}],\"inLanguage\":\"fr-FR\"},{\"@type\":\"Organization\",\"@id\":\"https:\\\/\\\/www.dogoodpeople.com\\\/fr\\\/#organization\",\"name\":\"DoGood People\",\"url\":\"https:\\\/\\\/www.dogoodpeople.com\\\/fr\\\/\",\"logo\":{\"@type\":\"ImageObject\",\"inLanguage\":\"fr-FR\",\"@id\":\"https:\\\/\\\/www.dogoodpeople.com\\\/fr\\\/#\\\/schema\\\/logo\\\/image\\\/\",\"url\":\"https:\\\/\\\/www.dogoodpeople.com\\\/wp-content\\\/uploads\\\/2022\\\/09\\\/Logo-DoGood-people.png\",\"contentUrl\":\"https:\\\/\\\/www.dogoodpeople.com\\\/wp-content\\\/uploads\\\/2022\\\/09\\\/Logo-DoGood-people.png\",\"width\":400,\"height\":280,\"caption\":\"DoGood People\"},\"image\":{\"@id\":\"https:\\\/\\\/www.dogoodpeople.com\\\/fr\\\/#\\\/schema\\\/logo\\\/image\\\/\"},\"sameAs\":[\"https:\\\/\\\/www.linkedin.com\\\/company\\\/dogood\\\/\",\"https:\\\/\\\/www.instagram.com\\\/dogood_people\\\/\"]}]}<\/script>\n<!-- \/ Yoast SEO Premium plugin. -->","yoast_head_json":{"title":"Fixez-vous des objectifs durables - DoGoodPeople","robots":{"index":"index","follow":"follow","max-snippet":"max-snippet:-1","max-image-preview":"max-image-preview:large","max-video-preview":"max-video-preview:-1"},"canonical":"https:\/\/www.dogoodpeople.com\/fr\/fixez-vous-des-objectifs-durables\/","og_locale":"fr_FR","og_type":"article","og_title":"Fixez-vous des objectifs durables","og_description":"Une seule personne peut-elle \u00eatre responsable de l&rsquo;ensemble de l&rsquo;impact d&rsquo;une organisation ? https:\/\/www.dogoodpeople.com\/wp-content\/uploads\/2023\/04\/DoGoodPeople_Video-04-EN.webm Am\u00e9liorez [&hellip;]","og_url":"https:\/\/www.dogoodpeople.com\/fr\/fixez-vous-des-objectifs-durables\/","og_site_name":"DoGoodPeople","article_modified_time":"2023-04-03T11:55:02+00:00","og_image":[{"url":"https:\/\/www.dogoodpeople.com\/wp-content\/uploads\/2022\/10\/individual-grupo-empresa.jpg","type":"","width":"","height":""}],"twitter_card":"summary_large_image","twitter_misc":{"Dur\u00e9e de lecture estim\u00e9e":"1 minute"},"schema":{"@context":"https:\/\/schema.org","@graph":[{"@type":"WebPage","@id":"https:\/\/www.dogoodpeople.com\/fr\/fixez-vous-des-objectifs-durables\/","url":"https:\/\/www.dogoodpeople.com\/fr\/fixez-vous-des-objectifs-durables\/","name":"Fixez-vous des objectifs durables - DoGoodPeople","isPartOf":{"@id":"https:\/\/www.dogoodpeople.com\/fr\/#website"},"primaryImageOfPage":{"@id":"https:\/\/www.dogoodpeople.com\/fr\/fixez-vous-des-objectifs-durables\/#primaryimage"},"image":{"@id":"https:\/\/www.dogoodpeople.com\/fr\/fixez-vous-des-objectifs-durables\/#primaryimage"},"thumbnailUrl":"https:\/\/www.dogoodpeople.com\/wp-content\/uploads\/2022\/10\/individual-grupo-empresa.jpg","datePublished":"2022-09-14T21:12:53+00:00","dateModified":"2023-04-03T11:55:02+00:00","breadcrumb":{"@id":"https:\/\/www.dogoodpeople.com\/fr\/fixez-vous-des-objectifs-durables\/#breadcrumb"},"inLanguage":"fr-FR","potentialAction":[{"@type":"ReadAction","target":["https:\/\/www.dogoodpeople.com\/fr\/fixez-vous-des-objectifs-durables\/"]}]},{"@type":"ImageObject","inLanguage":"fr-FR","@id":"https:\/\/www.dogoodpeople.com\/fr\/fixez-vous-des-objectifs-durables\/#primaryimage","url":"https:\/\/www.dogoodpeople.com\/wp-content\/uploads\/2022\/10\/individual-grupo-empresa.jpg","contentUrl":"https:\/\/www.dogoodpeople.com\/wp-content\/uploads\/2022\/10\/individual-grupo-empresa.jpg"},{"@type":"BreadcrumbList","@id":"https:\/\/www.dogoodpeople.com\/fr\/fixez-vous-des-objectifs-durables\/#breadcrumb","itemListElement":[{"@type":"ListItem","position":1,"name":"Home","item":"https:\/\/www.dogoodpeople.com\/fr\/"},{"@type":"ListItem","position":2,"name":"Fixez-vous des objectifs durables"}]},{"@type":"WebSite","@id":"https:\/\/www.dogoodpeople.com\/fr\/#website","url":"https:\/\/www.dogoodpeople.com\/fr\/","name":"DoGood People","description":"DoGood est le logiciel qui promeut une culture durable dans toute l&#039;entreprise","publisher":{"@id":"https:\/\/www.dogoodpeople.com\/fr\/#organization"},"alternateName":"DoGood","potentialAction":[{"@type":"SearchAction","target":{"@type":"EntryPoint","urlTemplate":"https:\/\/www.dogoodpeople.com\/fr\/?s={search_term_string}"},"query-input":{"@type":"PropertyValueSpecification","valueRequired":true,"valueName":"search_term_string"}}],"inLanguage":"fr-FR"},{"@type":"Organization","@id":"https:\/\/www.dogoodpeople.com\/fr\/#organization","name":"DoGood People","url":"https:\/\/www.dogoodpeople.com\/fr\/","logo":{"@type":"ImageObject","inLanguage":"fr-FR","@id":"https:\/\/www.dogoodpeople.com\/fr\/#\/schema\/logo\/image\/","url":"https:\/\/www.dogoodpeople.com\/wp-content\/uploads\/2022\/09\/Logo-DoGood-people.png","contentUrl":"https:\/\/www.dogoodpeople.com\/wp-content\/uploads\/2022\/09\/Logo-DoGood-people.png","width":400,"height":280,"caption":"DoGood People"},"image":{"@id":"https:\/\/www.dogoodpeople.com\/fr\/#\/schema\/logo\/image\/"},"sameAs":["https:\/\/www.linkedin.com\/company\/dogood\/","https:\/\/www.instagram.com\/dogood_people\/"]}]}},"_links":{"self":[{"href":"https:\/\/www.dogoodpeople.com\/fr\/wp-json\/wp\/v2\/pages\/13983","targetHints":{"allow":["GET"]}}],"collection":[{"href":"https:\/\/www.dogoodpeople.com\/fr\/wp-json\/wp\/v2\/pages"}],"about":[{"href":"https:\/\/www.dogoodpeople.com\/fr\/wp-json\/wp\/v2\/types\/page"}],"author":[{"embeddable":true,"href":"https:\/\/www.dogoodpeople.com\/fr\/wp-json\/wp\/v2\/users\/1"}],"replies":[{"embeddable":true,"href":"https:\/\/www.dogoodpeople.com\/fr\/wp-json\/wp\/v2\/comments?post=13983"}],"version-history":[{"count":0,"href":"https:\/\/www.dogoodpeople.com\/fr\/wp-json\/wp\/v2\/pages\/13983\/revisions"}],"wp:attachment":[{"href":"https:\/\/www.dogoodpeople.com\/fr\/wp-json\/wp\/v2\/media?parent=13983"}],"curies":[{"name":"wp","href":"https:\/\/api.w.org\/{rel}","templated":true}]}}