{"id":38511,"date":"2025-10-16T12:06:42","date_gmt":"2025-10-16T10:06:42","guid":{"rendered":"https:\/\/www.dogoodpeople.com\/?page_id=38511"},"modified":"2025-10-16T12:36:33","modified_gmt":"2025-10-16T10:36:33","slug":"formulario-challenge-xmas-pdf","status":"publish","type":"page","link":"https:\/\/www.dogoodpeople.com\/es\/formulario-challenge-xmas-pdf\/","title":{"rendered":"Formulario Challenge Xmas PDF"},"content":{"rendered":"\t\t<div data-elementor-type=\"wp-page\" data-elementor-id=\"38511\" class=\"elementor elementor-38511\" data-elementor-post-type=\"page\">\n\t\t\t\t\t\t<section class=\"elementor-section elementor-top-section elementor-element elementor-element-f7f9976 elementor-section-boxed elementor-section-height-default elementor-section-height-default\" data-id=\"f7f9976\" data-element_type=\"section\">\n\t\t\t\t\t\t<div class=\"elementor-container elementor-column-gap-default\">\n\t\t\t\t\t<div class=\"elementor-column elementor-col-50 elementor-top-column elementor-element elementor-element-8a8ee3d\" data-id=\"8a8ee3d\" data-element_type=\"column\">\n\t\t\t<div class=\"elementor-widget-wrap elementor-element-populated\">\n\t\t\t\t\t\t<div class=\"elementor-element elementor-element-cdee5fa elementor-widget elementor-widget-spacer\" data-id=\"cdee5fa\" data-element_type=\"widget\" data-widget_type=\"spacer.default\">\n\t\t\t\t<div class=\"elementor-widget-container\">\n\t\t\t\t\t\t\t<div class=\"elementor-spacer\">\n\t\t\t<div class=\"elementor-spacer-inner\"><\/div>\n\t\t<\/div>\n\t\t\t\t\t\t<\/div>\n\t\t\t\t<\/div>\n\t\t\t\t<div class=\"elementor-element elementor-element-613f1fd elementor-widget elementor-widget-heading\" data-id=\"613f1fd\" data-element_type=\"widget\" data-widget_type=\"heading.default\">\n\t\t\t\t<div class=\"elementor-widget-container\">\n\t\t\t\t\t<h2 class=\"elementor-heading-title elementor-size-default\">\ud83c\udf84 Descubre todo sobre el Challenge Xmas<\/h2>\t\t\t\t<\/div>\n\t\t\t\t<\/div>\n\t\t\t\t<div class=\"elementor-element elementor-element-6cf2e61 elementor-widget elementor-widget-text-editor\" data-id=\"6cf2e61\" data-element_type=\"widget\" data-widget_type=\"text-editor.default\">\n\t\t\t\t<div class=\"elementor-widget-container\">\n\t\t\t\t\t\t\t\t\t<p>Descarga la gu\u00eda completa y conoce c\u00f3mo funciona nuestro programa navide\u00f1o <strong data-start=\"234\" data-end=\"252\">Challenge Xmas<\/strong>, una experiencia para vivir unas fiestas m\u00e1s sostenibles, solidarias y con prop\u00f3sito.<\/p>\t\t\t\t\t\t\t\t<\/div>\n\t\t\t\t<\/div>\n\t\t\t\t<div class=\"elementor-element elementor-element-7dfe358 elementor-widget elementor-widget-shortcode\" data-id=\"7dfe358\" data-element_type=\"widget\" data-widget_type=\"shortcode.default\">\n\t\t\t\t<div class=\"elementor-widget-container\">\n\t\t\t\t\t\t\t<div class=\"elementor-shortcode\"><script charset=\"utf-8\" type=\"text\/javascript\" src=\"\/\/js.hsforms.net\/forms\/embed\/v2.js\"><\/script>\n<script>\n  hbspt.forms.create({\n    portalId: \"8379193\",\n    formId: \"61affb29-8025-477b-9304-ef868efca3cb\",\n    region: \"na1\"\n  });\n<\/script><\/div>\n\t\t\t\t\t\t<\/div>\n\t\t\t\t<\/div>\n\t\t\t\t\t<\/div>\n\t\t<\/div>\n\t\t\t\t<div class=\"elementor-column elementor-col-50 elementor-top-column elementor-element elementor-element-ee7ddca\" data-id=\"ee7ddca\" data-element_type=\"column\">\n\t\t\t<div class=\"elementor-widget-wrap elementor-element-populated\">\n\t\t\t\t\t\t<div class=\"elementor-element elementor-element-a8afd0a elementor-widget elementor-widget-image\" data-id=\"a8afd0a\" data-element_type=\"widget\" data-widget_type=\"image.default\">\n\t\t\t\t<div class=\"elementor-widget-container\">\n\t\t\t\t\t\t\t\t\t\t\t\t\t\t\t<img fetchpriority=\"high\" decoding=\"async\" width=\"683\" height=\"1024\" src=\"https:\/\/www.dogoodpeople.com\/wp-content\/uploads\/2025\/10\/ChatGPT-Image-16-oct-2025-12_18_58-683x1024.png\" class=\"attachment-large size-large wp-image-38514\" alt=\"challenge xmas pdf\" srcset=\"https:\/\/www.dogoodpeople.com\/wp-content\/uploads\/2025\/10\/ChatGPT-Image-16-oct-2025-12_18_58-683x1024.png 683w, https:\/\/www.dogoodpeople.com\/wp-content\/uploads\/2025\/10\/ChatGPT-Image-16-oct-2025-12_18_58-200x300.png 200w, https:\/\/www.dogoodpeople.com\/wp-content\/uploads\/2025\/10\/ChatGPT-Image-16-oct-2025-12_18_58-768x1152.png 768w, https:\/\/www.dogoodpeople.com\/wp-content\/uploads\/2025\/10\/ChatGPT-Image-16-oct-2025-12_18_58.png 1024w\" sizes=\"(max-width: 683px) 100vw, 683px\" \/>\t\t\t\t\t\t\t\t\t\t\t\t\t\t\t<\/div>\n\t\t\t\t<\/div>\n\t\t\t\t\t<\/div>\n\t\t<\/div>\n\t\t\t\t\t<\/div>\n\t\t<\/section>\n\t\t\t\t<\/div>\n\t\t","protected":false},"excerpt":{"rendered":"<p>\ud83c\udf84 Descubre todo sobre el Challenge Xmas Descarga la gu\u00eda completa y conoce c\u00f3mo funciona [&hellip;]<\/p>\n","protected":false},"author":7,"featured_media":0,"parent":0,"menu_order":0,"comment_status":"closed","ping_status":"closed","template":"","meta":{"_acf_changed":false,"content-type":"","footnotes":""},"class_list":["post-38511","page","type-page","status-publish","hentry"],"acf":[],"yoast_head":"<!-- This site is optimized with the Yoast SEO Premium plugin v25.8 (Yoast SEO v27.4) - https:\/\/yoast.com\/product\/yoast-seo-premium-wordpress\/ -->\n<title>Challenge Xmas PDF - DoGood People<\/title>\n<meta name=\"description\" content=\"Descarga el PDF con toda la informaci\u00f3n relevante del DoGood Challenge Xmas. Empieza el 24 de noviembre, \u00a1reserva tuplaza ahora!\" \/>\n<meta name=\"robots\" content=\"noindex, nofollow\" \/>\n<meta property=\"og:locale\" content=\"es_ES\" \/>\n<meta property=\"og:type\" content=\"article\" \/>\n<meta property=\"og:title\" content=\"Formulario Challenge Xmas PDF\" \/>\n<meta property=\"og:description\" content=\"Descarga el PDF con toda la informaci\u00f3n relevante del DoGood Challenge Xmas. Empieza el 24 de noviembre, \u00a1reserva tuplaza ahora!\" \/>\n<meta property=\"og:url\" content=\"https:\/\/www.dogoodpeople.com\/es\/formulario-challenge-xmas-pdf\/\" \/>\n<meta property=\"og:site_name\" content=\"DoGood People\" \/>\n<meta property=\"article:modified_time\" content=\"2025-10-16T10:36:33+00:00\" \/>\n<meta property=\"og:image\" content=\"https:\/\/www.dogoodpeople.com\/wp-content\/uploads\/2025\/10\/ChatGPT-Image-16-oct-2025-12_18_58-683x1024.png\" \/>\n\t<meta property=\"og:image:width\" content=\"683\" \/>\n\t<meta property=\"og:image:height\" content=\"1024\" \/>\n\t<meta property=\"og:image:type\" content=\"image\/png\" \/>\n<meta name=\"twitter:card\" content=\"summary_large_image\" \/>\n<meta name=\"twitter:label1\" content=\"Tiempo de lectura\" \/>\n\t<meta name=\"twitter:data1\" content=\"1 minuto\" \/>\n<script type=\"application\/ld+json\" class=\"yoast-schema-graph\">{\"@context\":\"https:\\\/\\\/schema.org\",\"@graph\":[{\"@type\":\"WebPage\",\"@id\":\"https:\\\/\\\/www.dogoodpeople.com\\\/es\\\/formulario-challenge-xmas-pdf\\\/\",\"url\":\"https:\\\/\\\/www.dogoodpeople.com\\\/es\\\/formulario-challenge-xmas-pdf\\\/\",\"name\":\"Challenge Xmas PDF - DoGood People\",\"isPartOf\":{\"@id\":\"https:\\\/\\\/www.dogoodpeople.com\\\/es\\\/#website\"},\"primaryImageOfPage\":{\"@id\":\"https:\\\/\\\/www.dogoodpeople.com\\\/es\\\/formulario-challenge-xmas-pdf\\\/#primaryimage\"},\"image\":{\"@id\":\"https:\\\/\\\/www.dogoodpeople.com\\\/es\\\/formulario-challenge-xmas-pdf\\\/#primaryimage\"},\"thumbnailUrl\":\"https:\\\/\\\/www.dogoodpeople.com\\\/wp-content\\\/uploads\\\/2025\\\/10\\\/ChatGPT-Image-16-oct-2025-12_18_58-683x1024.png\",\"datePublished\":\"2025-10-16T10:06:42+00:00\",\"dateModified\":\"2025-10-16T10:36:33+00:00\",\"description\":\"Descarga el PDF con toda la informaci\u00f3n relevante del DoGood Challenge Xmas. Empieza el 24 de noviembre, \u00a1reserva tuplaza ahora!\",\"breadcrumb\":{\"@id\":\"https:\\\/\\\/www.dogoodpeople.com\\\/es\\\/formulario-challenge-xmas-pdf\\\/#breadcrumb\"},\"inLanguage\":\"es\",\"potentialAction\":[{\"@type\":\"ReadAction\",\"target\":[\"https:\\\/\\\/www.dogoodpeople.com\\\/es\\\/formulario-challenge-xmas-pdf\\\/\"]}]},{\"@type\":\"ImageObject\",\"inLanguage\":\"es\",\"@id\":\"https:\\\/\\\/www.dogoodpeople.com\\\/es\\\/formulario-challenge-xmas-pdf\\\/#primaryimage\",\"url\":\"https:\\\/\\\/www.dogoodpeople.com\\\/wp-content\\\/uploads\\\/2025\\\/10\\\/ChatGPT-Image-16-oct-2025-12_18_58-683x1024.png\",\"contentUrl\":\"https:\\\/\\\/www.dogoodpeople.com\\\/wp-content\\\/uploads\\\/2025\\\/10\\\/ChatGPT-Image-16-oct-2025-12_18_58-683x1024.png\"},{\"@type\":\"BreadcrumbList\",\"@id\":\"https:\\\/\\\/www.dogoodpeople.com\\\/es\\\/formulario-challenge-xmas-pdf\\\/#breadcrumb\",\"itemListElement\":[{\"@type\":\"ListItem\",\"position\":1,\"name\":\"Home\",\"item\":\"https:\\\/\\\/www.dogoodpeople.com\\\/es\\\/\"},{\"@type\":\"ListItem\",\"position\":2,\"name\":\"Formulario Challenge Xmas PDF\"}]},{\"@type\":\"WebSite\",\"@id\":\"https:\\\/\\\/www.dogoodpeople.com\\\/es\\\/#website\",\"url\":\"https:\\\/\\\/www.dogoodpeople.com\\\/es\\\/\",\"name\":\"DoGood People\",\"description\":\"Software para digitalizar el impacto ESG de los empleados y mejorar la reputaci\u00f3n sostenible de las empresas.\",\"publisher\":{\"@id\":\"https:\\\/\\\/www.dogoodpeople.com\\\/es\\\/#organization\"},\"alternateName\":\"DoGood\",\"potentialAction\":[{\"@type\":\"SearchAction\",\"target\":{\"@type\":\"EntryPoint\",\"urlTemplate\":\"https:\\\/\\\/www.dogoodpeople.com\\\/es\\\/?s={search_term_string}\"},\"query-input\":{\"@type\":\"PropertyValueSpecification\",\"valueRequired\":true,\"valueName\":\"search_term_string\"}}],\"inLanguage\":\"es\"},{\"@type\":\"Organization\",\"@id\":\"https:\\\/\\\/www.dogoodpeople.com\\\/es\\\/#organization\",\"name\":\"DoGood People\",\"url\":\"https:\\\/\\\/www.dogoodpeople.com\\\/es\\\/\",\"logo\":{\"@type\":\"ImageObject\",\"inLanguage\":\"es\",\"@id\":\"https:\\\/\\\/www.dogoodpeople.com\\\/es\\\/#\\\/schema\\\/logo\\\/image\\\/\",\"url\":\"https:\\\/\\\/www.dogoodpeople.com\\\/wp-content\\\/uploads\\\/2022\\\/09\\\/Logo-DoGood-people.png\",\"contentUrl\":\"https:\\\/\\\/www.dogoodpeople.com\\\/wp-content\\\/uploads\\\/2022\\\/09\\\/Logo-DoGood-people.png\",\"width\":400,\"height\":280,\"caption\":\"DoGood People\"},\"image\":{\"@id\":\"https:\\\/\\\/www.dogoodpeople.com\\\/es\\\/#\\\/schema\\\/logo\\\/image\\\/\"},\"sameAs\":[\"https:\\\/\\\/www.linkedin.com\\\/company\\\/dogood\\\/\",\"https:\\\/\\\/www.instagram.com\\\/dogood_people\\\/\"]}]}<\/script>\n<!-- \/ Yoast SEO Premium plugin. -->","yoast_head_json":{"title":"Challenge Xmas PDF - DoGood People","description":"Descarga el PDF con toda la informaci\u00f3n relevante del DoGood Challenge Xmas. Empieza el 24 de noviembre, \u00a1reserva tuplaza ahora!","robots":{"index":"noindex","follow":"nofollow"},"og_locale":"es_ES","og_type":"article","og_title":"Formulario Challenge Xmas PDF","og_description":"Descarga el PDF con toda la informaci\u00f3n relevante del DoGood Challenge Xmas. Empieza el 24 de noviembre, \u00a1reserva tuplaza ahora!","og_url":"https:\/\/www.dogoodpeople.com\/es\/formulario-challenge-xmas-pdf\/","og_site_name":"DoGood People","article_modified_time":"2025-10-16T10:36:33+00:00","og_image":[{"width":683,"height":1024,"url":"https:\/\/www.dogoodpeople.com\/wp-content\/uploads\/2025\/10\/ChatGPT-Image-16-oct-2025-12_18_58-683x1024.png","type":"image\/png"}],"twitter_card":"summary_large_image","twitter_misc":{"Tiempo de lectura":"1 minuto"},"schema":{"@context":"https:\/\/schema.org","@graph":[{"@type":"WebPage","@id":"https:\/\/www.dogoodpeople.com\/es\/formulario-challenge-xmas-pdf\/","url":"https:\/\/www.dogoodpeople.com\/es\/formulario-challenge-xmas-pdf\/","name":"Challenge Xmas PDF - DoGood People","isPartOf":{"@id":"https:\/\/www.dogoodpeople.com\/es\/#website"},"primaryImageOfPage":{"@id":"https:\/\/www.dogoodpeople.com\/es\/formulario-challenge-xmas-pdf\/#primaryimage"},"image":{"@id":"https:\/\/www.dogoodpeople.com\/es\/formulario-challenge-xmas-pdf\/#primaryimage"},"thumbnailUrl":"https:\/\/www.dogoodpeople.com\/wp-content\/uploads\/2025\/10\/ChatGPT-Image-16-oct-2025-12_18_58-683x1024.png","datePublished":"2025-10-16T10:06:42+00:00","dateModified":"2025-10-16T10:36:33+00:00","description":"Descarga el PDF con toda la informaci\u00f3n relevante del DoGood Challenge Xmas. Empieza el 24 de noviembre, \u00a1reserva tuplaza ahora!","breadcrumb":{"@id":"https:\/\/www.dogoodpeople.com\/es\/formulario-challenge-xmas-pdf\/#breadcrumb"},"inLanguage":"es","potentialAction":[{"@type":"ReadAction","target":["https:\/\/www.dogoodpeople.com\/es\/formulario-challenge-xmas-pdf\/"]}]},{"@type":"ImageObject","inLanguage":"es","@id":"https:\/\/www.dogoodpeople.com\/es\/formulario-challenge-xmas-pdf\/#primaryimage","url":"https:\/\/www.dogoodpeople.com\/wp-content\/uploads\/2025\/10\/ChatGPT-Image-16-oct-2025-12_18_58-683x1024.png","contentUrl":"https:\/\/www.dogoodpeople.com\/wp-content\/uploads\/2025\/10\/ChatGPT-Image-16-oct-2025-12_18_58-683x1024.png"},{"@type":"BreadcrumbList","@id":"https:\/\/www.dogoodpeople.com\/es\/formulario-challenge-xmas-pdf\/#breadcrumb","itemListElement":[{"@type":"ListItem","position":1,"name":"Home","item":"https:\/\/www.dogoodpeople.com\/es\/"},{"@type":"ListItem","position":2,"name":"Formulario Challenge Xmas PDF"}]},{"@type":"WebSite","@id":"https:\/\/www.dogoodpeople.com\/es\/#website","url":"https:\/\/www.dogoodpeople.com\/es\/","name":"DoGood People","description":"Software para digitalizar el impacto ESG de los empleados y mejorar la reputaci\u00f3n sostenible de las empresas.","publisher":{"@id":"https:\/\/www.dogoodpeople.com\/es\/#organization"},"alternateName":"DoGood","potentialAction":[{"@type":"SearchAction","target":{"@type":"EntryPoint","urlTemplate":"https:\/\/www.dogoodpeople.com\/es\/?s={search_term_string}"},"query-input":{"@type":"PropertyValueSpecification","valueRequired":true,"valueName":"search_term_string"}}],"inLanguage":"es"},{"@type":"Organization","@id":"https:\/\/www.dogoodpeople.com\/es\/#organization","name":"DoGood People","url":"https:\/\/www.dogoodpeople.com\/es\/","logo":{"@type":"ImageObject","inLanguage":"es","@id":"https:\/\/www.dogoodpeople.com\/es\/#\/schema\/logo\/image\/","url":"https:\/\/www.dogoodpeople.com\/wp-content\/uploads\/2022\/09\/Logo-DoGood-people.png","contentUrl":"https:\/\/www.dogoodpeople.com\/wp-content\/uploads\/2022\/09\/Logo-DoGood-people.png","width":400,"height":280,"caption":"DoGood People"},"image":{"@id":"https:\/\/www.dogoodpeople.com\/es\/#\/schema\/logo\/image\/"},"sameAs":["https:\/\/www.linkedin.com\/company\/dogood\/","https:\/\/www.instagram.com\/dogood_people\/"]}]}},"_links":{"self":[{"href":"https:\/\/www.dogoodpeople.com\/es\/wp-json\/wp\/v2\/pages\/38511","targetHints":{"allow":["GET"]}}],"collection":[{"href":"https:\/\/www.dogoodpeople.com\/es\/wp-json\/wp\/v2\/pages"}],"about":[{"href":"https:\/\/www.dogoodpeople.com\/es\/wp-json\/wp\/v2\/types\/page"}],"author":[{"embeddable":true,"href":"https:\/\/www.dogoodpeople.com\/es\/wp-json\/wp\/v2\/users\/7"}],"replies":[{"embeddable":true,"href":"https:\/\/www.dogoodpeople.com\/es\/wp-json\/wp\/v2\/comments?post=38511"}],"version-history":[{"count":19,"href":"https:\/\/www.dogoodpeople.com\/es\/wp-json\/wp\/v2\/pages\/38511\/revisions"}],"predecessor-version":[{"id":38536,"href":"https:\/\/www.dogoodpeople.com\/es\/wp-json\/wp\/v2\/pages\/38511\/revisions\/38536"}],"wp:attachment":[{"href":"https:\/\/www.dogoodpeople.com\/es\/wp-json\/wp\/v2\/media?parent=38511"}],"curies":[{"name":"wp","href":"https:\/\/api.w.org\/{rel}","templated":true}]}}