{"id":25685,"date":"2024-01-25T09:10:56","date_gmt":"2024-01-25T08:10:56","guid":{"rendered":"https:\/\/www.dogoodpeople.com\/?page_id=25685"},"modified":"2025-04-30T11:38:21","modified_gmt":"2025-04-30T09:38:21","slug":"politica-de-privacidad-app-esade-alumni","status":"publish","type":"page","link":"https:\/\/www.dogoodpeople.com\/es\/politica-de-privacidad-app-esade-alumni\/","title":{"rendered":"Pol\u00edtica de Privacidad App &#8211; Esade Alumni"},"content":{"rendered":"\t\t<div data-elementor-type=\"wp-page\" data-elementor-id=\"25685\" class=\"elementor elementor-25685 elementor-25752\" data-elementor-post-type=\"page\">\n\t\t\t\t\t\t<section class=\"elementor-section elementor-top-section elementor-element elementor-element-4c504d1 elementor-section-boxed elementor-section-height-default elementor-section-height-default\" data-id=\"4c504d1\" data-element_type=\"section\" data-settings=\"{&quot;background_background&quot;:&quot;classic&quot;}\">\n\t\t\t\t\t\t<div class=\"elementor-container elementor-column-gap-default\">\n\t\t\t\t\t<div class=\"elementor-column elementor-col-100 elementor-top-column elementor-element elementor-element-cc78ccb\" data-id=\"cc78ccb\" data-element_type=\"column\">\n\t\t\t<div class=\"elementor-widget-wrap elementor-element-populated\">\n\t\t\t\t\t\t<div class=\"elementor-element elementor-element-ba1b7e7 elementor-widget elementor-widget-heading\" data-id=\"ba1b7e7\" data-element_type=\"widget\" data-widget_type=\"heading.default\">\n\t\t\t\t<div class=\"elementor-widget-container\">\n\t\t\t\t\t<h1 class=\"elementor-heading-title elementor-size-default\">Pol\u00edtica de Privacidad App &#8211; Esade Alumni<\/h1>\t\t\t\t<\/div>\n\t\t\t\t<\/div>\n\t\t\t\t\t<\/div>\n\t\t<\/div>\n\t\t\t\t\t<\/div>\n\t\t<\/section>\n\t\t\t\t<section class=\"elementor-section elementor-top-section elementor-element elementor-element-7fe6af6 elementor-section-boxed elementor-section-height-default elementor-section-height-default\" data-id=\"7fe6af6\" data-element_type=\"section\">\n\t\t\t\t\t\t<div class=\"elementor-container elementor-column-gap-default\">\n\t\t\t\t\t<div class=\"elementor-column elementor-col-100 elementor-top-column elementor-element elementor-element-682bd8e\" data-id=\"682bd8e\" data-element_type=\"column\">\n\t\t\t<div class=\"elementor-widget-wrap elementor-element-populated\">\n\t\t\t\t\t\t<div class=\"elementor-element elementor-element-1a7e04b elementor-widget elementor-widget-text-editor\" data-id=\"1a7e04b\" data-element_type=\"widget\" data-widget_type=\"text-editor.default\">\n\t\t\t\t<div class=\"elementor-widget-container\">\n\t\t\t\t\t\t\t\t\t<p><b>INFORMACI\u00d3N B\u00c1SICA:<\/b><\/p>\n<ul>\n<li style=\"font-weight: 400;\" aria-level=\"1\"><span style=\"font-weight: 400;\">\u00bf<\/span><b>Qu\u00e9 es este documento?<\/b><span style=\"font-weight: 400;\"> Es un documento legal que se ha redactado para ofrecer a los usuarios de la App DoGood informaci\u00f3n detallada sobre el tratamiento de sus datos personales.<\/span><\/li>\n<li style=\"font-weight: 400;\" aria-level=\"1\"><b>\u00bfA qu\u00e9 aplica?<\/b><span style=\"font-weight: 400;\"> Aplica tanto a la propia App DoGood como a todas sus secciones y funcionalidades, y a la informaci\u00f3n personal que se trate para su funcionamiento, tanto en el momento de registro como durante su uso. A efectos de esta pol\u00edtica, se entender\u00e1 \u201cusuario\u201d como aquella persona f\u00edsica que hace uso de las funcionalidades que DoGood ofrece a trav\u00e9s de la App DoGood.<\/span><\/li>\n<li style=\"font-weight: 400;\" aria-level=\"1\"><b>\u00bfC\u00f3mo saber si este documento es el m\u00e1s actual?<\/b><span style=\"font-weight: 400;\"> Podremos modificar esta pol\u00edtica cuando resulte necesario, y en ese caso lo comunicaremos a trav\u00e9s de la web o por otros medios para que pueda conocer y aceptar las nuevas condiciones. El hecho de continuar haciendo uso de la App DoGood despu\u00e9s de haber notificado las modificaciones supondr\u00e1 que est\u00e1 de acuerdo con las mismas, salvo para los supuestos en los que sea necesario su consentimiento expreso, donde lo solicitaremos.<\/span><\/li>\n<li style=\"font-weight: 400;\" aria-level=\"1\"><b>\u00bfEn base a qu\u00e9 ley se redacta este documento?<\/b><span style=\"font-weight: 400;\"> Esta pol\u00edtica se ha redactado en cumplimiento de lo dispuesto en el reglamento general de protecci\u00f3n de datos, la ley org\u00e1nica 3\/2018, de 5 de diciembre de protecci\u00f3n de datos personales y garant\u00eda de los derechos digitales, y en la ley 34\/2002, de 11 de julio, de servicios de la sociedad de la informaci\u00f3n y comercio electr\u00f3nico.&nbsp; Proporcionar informaci\u00f3n a los usuarios sobre la protecci\u00f3n de datos personales es una de las obligaciones que DoGood cumple gracias a este documento.<\/span><\/li>\n<\/ul><div><br><\/div>\n<p><b>RESPONSABLE Y ENCARGADO DEL TRATAMIENTO<\/b><\/p>\n<p><span style=\"font-weight: 400;\">Los datos de car\u00e1cter personal que se traten en la App DoGood ser\u00e1n recogidos y tratados por estas dos figuras:&nbsp;<\/span><\/p>\n<ul>\n<li style=\"font-weight: 400;\" aria-level=\"1\"><span style=\"font-weight: 400;\">DOGOOD PEOPLE, S.L., (o DoGood) con domicilio en Calle Diego de Le\u00f3n, 57 28006 Madrid, Espa\u00f1a, en calidad de ENCARGADO DEL TRATAMIENTO.<\/span><\/li>\n<li style=\"font-weight: 400;\" aria-level=\"1\"><span style=\"font-weight: 400;\">La empresa (en adelante, el Cliente) a la que pertenece o para la que trabaja o colabora y mantiene una relaci\u00f3n profesional, laboral o de otra naturaleza el usuario que accede a la App DoGood, en calidad de RESPONSABLE DEL TRATAMIENTO.<\/span><\/li>\n<\/ul><div><br><\/div>\n<p><b>DATOS TRATADOS POR DOGOOD&nbsp;<\/b><\/p>\n<p><span style=\"font-weight: 400;\">DoGood obtiene informaci\u00f3n y datos personales de los usuarios de la App DoGood. Los datos que trata DoGood pertenecen a las siguientes categor\u00edas:<\/span><\/p>\n<ul>\n<li style=\"font-weight: 400;\" aria-level=\"1\"><b>Datos identificativos o de contacto:<\/b><span style=\"font-weight: 400;\"> Por ejemplo: Nombre, apellidos, email, o en determinados casos, tel\u00e9fono.<\/span><\/li>\n<li style=\"font-weight: 400;\" aria-level=\"1\"><b>Detalles del empleo:<\/b><span style=\"font-weight: 400;\"> Por ejemplo, Profesi\u00f3n o puesto de trabajo<\/span><\/li>\n<\/ul><div><br><\/div>\n<p><b>FUENTES DE LAS QUE SE OBTIENEN DATOS PERSONALES<\/b><\/p>\n<p><span style=\"font-weight: 400;\">Los datos proceden del propio usuario, que los proporciona al rellenar los campos en la App DoGood o<\/span> <span style=\"font-weight: 400;\">por cualquier otra v\u00eda mediante la que el usuario entable comunicaci\u00f3n con DoGood, o por la comunicaci\u00f3n del Cliente a DoGood.&nbsp;<\/span><\/p>\n<p><span style=\"font-weight: 400;\">En algunos casos, los datos b\u00e1sicos de creaci\u00f3n de una cuenta como el email, el nombre y los apellidos, pueden ser obtenidos de Google, Apple, Microsoft o servicios similares cuando son utilizados por el usuario para registrarse y acceder a DoGood (lo que se conoce como Single Sign-On)<\/span><\/p>\n<p><b>FINALIDADES PARA EL TRATAMIENTO DE LOS DATOS<\/b><\/p>\n<p><span style=\"font-weight: 400;\">DoGood trata los datos personales de los usuarios para las siguientes finalidades:&nbsp;<\/span><\/p>\n<ol>\n<li style=\"font-weight: 400;\" aria-level=\"1\"><span style=\"font-weight: 400;\">Para dar de alta al usuario en la App DoGood e identificarlo como tal.<\/span><\/li>\n<li style=\"font-weight: 400;\" aria-level=\"1\"><span style=\"font-weight: 400;\">Para realizar el seguimiento de la actividad del usuario en la App DoGood<\/span><\/li>\n<li style=\"font-weight: 400;\" aria-level=\"1\"><span style=\"font-weight: 400;\">Para gestionar la participaci\u00f3n del usuario en las funcionalidades y actividades que se proponen a trav\u00e9s de la App DoGood.<\/span><\/li>\n<li style=\"font-weight: 400;\" aria-level=\"1\"><span style=\"font-weight: 400;\">Para enviar correos electr\u00f3nicos al usuario en relaci\u00f3n con la App DoGood y el programa que est\u00e1 realizando<\/span><\/li>\n<li style=\"font-weight: 400;\" aria-level=\"1\"><span style=\"font-weight: 400;\">Para gestionar las consultas que pudieran realizarse a trav\u00e9s de los formularios de contacto.<\/span><\/li>\n<li style=\"font-weight: 400;\" aria-level=\"1\"><span style=\"font-weight: 400;\">Para prestar el servicio contratado por el Cliente a DoGood.<\/span><\/li>\n<\/ol><div><br><\/div>\n<p><b>LEGITIMACI\u00d3N PARA EL TRATAMIENTO DE DATOS<\/b><\/p>\n<p><span style=\"font-weight: 400;\">La base legitimadora para realizar el tratamiento de los datos para cada una de las finalidades que se detallan en el apartado anterior es el desarrollo y mantenimiento de la relaci\u00f3n jur\u00eddica y \/ o contractual entablada entre el Cliente y DoGood y el consentimiento otorgado por el usuario a trav\u00e9s de la aceptaci\u00f3n de esta Pol\u00edtica de privacidad.&nbsp;<\/span><\/p>\n<p><b>COMUNICACI\u00d3N DE LOS DATOS<\/b><\/p>\n<p><span style=\"font-weight: 400;\">DoGood podr\u00e1 en cualquier momento compartir los datos de los usuarios con terceros, siempre de manera lo m\u00e1s anonimizada y agregada, es decir, salvo estrictamente necesario, no se compartir\u00e1n datos personales como Nombre, Apellidos, correo electr\u00f3nico, etc. y los datos de actividad del usuario nunca se compartir\u00e1n solos, sino que formar\u00e1n parte de un informe con m\u00e1s usuarios, de manera que sea imposible revertir el proceso para identificar al usuario.<\/span><\/p>\n<p><span style=\"font-weight: 400;\">Los datos personales podr\u00e1n ser comunicados a los siguientes destinatarios:<\/span><\/p>\n<ul>\n<li style=\"font-weight: 400;\" aria-level=\"1\"><span style=\"font-weight: 400;\">Proveedores necesarios para el funcionamiento de la App DoGood. Cuando contratamos a un proveedor de servicios para que nos ayude a operar nuestra App, podemos permitir el acceso a la informaci\u00f3n personal que sea necesaria para que nos preste el servicio o nos proporcione m\u00e1s informaci\u00f3n sobre la misma.<\/span><\/li>\n<li style=\"font-weight: 400;\" aria-level=\"1\"><span style=\"font-weight: 400;\">Organismos P\u00fablicos y Administraciones competentes para el cumplimiento de las obligaciones legales aplicables.<\/span><\/li>\n<li style=\"font-weight: 400;\" aria-level=\"1\"><span style=\"font-weight: 400;\">Otras sociedades pertenecientes a DoGood.<\/span><\/li>\n<\/ul><div><br><\/div>\n<p><span style=\"font-weight: 400;\">En el marco de dichas comunicaciones, podr\u00e1n realizarse transferencias internacionales de datos a terceros pa\u00edses. Dichas transferencias se realizar\u00e1n a pa\u00edses en los que no exista decisi\u00f3n de adecuaci\u00f3n por parte de la Comisi\u00f3n Europea \u00fanicamente cuando resulten imprescindibles para el cumplimiento de las finalidades indicadas, mediante la adopci\u00f3n de las garant\u00edas legales oportunas, que podr\u00e1n consistir en la formalizaci\u00f3n con el destinatario de los datos de (i) Cl\u00e1usulas Contractuales Tipo aprobadas por la Comisi\u00f3n Europea para legitimar la transferencia internacional de datos a terceros pa\u00edses o (ii) otro instrumento jur\u00eddico v\u00e1lido que permita garantizar un nivel de protecci\u00f3n adecuado equivalente al del Espacio Econ\u00f3mico Europeo.<\/span><\/p>\n<p><b>CONSERVACI\u00d3N DE DATOS<\/b><\/p>\n<p><span style=\"font-weight: 400;\">DoGood conservar\u00e1 los datos mientras se mantenga la relaci\u00f3n contractual con el Cliente, o en su caso, cuando deje de ser usuario de la App DoGood, momento a partir del cual procederemos a bloquearlos hasta su definitiva supresi\u00f3n conforme a los plazos legalmente habilitados.<\/span><\/p>\n<p><b>GARANT\u00cdAS APORTADAS POR EL USUARIO SOBRE LOS DATOS PROPORCIONADOS<\/b><\/p>\n<p><span style=\"font-weight: 400;\">El usuario garantiza que los datos que aporte son verdaderos, exactos, completos y se encuentran actualizados, siendo responsable de cualquier da\u00f1o o perjuicio, directo o indirecto, que pudiera ocasionarse como consecuencia del incumplimiento de tal obligaci\u00f3n.<\/span><\/p>\n<p><span style=\"font-weight: 400;\">El Usuario se compromete y obliga a comunicar de forma inmediata DoGood cualquier modificaci\u00f3n relevante de sus datos personales a fin de que la informaci\u00f3n contenida en sus ficheros est\u00e9 en todo momento actualizada y no contenga errores.<\/span><\/p>\n<p><b>MEDIDAS ADOPTADAS PARA PROTEGER SUS DATOS<\/b><\/p>\n<p><span style=\"font-weight: 400;\">Con el fin de garantizar la seguridad y confidencialidad de sus datos, DoGood se compromete a tratar de forma absolutamente confidencial los datos de car\u00e1cter personal del Usuario, haciendo uso de los mismos exclusivamente para las finalidades indicadas en esta pol\u00edtica de privacidad.&nbsp;<\/span><\/p>\n<p><span style=\"font-weight: 400;\">DoGood ha adoptado los niveles de seguridad requeridos en materia de protecci\u00f3n de datos y tiene implantadas las medidas de seguridad de \u00edndole t\u00e9cnica y organizativas necesarias que garantizan la seguridad de sus datos de personales y evitan su alteraci\u00f3n, p\u00e9rdida, tratamiento y\/o acceso no autorizado, habida cuenta del estado de la tecnolog\u00eda, la naturaleza de los datos almacenados y los riesgos a que est\u00e1n expuestos, ya provengan de la acci\u00f3n humana o del medio f\u00edsico o natural. En todo caso, debe tener en consideraci\u00f3n que las medidas de seguridad en Internet no son inexpugnables.<\/span><\/p>\n<p><span style=\"font-weight: 400;\">Para garantizar la adecuada gesti\u00f3n en el tratamiento de sus datos DoGood tiene designado un buz\u00f3n de contacto, a quien podr\u00e1 dirigirse para cualquier cuesti\u00f3n que precise y con quien puede contactar en la direcci\u00f3n electr\u00f3nica <\/span><b>hola@dogoodpeople.com<\/b><span style=\"font-weight: 400;\">.<\/span><\/p>\n<p><b>DERECHOS SOBRE SUS DATOS PERSONALES<\/b><\/p>\n<p><span style=\"font-weight: 400;\">Cualquier usuario tiene derecho a obtener confirmaci\u00f3n sobre si DoGood est\u00e1 tratando datos personales as\u00ed como otros derechos como los que se detallan a continuaci\u00f3n:<\/span><\/p>\n<ul>\n<li style=\"font-weight: 400;\" aria-level=\"1\"><span style=\"font-weight: 400;\">Acceder a sus datos para conocer qu\u00e9 datos personales est\u00e1 DoGood tratando.<\/span><\/li>\n<li style=\"font-weight: 400;\" aria-level=\"1\"><span style=\"font-weight: 400;\">Solicitar la rectificaci\u00f3n o supresi\u00f3n de sus datos que sean inexactos o ya no fueran necesarios para los fines que fueron recogidos.<\/span><\/li>\n<li style=\"font-weight: 400;\" aria-level=\"1\"><span style=\"font-weight: 400;\">Solicitar la limitaci\u00f3n del tratamiento de sus datos, en cuyo caso informamos que \u00fanicamente los conservaremos para el ejercicio o defensa de reclamaciones tal y como prev\u00e9 el Reglamento General de Protecci\u00f3n de Datos.<\/span><\/li>\n<li style=\"font-weight: 400;\" aria-level=\"1\"><span style=\"font-weight: 400;\">Solicitar la portabilidad de sus datos, recibiendo los datos personales que le incumban, y que nos haya facilitado, en un formato estructurado, de uso com\u00fan y lectura mec\u00e1nica, y a transmitirlos a otro Responsable del tratamiento.<\/span><\/li>\n<li style=\"font-weight: 400;\" aria-level=\"1\"><span style=\"font-weight: 400;\">Oponerse al tratamiento de sus datos, en cuyo caso DoGood dejar\u00eda de tratarlos salvo que la continuaci\u00f3n en el tratamiento resulte necesaria por motivos leg\u00edtimos, o para el ejercicio o la defensa de posibles reclamaciones.&nbsp;<\/span><\/li>\n<li style=\"font-weight: 400;\" aria-level=\"1\"><span style=\"font-weight: 400;\">Derecho a no ser objeto de decisiones automatizadas, basadas \u00fanicamente en el tratamiento automatizado, incluida la elaboraci\u00f3n de perfiles, que produzca efectos jur\u00eddicos sobre Ud. o le afecte significativamente de modo similar.<\/span><\/li>\n<li style=\"font-weight: 400;\" aria-level=\"1\"><span style=\"font-weight: 400;\">Derecho a retirar el consentimiento en cualquier momento, respecto a aquellas finalidades para las que lo otorg\u00f3, sin que ello afecte a la licitud del tratamiento basado en el consentimiento previo a su retirada.<\/span><\/li>\n<\/ul><div><br><\/div>\n<p><b>MODO DE EJERCICIO DE LOS DERECHOS<\/b><\/p>\n<p><span style=\"font-weight: 400;\">El usuario podr\u00e1 ponerse en contacto dirigiendo un escrito al Cliente o a DoGood a la direcci\u00f3n postal indicada en el apartado o bien a <\/span><a href=\"mailto:hola@dogoodpeople.com\"><span style=\"font-weight: 400;\">hola@dogoodpeople.com<\/span><\/a><span style=\"font-weight: 400;\">.&nbsp;&nbsp;<\/span><\/p>\n<p><span style=\"font-weight: 400;\">Responderemos a sus peticiones a la mayor brevedad posible y, en todo caso, en el plazo de un mes desde la recepci\u00f3n de su solicitud. Dicho plazo podr\u00e1 prorrogarse otros dos meses en caso necesario, teniendo en cuenta la complejidad y el n\u00famero de solicitudes. En tal caso, DoGood informar\u00e1 al interesado de la pr\u00f3rroga dentro del primer mes desde la solicitud.<\/span><\/p>\n<p><span style=\"font-weight: 400;\">DoGood le informa que podr\u00e1 presentar reclamaci\u00f3n ante la Autoridad de Control competente en materia de protecci\u00f3n de datos, especialmente cuando no haya obtenido satisfacci\u00f3n en el ejercicio de sus derechos, a estos efectos debe dirigirse ante la Agencia Espa\u00f1ola de Protecci\u00f3n de Datos (<\/span><a href=\"http:\/\/www.aepd.es\/\"><span style=\"font-weight: 400;\">www.aepd.es<\/span><\/a><span style=\"font-weight: 400;\">). Con car\u00e1cter previo a la presentaci\u00f3n de dicha reclamaci\u00f3n ante la Agencia Espa\u00f1ola de Protecci\u00f3n de datos, usted puede dirigirse a <\/span><a href=\"mailto:hola@dogoodpeople.com\"><span style=\"font-weight: 400;\">hola@dogoodpeople.com<\/span><\/a><span style=\"font-weight: 400;\">.<\/span><\/p>\t\t\t\t\t\t\t\t<\/div>\n\t\t\t\t<\/div>\n\t\t\t\t\t<\/div>\n\t\t<\/div>\n\t\t\t\t\t<\/div>\n\t\t<\/section>\n\t\t\t\t<\/div>\n\t\t","protected":false},"excerpt":{"rendered":"<p>INFORMACI\u00d3N B\u00c1SICA: \u00bfQu\u00e9 es este documento? Es un documento legal que se ha redactado para [&hellip;]<\/p>\n","protected":false},"author":13,"featured_media":0,"parent":0,"menu_order":0,"comment_status":"closed","ping_status":"closed","template":"","meta":{"_acf_changed":false,"content-type":"","footnotes":""},"class_list":["post-25685","page","type-page","status-publish","hentry"],"acf":[],"yoast_head":"<!-- This site is optimized with the Yoast SEO Premium plugin v25.8 (Yoast SEO v27.4) - https:\/\/yoast.com\/product\/yoast-seo-premium-wordpress\/ -->\n<title>Pol\u00edtica de Privacidad App - Esade Alumni - DoGood People<\/title>\n<meta name=\"robots\" content=\"noindex, nofollow\" \/>\n<meta property=\"og:locale\" content=\"es_ES\" \/>\n<meta property=\"og:type\" content=\"article\" \/>\n<meta property=\"og:title\" content=\"Pol\u00edtica de Privacidad App - Esade Alumni\" \/>\n<meta property=\"og:description\" content=\"INFORMACI\u00d3N B\u00c1SICA: \u00bfQu\u00e9 es este documento? Es un documento legal que se ha redactado para [&hellip;]\" \/>\n<meta property=\"og:url\" content=\"https:\/\/www.dogoodpeople.com\/es\/politica-de-privacidad-app-esade-alumni\/\" \/>\n<meta property=\"og:site_name\" content=\"DoGood People\" \/>\n<meta property=\"article:modified_time\" content=\"2025-04-30T09:38:21+00:00\" \/>\n<meta property=\"og:image\" content=\"https:\/\/www.dogoodpeople.com\/wp-content\/uploads\/2022\/09\/logo_dogoodpeople_100.png\" \/>\n\t<meta property=\"og:image:width\" content=\"144\" \/>\n\t<meta property=\"og:image:height\" content=\"100\" \/>\n\t<meta property=\"og:image:type\" content=\"image\/png\" \/>\n<meta name=\"twitter:card\" content=\"summary_large_image\" \/>\n<meta name=\"twitter:label1\" content=\"Tiempo de lectura\" \/>\n\t<meta name=\"twitter:data1\" content=\"8 minutos\" \/>\n<script type=\"application\/ld+json\" class=\"yoast-schema-graph\">{\"@context\":\"https:\\\/\\\/schema.org\",\"@graph\":[{\"@type\":\"WebPage\",\"@id\":\"https:\\\/\\\/www.dogoodpeople.com\\\/es\\\/politica-de-privacidad-app-esade-alumni\\\/\",\"url\":\"https:\\\/\\\/www.dogoodpeople.com\\\/es\\\/politica-de-privacidad-app-esade-alumni\\\/\",\"name\":\"Pol\u00edtica de Privacidad App - Esade Alumni - DoGood People\",\"isPartOf\":{\"@id\":\"https:\\\/\\\/www.dogoodpeople.com\\\/es\\\/#website\"},\"datePublished\":\"2024-01-25T08:10:56+00:00\",\"dateModified\":\"2025-04-30T09:38:21+00:00\",\"breadcrumb\":{\"@id\":\"https:\\\/\\\/www.dogoodpeople.com\\\/es\\\/politica-de-privacidad-app-esade-alumni\\\/#breadcrumb\"},\"inLanguage\":\"es\",\"potentialAction\":[{\"@type\":\"ReadAction\",\"target\":[\"https:\\\/\\\/www.dogoodpeople.com\\\/es\\\/politica-de-privacidad-app-esade-alumni\\\/\"]}]},{\"@type\":\"BreadcrumbList\",\"@id\":\"https:\\\/\\\/www.dogoodpeople.com\\\/es\\\/politica-de-privacidad-app-esade-alumni\\\/#breadcrumb\",\"itemListElement\":[{\"@type\":\"ListItem\",\"position\":1,\"name\":\"Home\",\"item\":\"https:\\\/\\\/www.dogoodpeople.com\\\/es\\\/\"},{\"@type\":\"ListItem\",\"position\":2,\"name\":\"Pol\u00edtica de Privacidad App &#8211; Esade Alumni\"}]},{\"@type\":\"WebSite\",\"@id\":\"https:\\\/\\\/www.dogoodpeople.com\\\/es\\\/#website\",\"url\":\"https:\\\/\\\/www.dogoodpeople.com\\\/es\\\/\",\"name\":\"DoGood People\",\"description\":\"Software para digitalizar el impacto ESG de los empleados y mejorar la reputaci\u00f3n sostenible de las empresas.\",\"publisher\":{\"@id\":\"https:\\\/\\\/www.dogoodpeople.com\\\/es\\\/#organization\"},\"alternateName\":\"DoGood\",\"potentialAction\":[{\"@type\":\"SearchAction\",\"target\":{\"@type\":\"EntryPoint\",\"urlTemplate\":\"https:\\\/\\\/www.dogoodpeople.com\\\/es\\\/?s={search_term_string}\"},\"query-input\":{\"@type\":\"PropertyValueSpecification\",\"valueRequired\":true,\"valueName\":\"search_term_string\"}}],\"inLanguage\":\"es\"},{\"@type\":\"Organization\",\"@id\":\"https:\\\/\\\/www.dogoodpeople.com\\\/es\\\/#organization\",\"name\":\"DoGood People\",\"url\":\"https:\\\/\\\/www.dogoodpeople.com\\\/es\\\/\",\"logo\":{\"@type\":\"ImageObject\",\"inLanguage\":\"es\",\"@id\":\"https:\\\/\\\/www.dogoodpeople.com\\\/es\\\/#\\\/schema\\\/logo\\\/image\\\/\",\"url\":\"https:\\\/\\\/www.dogoodpeople.com\\\/wp-content\\\/uploads\\\/2022\\\/09\\\/Logo-DoGood-people.png\",\"contentUrl\":\"https:\\\/\\\/www.dogoodpeople.com\\\/wp-content\\\/uploads\\\/2022\\\/09\\\/Logo-DoGood-people.png\",\"width\":400,\"height\":280,\"caption\":\"DoGood People\"},\"image\":{\"@id\":\"https:\\\/\\\/www.dogoodpeople.com\\\/es\\\/#\\\/schema\\\/logo\\\/image\\\/\"},\"sameAs\":[\"https:\\\/\\\/www.linkedin.com\\\/company\\\/dogood\\\/\",\"https:\\\/\\\/www.instagram.com\\\/dogood_people\\\/\"]}]}<\/script>\n<!-- \/ Yoast SEO Premium plugin. -->","yoast_head_json":{"title":"Pol\u00edtica de Privacidad App - Esade Alumni - DoGood People","robots":{"index":"noindex","follow":"nofollow"},"og_locale":"es_ES","og_type":"article","og_title":"Pol\u00edtica de Privacidad App - Esade Alumni","og_description":"INFORMACI\u00d3N B\u00c1SICA: \u00bfQu\u00e9 es este documento? Es un documento legal que se ha redactado para [&hellip;]","og_url":"https:\/\/www.dogoodpeople.com\/es\/politica-de-privacidad-app-esade-alumni\/","og_site_name":"DoGood People","article_modified_time":"2025-04-30T09:38:21+00:00","og_image":[{"width":144,"height":100,"url":"https:\/\/www.dogoodpeople.com\/wp-content\/uploads\/2022\/09\/logo_dogoodpeople_100.png","type":"image\/png"}],"twitter_card":"summary_large_image","twitter_misc":{"Tiempo de lectura":"8 minutos"},"schema":{"@context":"https:\/\/schema.org","@graph":[{"@type":"WebPage","@id":"https:\/\/www.dogoodpeople.com\/es\/politica-de-privacidad-app-esade-alumni\/","url":"https:\/\/www.dogoodpeople.com\/es\/politica-de-privacidad-app-esade-alumni\/","name":"Pol\u00edtica de Privacidad App - Esade Alumni - DoGood People","isPartOf":{"@id":"https:\/\/www.dogoodpeople.com\/es\/#website"},"datePublished":"2024-01-25T08:10:56+00:00","dateModified":"2025-04-30T09:38:21+00:00","breadcrumb":{"@id":"https:\/\/www.dogoodpeople.com\/es\/politica-de-privacidad-app-esade-alumni\/#breadcrumb"},"inLanguage":"es","potentialAction":[{"@type":"ReadAction","target":["https:\/\/www.dogoodpeople.com\/es\/politica-de-privacidad-app-esade-alumni\/"]}]},{"@type":"BreadcrumbList","@id":"https:\/\/www.dogoodpeople.com\/es\/politica-de-privacidad-app-esade-alumni\/#breadcrumb","itemListElement":[{"@type":"ListItem","position":1,"name":"Home","item":"https:\/\/www.dogoodpeople.com\/es\/"},{"@type":"ListItem","position":2,"name":"Pol\u00edtica de Privacidad App &#8211; Esade Alumni"}]},{"@type":"WebSite","@id":"https:\/\/www.dogoodpeople.com\/es\/#website","url":"https:\/\/www.dogoodpeople.com\/es\/","name":"DoGood People","description":"Software para digitalizar el impacto ESG de los empleados y mejorar la reputaci\u00f3n sostenible de las empresas.","publisher":{"@id":"https:\/\/www.dogoodpeople.com\/es\/#organization"},"alternateName":"DoGood","potentialAction":[{"@type":"SearchAction","target":{"@type":"EntryPoint","urlTemplate":"https:\/\/www.dogoodpeople.com\/es\/?s={search_term_string}"},"query-input":{"@type":"PropertyValueSpecification","valueRequired":true,"valueName":"search_term_string"}}],"inLanguage":"es"},{"@type":"Organization","@id":"https:\/\/www.dogoodpeople.com\/es\/#organization","name":"DoGood People","url":"https:\/\/www.dogoodpeople.com\/es\/","logo":{"@type":"ImageObject","inLanguage":"es","@id":"https:\/\/www.dogoodpeople.com\/es\/#\/schema\/logo\/image\/","url":"https:\/\/www.dogoodpeople.com\/wp-content\/uploads\/2022\/09\/Logo-DoGood-people.png","contentUrl":"https:\/\/www.dogoodpeople.com\/wp-content\/uploads\/2022\/09\/Logo-DoGood-people.png","width":400,"height":280,"caption":"DoGood People"},"image":{"@id":"https:\/\/www.dogoodpeople.com\/es\/#\/schema\/logo\/image\/"},"sameAs":["https:\/\/www.linkedin.com\/company\/dogood\/","https:\/\/www.instagram.com\/dogood_people\/"]}]}},"_links":{"self":[{"href":"https:\/\/www.dogoodpeople.com\/es\/wp-json\/wp\/v2\/pages\/25685","targetHints":{"allow":["GET"]}}],"collection":[{"href":"https:\/\/www.dogoodpeople.com\/es\/wp-json\/wp\/v2\/pages"}],"about":[{"href":"https:\/\/www.dogoodpeople.com\/es\/wp-json\/wp\/v2\/types\/page"}],"author":[{"embeddable":true,"href":"https:\/\/www.dogoodpeople.com\/es\/wp-json\/wp\/v2\/users\/13"}],"replies":[{"embeddable":true,"href":"https:\/\/www.dogoodpeople.com\/es\/wp-json\/wp\/v2\/comments?post=25685"}],"version-history":[{"count":2,"href":"https:\/\/www.dogoodpeople.com\/es\/wp-json\/wp\/v2\/pages\/25685\/revisions"}],"predecessor-version":[{"id":25689,"href":"https:\/\/www.dogoodpeople.com\/es\/wp-json\/wp\/v2\/pages\/25685\/revisions\/25689"}],"wp:attachment":[{"href":"https:\/\/www.dogoodpeople.com\/es\/wp-json\/wp\/v2\/media?parent=25685"}],"curies":[{"name":"wp","href":"https:\/\/api.w.org\/{rel}","templated":true}]}}