{"id":21505,"date":"2023-06-26T12:59:54","date_gmt":"2023-06-26T10:59:54","guid":{"rendered":"https:\/\/www.dogoodpeople.com\/graham-packaging\/"},"modified":"2023-06-28T08:41:23","modified_gmt":"2023-06-28T06:41:23","slug":"graham-packaging","status":"publish","type":"page","link":"https:\/\/www.dogoodpeople.com\/es\/graham-packaging\/","title":{"rendered":"Graham Packaging"},"content":{"rendered":"\t\t<div data-elementor-type=\"wp-page\" data-elementor-id=\"21505\" class=\"elementor elementor-21505 elementor-21470\" data-elementor-post-type=\"page\">\n\t\t\t\t\t\t<section class=\"elementor-section elementor-top-section elementor-element elementor-element-877aba1 elementor-section-full_width elementor-section-height-min-height elementor-section-items-stretch elementor-section-height-default\" data-id=\"877aba1\" data-element_type=\"section\" data-settings=\"{&quot;background_background&quot;:&quot;classic&quot;}\">\n\t\t\t\t\t\t\t<div class=\"elementor-background-overlay\"><\/div>\n\t\t\t\t\t\t\t<div class=\"elementor-container elementor-column-gap-no\">\n\t\t\t\t\t<div class=\"elementor-column elementor-col-100 elementor-top-column elementor-element elementor-element-95593ad\" data-id=\"95593ad\" data-element_type=\"column\">\n\t\t\t<div class=\"elementor-widget-wrap elementor-element-populated\">\n\t\t\t\t\t\t<div class=\"elementor-element elementor-element-df7fa8a elementor-widget elementor-widget-image\" data-id=\"df7fa8a\" data-element_type=\"widget\" data-widget_type=\"image.default\">\n\t\t\t\t<div class=\"elementor-widget-container\">\n\t\t\t\t\t\t\t\t\t\t\t\t\t\t\t<img decoding=\"async\" width=\"300\" height=\"92\" src=\"https:\/\/www.dogoodpeople.com\/wp-content\/uploads\/2023\/06\/Graham-Logo-Hor-Gradientat2x-1-300x92.png\" class=\"attachment-medium size-medium wp-image-21362\" alt=\"\" srcset=\"https:\/\/www.dogoodpeople.com\/wp-content\/uploads\/2023\/06\/Graham-Logo-Hor-Gradientat2x-1-300x92.png 300w, https:\/\/www.dogoodpeople.com\/wp-content\/uploads\/2023\/06\/Graham-Logo-Hor-Gradientat2x-1-1024x316.png 1024w, https:\/\/www.dogoodpeople.com\/wp-content\/uploads\/2023\/06\/Graham-Logo-Hor-Gradientat2x-1-768x237.png 768w, https:\/\/www.dogoodpeople.com\/wp-content\/uploads\/2023\/06\/Graham-Logo-Hor-Gradientat2x-1.png 1084w\" sizes=\"(max-width: 300px) 100vw, 300px\" \/>\t\t\t\t\t\t\t\t\t\t\t\t\t\t\t<\/div>\n\t\t\t\t<\/div>\n\t\t\t\t<div class=\"elementor-element elementor-element-6fa0e59 elementor-widget elementor-widget-heading\" data-id=\"6fa0e59\" data-element_type=\"widget\" data-widget_type=\"heading.default\">\n\t\t\t\t<div class=\"elementor-widget-container\">\n\t\t\t\t\t<h2 class=\"elementor-heading-title elementor-size-default\">Programa sostenible de Graham Packaging<\/h2>\t\t\t\t<\/div>\n\t\t\t\t<\/div>\n\t\t\t\t<div class=\"elementor-element elementor-element-3a65579 elementor-widget elementor-widget-text-editor\" data-id=\"3a65579\" data-element_type=\"widget\" data-widget_type=\"text-editor.default\">\n\t\t\t\t<div class=\"elementor-widget-container\">\n\t\t\t\t\t\t\t\t\t<p><span data-sheets-value=\"{\" packaging=\"\" invites=\"\" you=\"\" to=\"\" be=\"\" a=\"\" part=\"\" of=\"\" the=\"\" sustainable=\"\" change=\"\" through=\"\" dogood=\"\" starting=\"\" june=\"\" data-sheets-userformat=\"{\"><b>Graham Packaging le invita a formar parte del cambio sostenible a trav\u00e9s de DoGood,&nbsp;<\/b><\/span><\/p>\n<p><span data-sheets-value=\"{\" packaging=\"\" invites=\"\" you=\"\" to=\"\" be=\"\" a=\"\" part=\"\" of=\"\" the=\"\" sustainable=\"\" change=\"\" through=\"\" dogood=\"\" starting=\"\" june=\"\" data-sheets-userformat=\"{\"><b>a partir del 12 de junio.<\/b><\/span><\/p>\t\t\t\t\t\t\t\t<\/div>\n\t\t\t\t<\/div>\n\t\t\t\t<div class=\"elementor-element elementor-element-f32994a elementor-widget elementor-widget-shortcode\" data-id=\"f32994a\" data-element_type=\"widget\" data-widget_type=\"shortcode.default\">\n\t\t\t\t<div class=\"elementor-widget-container\">\n\t\t\t\t\t\t\t<div class=\"elementor-shortcode\"><script charset=\"utf-8\" type=\"text\/javascript\" src=\"\/\/js.hsforms.net\/forms\/embed\/v2.js\"><\/script><script>hbspt.forms.create({\n    region: \"na1\",\n    portalId: \"8379193\",\n    formId: \"a503cb7a-a509-4bfa-814c-6802c3b7e20f\"\n  });\n<\/script><\/div>\n\t\t\t\t\t\t<\/div>\n\t\t\t\t<\/div>\n\t\t\t\t\t<\/div>\n\t\t<\/div>\n\t\t\t\t\t<\/div>\n\t\t<\/section>\n\t\t\t\t<section class=\"elementor-section elementor-top-section elementor-element elementor-element-4161ab7 elementor-section-boxed elementor-section-height-default elementor-section-height-default\" data-id=\"4161ab7\" data-element_type=\"section\">\n\t\t\t\t\t\t<div class=\"elementor-container elementor-column-gap-default\">\n\t\t\t\t\t<div class=\"elementor-column elementor-col-100 elementor-top-column elementor-element elementor-element-fc1a436\" data-id=\"fc1a436\" data-element_type=\"column\">\n\t\t\t<div class=\"elementor-widget-wrap elementor-element-populated\">\n\t\t\t\t\t\t<div class=\"elementor-element elementor-element-e752621 elementor-widget elementor-widget-heading\" data-id=\"e752621\" data-element_type=\"widget\" data-widget_type=\"heading.default\">\n\t\t\t\t<div class=\"elementor-widget-container\">\n\t\t\t\t\t<h2 class=\"elementor-heading-title elementor-size-default\">Aprende a utilizar DoGood aqu\u00ed<\/h2>\t\t\t\t<\/div>\n\t\t\t\t<\/div>\n\t\t\t\t<div class=\"elementor-element elementor-element-0272f35 elementor-widget elementor-widget-text-editor\" data-id=\"0272f35\" data-element_type=\"widget\" data-widget_type=\"text-editor.default\">\n\t\t\t\t<div class=\"elementor-widget-container\">\n\t\t\t\t\t\t\t\t\t<p style=\"text-align: center;\"><span data-sheets-value=\"{\" main=\"\" goal=\"\" is=\"\" to=\"\" help=\"\" you=\"\" perform=\"\" good=\"\" actions=\"\" in=\"\" an=\"\" easy=\"\" way=\"\" that=\"\" doesn=\"\" get=\"\" your=\"\" way.=\"\" if=\"\" want=\"\" learn=\"\" more=\"\" about=\"\" how=\"\" dogood=\"\" works=\"\" can=\"\" check=\"\" out=\"\" our=\"\" app=\"\" guide:=\"\" data-sheets-userformat=\"{\">Nuestro principal objetivo es ayudarte a realizar buenas acciones de una forma f\u00e1cil que no te estorbe. Si quieres saber m\u00e1s sobre c\u00f3mo funciona DoGood, puedes consultar nuestra gu\u00eda de la aplicaci\u00f3n:<\/span><\/p>\n\t\t\t\t\t\t\t\t<\/div>\n\t\t\t\t<\/div>\n\t\t\t\t<div class=\"elementor-element elementor-element-d3c7a9e elementor-align-center elementor-widget elementor-widget-button\" data-id=\"d3c7a9e\" data-element_type=\"widget\" data-widget_type=\"button.default\">\n\t\t\t\t<div class=\"elementor-widget-container\">\n\t\t\t\t\t\t\t\t\t<div class=\"elementor-button-wrapper\">\n\t\t\t\t\t<a class=\"elementor-button elementor-button-link elementor-size-lg\" href=\"https:\/\/www.dogoodpeople.com\/wp-content\/uploads\/2023\/06\/DG_UserGuide_2023.pdf\">\n\t\t\t\t\t\t<span class=\"elementor-button-content-wrapper\">\n\t\t\t\t\t\t\t\t\t<span class=\"elementor-button-text\">Acceder a la gu\u00eda DoGood<\/span>\n\t\t\t\t\t<\/span>\n\t\t\t\t\t<\/a>\n\t\t\t\t<\/div>\n\t\t\t\t\t\t\t\t<\/div>\n\t\t\t\t<\/div>\n\t\t\t\t\t<\/div>\n\t\t<\/div>\n\t\t\t\t\t<\/div>\n\t\t<\/section>\n\t\t\t\t<section class=\"elementor-section elementor-top-section elementor-element elementor-element-3f9a2a6 elementor-section-full_width elementor-section-height-default elementor-section-height-default\" data-id=\"3f9a2a6\" data-element_type=\"section\">\n\t\t\t\t\t\t<div class=\"elementor-container elementor-column-gap-default\">\n\t\t\t\t\t<div class=\"elementor-column elementor-col-50 elementor-top-column elementor-element elementor-element-bdaa0e8\" data-id=\"bdaa0e8\" data-element_type=\"column\" data-settings=\"{&quot;background_background&quot;:&quot;classic&quot;}\">\n\t\t\t<div class=\"elementor-widget-wrap elementor-element-populated\">\n\t\t\t\t\t\t<div class=\"elementor-element elementor-element-eab1b7e elementor-widget elementor-widget-heading\" data-id=\"eab1b7e\" data-element_type=\"widget\" data-widget_type=\"heading.default\">\n\t\t\t\t<div class=\"elementor-widget-container\">\n\t\t\t\t\t<h2 class=\"elementor-heading-title elementor-size-default\">\u00bfC\u00f3mo funciona DoGood?<\/h2>\t\t\t\t<\/div>\n\t\t\t\t<\/div>\n\t\t\t\t<div class=\"elementor-element elementor-element-12b5edf elementor-widget elementor-widget-text-editor\" data-id=\"12b5edf\" data-element_type=\"widget\" data-widget_type=\"text-editor.default\">\n\t\t\t\t<div class=\"elementor-widget-container\">\n\t\t\t\t\t\t\t\t\t<h5 style=\"text-align: center;\"><strong><span style=\"color: #007c89;\">Retos<\/span><\/strong><\/h5>\n<p style=\"text-align: center;\">Elige los retos que vas a completar para impulsar la cultura sostenible de forma f\u00e1cil y activa. Como nos gusta decir: Aprender haciendo<\/p>\n<h5 style=\"text-align: center;\"><strong><span style=\"color: #007c89;\">Muro<\/span><\/strong><\/h5>\n<p style=\"text-align: center;\">Todos los retos se validar\u00e1n mediante fotos u observaciones que publicar\u00e1s en una cronolog\u00eda social y privada.<\/p>\n<h5 style=\"text-align: center;\"><strong><span style=\"color: #007c89;\">Ranking<\/span><\/strong><\/h5>\n<p style=\"text-align: center;\">Por cada punto donado, se le situar\u00e1 en una clasificaci\u00f3n social y podr\u00e1 ganar diferentes premios y obtener un reconocimiento por su esfuerzo.<\/p>\n<h5 style=\"text-align: center;\"><strong><span style=\"color: #007c89;\">Impacto<\/span><\/strong><\/h5>\n<p style=\"text-align: center;\">Genera un impacto positivo a trav\u00e9s de tus retos y aprende c\u00f3mo cada una de nuestras acciones puede acercarnos a un mundo mejor.<\/p>\n\t\t\t\t\t\t\t\t<\/div>\n\t\t\t\t<\/div>\n\t\t\t\t\t<\/div>\n\t\t<\/div>\n\t\t\t\t<div class=\"elementor-column elementor-col-50 elementor-top-column elementor-element elementor-element-5d0ea80\" data-id=\"5d0ea80\" data-element_type=\"column\" data-settings=\"{&quot;background_background&quot;:&quot;classic&quot;}\">\n\t\t\t<div class=\"elementor-widget-wrap elementor-element-populated\">\n\t\t\t\t\t\t<div class=\"elementor-element elementor-element-b2a7c5c elementor-widget__width-initial elementor-widget elementor-widget-video\" data-id=\"b2a7c5c\" data-element_type=\"widget\" data-settings=\"{&quot;video_type&quot;:&quot;hosted&quot;,&quot;autoplay&quot;:&quot;yes&quot;,&quot;play_on_mobile&quot;:&quot;yes&quot;,&quot;mute&quot;:&quot;yes&quot;,&quot;loop&quot;:&quot;yes&quot;}\" data-widget_type=\"video.default\">\n\t\t\t\t<div class=\"elementor-widget-container\">\n\t\t\t\t\t\t\t<div class=\"e-hosted-video elementor-wrapper elementor-open-inline\">\n\t\t\t\t\t<video class=\"elementor-video\" src=\"https:\/\/www.dogoodpeople.com\/wp-content\/uploads\/2023\/02\/DoGoodPeople_Video-01-EN.mp4\" autoplay=\"\" loop=\"\" muted=\"muted\" playsinline=\"\" controlsList=\"nodownload\"><\/video>\n\t\t\t\t<\/div>\n\t\t\t\t\t\t<\/div>\n\t\t\t\t<\/div>\n\t\t\t\t\t<\/div>\n\t\t<\/div>\n\t\t\t\t\t<\/div>\n\t\t<\/section>\n\t\t\t\t<\/div>\n\t\t","protected":false},"excerpt":{"rendered":"<p>Programa sostenible de Graham Packaging Graham Packaging le invita a formar parte del cambio sostenible [&hellip;]<\/p>\n","protected":false},"author":7,"featured_media":0,"parent":0,"menu_order":0,"comment_status":"closed","ping_status":"closed","template":"","meta":{"_acf_changed":false,"content-type":"","footnotes":""},"class_list":["post-21505","page","type-page","status-publish","hentry"],"acf":[],"yoast_head":"<!-- This site is optimized with the Yoast SEO Premium plugin v25.8 (Yoast SEO v27.4) - https:\/\/yoast.com\/product\/yoast-seo-premium-wordpress\/ -->\n<title>Graham Packaging - DoGood People<\/title>\n<meta name=\"robots\" content=\"noindex, follow\" \/>\n<meta property=\"og:locale\" content=\"es_ES\" \/>\n<meta property=\"og:type\" content=\"article\" \/>\n<meta property=\"og:title\" content=\"Graham Packaging\" \/>\n<meta property=\"og:description\" content=\"Programa sostenible de Graham Packaging Graham Packaging le invita a formar parte del cambio sostenible [&hellip;]\" \/>\n<meta property=\"og:url\" content=\"https:\/\/www.dogoodpeople.com\/es\/graham-packaging\/\" \/>\n<meta property=\"og:site_name\" content=\"DoGood People\" \/>\n<meta property=\"article:modified_time\" content=\"2023-06-28T06:41:23+00:00\" \/>\n<meta property=\"og:image\" content=\"https:\/\/www.dogoodpeople.com\/wp-content\/uploads\/2023\/06\/Graham-Logo-Hor-Gradientat2x-1-300x92.png\" \/>\n<meta name=\"twitter:card\" content=\"summary_large_image\" \/>\n<meta name=\"twitter:label1\" content=\"Tiempo de lectura\" \/>\n\t<meta name=\"twitter:data1\" content=\"1 minuto\" \/>\n<script type=\"application\/ld+json\" class=\"yoast-schema-graph\">{\"@context\":\"https:\\\/\\\/schema.org\",\"@graph\":[{\"@type\":\"WebPage\",\"@id\":\"https:\\\/\\\/www.dogoodpeople.com\\\/es\\\/graham-packaging\\\/\",\"url\":\"https:\\\/\\\/www.dogoodpeople.com\\\/es\\\/graham-packaging\\\/\",\"name\":\"Graham Packaging - DoGood People\",\"isPartOf\":{\"@id\":\"https:\\\/\\\/www.dogoodpeople.com\\\/es\\\/#website\"},\"primaryImageOfPage\":{\"@id\":\"https:\\\/\\\/www.dogoodpeople.com\\\/es\\\/graham-packaging\\\/#primaryimage\"},\"image\":{\"@id\":\"https:\\\/\\\/www.dogoodpeople.com\\\/es\\\/graham-packaging\\\/#primaryimage\"},\"thumbnailUrl\":\"https:\\\/\\\/www.dogoodpeople.com\\\/wp-content\\\/uploads\\\/2023\\\/06\\\/Graham-Logo-Hor-Gradientat2x-1-300x92.png\",\"datePublished\":\"2023-06-26T10:59:54+00:00\",\"dateModified\":\"2023-06-28T06:41:23+00:00\",\"breadcrumb\":{\"@id\":\"https:\\\/\\\/www.dogoodpeople.com\\\/es\\\/graham-packaging\\\/#breadcrumb\"},\"inLanguage\":\"es\",\"potentialAction\":[{\"@type\":\"ReadAction\",\"target\":[\"https:\\\/\\\/www.dogoodpeople.com\\\/es\\\/graham-packaging\\\/\"]}]},{\"@type\":\"ImageObject\",\"inLanguage\":\"es\",\"@id\":\"https:\\\/\\\/www.dogoodpeople.com\\\/es\\\/graham-packaging\\\/#primaryimage\",\"url\":\"https:\\\/\\\/www.dogoodpeople.com\\\/wp-content\\\/uploads\\\/2023\\\/06\\\/Graham-Logo-Hor-Gradientat2x-1-300x92.png\",\"contentUrl\":\"https:\\\/\\\/www.dogoodpeople.com\\\/wp-content\\\/uploads\\\/2023\\\/06\\\/Graham-Logo-Hor-Gradientat2x-1-300x92.png\"},{\"@type\":\"BreadcrumbList\",\"@id\":\"https:\\\/\\\/www.dogoodpeople.com\\\/es\\\/graham-packaging\\\/#breadcrumb\",\"itemListElement\":[{\"@type\":\"ListItem\",\"position\":1,\"name\":\"Home\",\"item\":\"https:\\\/\\\/www.dogoodpeople.com\\\/es\\\/\"},{\"@type\":\"ListItem\",\"position\":2,\"name\":\"Graham Packaging\"}]},{\"@type\":\"WebSite\",\"@id\":\"https:\\\/\\\/www.dogoodpeople.com\\\/es\\\/#website\",\"url\":\"https:\\\/\\\/www.dogoodpeople.com\\\/es\\\/\",\"name\":\"DoGood People\",\"description\":\"Software para digitalizar el impacto ESG de los empleados y mejorar la reputaci\u00f3n sostenible de las empresas.\",\"publisher\":{\"@id\":\"https:\\\/\\\/www.dogoodpeople.com\\\/es\\\/#organization\"},\"alternateName\":\"DoGood\",\"potentialAction\":[{\"@type\":\"SearchAction\",\"target\":{\"@type\":\"EntryPoint\",\"urlTemplate\":\"https:\\\/\\\/www.dogoodpeople.com\\\/es\\\/?s={search_term_string}\"},\"query-input\":{\"@type\":\"PropertyValueSpecification\",\"valueRequired\":true,\"valueName\":\"search_term_string\"}}],\"inLanguage\":\"es\"},{\"@type\":\"Organization\",\"@id\":\"https:\\\/\\\/www.dogoodpeople.com\\\/es\\\/#organization\",\"name\":\"DoGood People\",\"url\":\"https:\\\/\\\/www.dogoodpeople.com\\\/es\\\/\",\"logo\":{\"@type\":\"ImageObject\",\"inLanguage\":\"es\",\"@id\":\"https:\\\/\\\/www.dogoodpeople.com\\\/es\\\/#\\\/schema\\\/logo\\\/image\\\/\",\"url\":\"https:\\\/\\\/www.dogoodpeople.com\\\/wp-content\\\/uploads\\\/2022\\\/09\\\/Logo-DoGood-people.png\",\"contentUrl\":\"https:\\\/\\\/www.dogoodpeople.com\\\/wp-content\\\/uploads\\\/2022\\\/09\\\/Logo-DoGood-people.png\",\"width\":400,\"height\":280,\"caption\":\"DoGood People\"},\"image\":{\"@id\":\"https:\\\/\\\/www.dogoodpeople.com\\\/es\\\/#\\\/schema\\\/logo\\\/image\\\/\"},\"sameAs\":[\"https:\\\/\\\/www.linkedin.com\\\/company\\\/dogood\\\/\",\"https:\\\/\\\/www.instagram.com\\\/dogood_people\\\/\"]}]}<\/script>\n<!-- \/ Yoast SEO Premium plugin. -->","yoast_head_json":{"title":"Graham Packaging - DoGood People","robots":{"index":"noindex","follow":"follow"},"og_locale":"es_ES","og_type":"article","og_title":"Graham Packaging","og_description":"Programa sostenible de Graham Packaging Graham Packaging le invita a formar parte del cambio sostenible [&hellip;]","og_url":"https:\/\/www.dogoodpeople.com\/es\/graham-packaging\/","og_site_name":"DoGood People","article_modified_time":"2023-06-28T06:41:23+00:00","og_image":[{"url":"https:\/\/www.dogoodpeople.com\/wp-content\/uploads\/2023\/06\/Graham-Logo-Hor-Gradientat2x-1-300x92.png","type":"","width":"","height":""}],"twitter_card":"summary_large_image","twitter_misc":{"Tiempo de lectura":"1 minuto"},"schema":{"@context":"https:\/\/schema.org","@graph":[{"@type":"WebPage","@id":"https:\/\/www.dogoodpeople.com\/es\/graham-packaging\/","url":"https:\/\/www.dogoodpeople.com\/es\/graham-packaging\/","name":"Graham Packaging - DoGood People","isPartOf":{"@id":"https:\/\/www.dogoodpeople.com\/es\/#website"},"primaryImageOfPage":{"@id":"https:\/\/www.dogoodpeople.com\/es\/graham-packaging\/#primaryimage"},"image":{"@id":"https:\/\/www.dogoodpeople.com\/es\/graham-packaging\/#primaryimage"},"thumbnailUrl":"https:\/\/www.dogoodpeople.com\/wp-content\/uploads\/2023\/06\/Graham-Logo-Hor-Gradientat2x-1-300x92.png","datePublished":"2023-06-26T10:59:54+00:00","dateModified":"2023-06-28T06:41:23+00:00","breadcrumb":{"@id":"https:\/\/www.dogoodpeople.com\/es\/graham-packaging\/#breadcrumb"},"inLanguage":"es","potentialAction":[{"@type":"ReadAction","target":["https:\/\/www.dogoodpeople.com\/es\/graham-packaging\/"]}]},{"@type":"ImageObject","inLanguage":"es","@id":"https:\/\/www.dogoodpeople.com\/es\/graham-packaging\/#primaryimage","url":"https:\/\/www.dogoodpeople.com\/wp-content\/uploads\/2023\/06\/Graham-Logo-Hor-Gradientat2x-1-300x92.png","contentUrl":"https:\/\/www.dogoodpeople.com\/wp-content\/uploads\/2023\/06\/Graham-Logo-Hor-Gradientat2x-1-300x92.png"},{"@type":"BreadcrumbList","@id":"https:\/\/www.dogoodpeople.com\/es\/graham-packaging\/#breadcrumb","itemListElement":[{"@type":"ListItem","position":1,"name":"Home","item":"https:\/\/www.dogoodpeople.com\/es\/"},{"@type":"ListItem","position":2,"name":"Graham Packaging"}]},{"@type":"WebSite","@id":"https:\/\/www.dogoodpeople.com\/es\/#website","url":"https:\/\/www.dogoodpeople.com\/es\/","name":"DoGood People","description":"Software para digitalizar el impacto ESG de los empleados y mejorar la reputaci\u00f3n sostenible de las empresas.","publisher":{"@id":"https:\/\/www.dogoodpeople.com\/es\/#organization"},"alternateName":"DoGood","potentialAction":[{"@type":"SearchAction","target":{"@type":"EntryPoint","urlTemplate":"https:\/\/www.dogoodpeople.com\/es\/?s={search_term_string}"},"query-input":{"@type":"PropertyValueSpecification","valueRequired":true,"valueName":"search_term_string"}}],"inLanguage":"es"},{"@type":"Organization","@id":"https:\/\/www.dogoodpeople.com\/es\/#organization","name":"DoGood People","url":"https:\/\/www.dogoodpeople.com\/es\/","logo":{"@type":"ImageObject","inLanguage":"es","@id":"https:\/\/www.dogoodpeople.com\/es\/#\/schema\/logo\/image\/","url":"https:\/\/www.dogoodpeople.com\/wp-content\/uploads\/2022\/09\/Logo-DoGood-people.png","contentUrl":"https:\/\/www.dogoodpeople.com\/wp-content\/uploads\/2022\/09\/Logo-DoGood-people.png","width":400,"height":280,"caption":"DoGood People"},"image":{"@id":"https:\/\/www.dogoodpeople.com\/es\/#\/schema\/logo\/image\/"},"sameAs":["https:\/\/www.linkedin.com\/company\/dogood\/","https:\/\/www.instagram.com\/dogood_people\/"]}]}},"_links":{"self":[{"href":"https:\/\/www.dogoodpeople.com\/es\/wp-json\/wp\/v2\/pages\/21505","targetHints":{"allow":["GET"]}}],"collection":[{"href":"https:\/\/www.dogoodpeople.com\/es\/wp-json\/wp\/v2\/pages"}],"about":[{"href":"https:\/\/www.dogoodpeople.com\/es\/wp-json\/wp\/v2\/types\/page"}],"author":[{"embeddable":true,"href":"https:\/\/www.dogoodpeople.com\/es\/wp-json\/wp\/v2\/users\/7"}],"replies":[{"embeddable":true,"href":"https:\/\/www.dogoodpeople.com\/es\/wp-json\/wp\/v2\/comments?post=21505"}],"version-history":[{"count":0,"href":"https:\/\/www.dogoodpeople.com\/es\/wp-json\/wp\/v2\/pages\/21505\/revisions"}],"wp:attachment":[{"href":"https:\/\/www.dogoodpeople.com\/es\/wp-json\/wp\/v2\/media?parent=21505"}],"curies":[{"name":"wp","href":"https:\/\/api.w.org\/{rel}","templated":true}]}}