{"id":20117,"date":"2023-04-19T17:01:48","date_gmt":"2023-04-19T15:01:48","guid":{"rendered":"https:\/\/www.dogoodpeople.com\/?page_id=20117"},"modified":"2023-04-19T17:03:14","modified_gmt":"2023-04-19T15:03:14","slug":"bases-legales-del-concurso-retos-sostenible-en-el-mad-blue","status":"publish","type":"page","link":"https:\/\/www.dogoodpeople.com\/es\/bases-legales-del-concurso-retos-sostenible-en-el-mad-blue\/","title":{"rendered":"Bases legales del concurso Retos Sostenible en el Mad Blue"},"content":{"rendered":"\t\t<div data-elementor-type=\"wp-page\" data-elementor-id=\"20117\" class=\"elementor elementor-20117\" data-elementor-post-type=\"page\">\n\t\t\t\t\t\t<section class=\"elementor-section elementor-top-section elementor-element elementor-element-a4f8a15 elementor-section-boxed elementor-section-height-default elementor-section-height-default\" data-id=\"a4f8a15\" data-element_type=\"section\">\n\t\t\t\t\t\t<div class=\"elementor-container elementor-column-gap-default\">\n\t\t\t\t\t<div class=\"elementor-column elementor-col-100 elementor-top-column elementor-element elementor-element-aa34f1f\" data-id=\"aa34f1f\" data-element_type=\"column\">\n\t\t\t<div class=\"elementor-widget-wrap elementor-element-populated\">\n\t\t\t\t\t\t<div class=\"elementor-element elementor-element-3933628 elementor-widget elementor-widget-heading\" data-id=\"3933628\" data-element_type=\"widget\" data-widget_type=\"heading.default\">\n\t\t\t\t<div class=\"elementor-widget-container\">\n\t\t\t\t\t<h2 class=\"elementor-heading-title elementor-size-default\">BASES LEGALES DE PARTICIPACI\u00d3N EN LA PROMOCI\u00d3N\n<\/h2>\t\t\t\t<\/div>\n\t\t\t\t<\/div>\n\t\t\t\t\t<\/div>\n\t\t<\/div>\n\t\t\t\t\t<\/div>\n\t\t<\/section>\n\t\t\t\t<section class=\"elementor-section elementor-top-section elementor-element elementor-element-7354bd2 elementor-section-boxed elementor-section-height-default elementor-section-height-default\" data-id=\"7354bd2\" data-element_type=\"section\">\n\t\t\t\t\t\t<div class=\"elementor-container elementor-column-gap-default\">\n\t\t\t\t\t<div class=\"elementor-column elementor-col-100 elementor-top-column elementor-element elementor-element-d8c182e\" data-id=\"d8c182e\" data-element_type=\"column\">\n\t\t\t<div class=\"elementor-widget-wrap elementor-element-populated\">\n\t\t\t\t\t\t<div class=\"elementor-element elementor-element-c57593a elementor-widget elementor-widget-text-editor\" data-id=\"c57593a\" data-element_type=\"widget\" data-widget_type=\"text-editor.default\">\n\t\t\t\t<div class=\"elementor-widget-container\">\n\t\t\t\t\t\t\t\t\t<p><b>1.- EMPRESA ORGANIZADORA DE LA PROMOCI\u00d3N<\/b><\/p><p><span style=\"font-weight: 400;\">La Empresa DOGOOD PEOPLE S.L. con domicilio en Calle Diego de Le\u00f3n, 57, 28006 Madrid y n\u00famero identificativo B88472378 organiza con fines promocionales el concurso Retos sostenibles (en adelante, \u201cla Promoci\u00f3n\u201d) de \u00e1mbito nacional, a desarrollar a trav\u00e9s de Internet, exclusivo para usuarios residentes en Espa\u00f1a y mayores de edad de acuerdo con lo dispuesto en el apartado de condiciones para participar.<\/span><\/p><p>\u00a0<\/p><p><b>2.-FECHA DE INICIO Y FECHA DE FINALIZACI\u00d3N<\/b><\/p><p><span style=\"font-weight: 400;\">La Promoci\u00f3n se iniciar\u00e1 el d\u00eda 25 de abril de 2023, y finalizar\u00e1 el d\u00eda 27 de abril a las 23:59.<\/span><\/p><p>\u00a0<\/p><p><b>3.- REQUISITOS DE PARTICIPACI\u00d3N Y MEC\u00c1NICA DE LA PROMOCI\u00d3N<\/b><\/p><p><span style=\"font-weight: 400;\">Es importante subrayar que la participaci\u00f3n en el Concurso supone la aceptaci\u00f3n incondicional y el respeto de lo dispuesto en las presentes Bases Legales.<\/span><\/p><p><span style=\"font-weight: 400;\">Los requisitos de participaci\u00f3n ser\u00e1n los siguientes:<\/span><\/p><ul><li style=\"font-weight: 400;\" aria-level=\"1\"><span style=\"font-weight: 400;\">Podr\u00e1n participar aquellas personas que residan en Espa\u00f1a y sean mayores de 18 a\u00f1os.<\/span><\/li><li style=\"font-weight: 400;\" aria-level=\"1\"><span style=\"font-weight: 400;\">Los datos personales con los que los participantes rellenen el formulario de inscripci\u00f3n deber\u00e1n ser datos veraces.\u00a0<\/span><\/li><li style=\"font-weight: 400;\" aria-level=\"1\"><span style=\"font-weight: 400;\">Los Participantes s\u00f3lo podr\u00e1n inscribirse una vez en la presente promoci\u00f3n.<\/span><\/li><\/ul><p><span style=\"font-weight: 400;\">La mec\u00e1nica de la Promoci\u00f3n consiste en proponer una acci\u00f3n sostenible que genere un impacto positivo en el medioambiente o en la sociedad.<\/span><\/p><p>\u00a0<\/p><p><b>4.- CONDICIONES DE LA PROMOCI\u00d3N Y PREMIOS\u00a0<\/b><\/p><p><span style=\"font-weight: 400;\">Se elegir\u00e1 un ganador y 2 suplentes mediante la aplicaci\u00f3n para realizar sorteos. \u201cSortea2\u201d el d\u00eda 28 de abril.\u00a0<\/span><\/p><p><span style=\"font-weight: 400;\">El\/Los ganador\/es obtendr\u00e1\/n como premio: un Set EKODESKTOP de la marca Ekomodo valorado en 106\u20ac.<\/span><\/p><p>\u00a0<\/p><p><span style=\"font-weight: 400;\">El ganador podr\u00e1 contactar con la Empresa durante el plazo de 15 d\u00edas a contar desde la fecha en la que se anuncie en el perfil social de la marca o escribiendo al siguiente email: e.trias@dogoodpeople.com. En caso de que en el plazo estipulado no se produjese tal contacto se proceder\u00e1 a\u00a0 asignar el premio al segundo suplente. Este podr\u00e1 contactar con la Empresa durante el plazo de 15 d\u00edas a contar desde la fecha en la que reciba la notificaci\u00f3n por correo escribiendo al siguiente email: e.trias@dogoodpeople.com. En caso de que en el plazo estipulado no se produjese tal contacto se proceder\u00e1 a\u00a0 asignar el premio al tercer suplente. En caso de que en el plazo estipulado no se produjese tal contacto se proceder\u00e1 a declarar el sorteo desierto.<\/span><\/p><p><span style=\"font-weight: 400;\">La celebraci\u00f3n del sorteo, as\u00ed como la concesi\u00f3n del premio quedan sujetos a la normativa fiscal vigente.<\/span><\/p><p>\u00a0<\/p><p><b>5.- LIMITACIONES<\/b><\/p><p><span style=\"font-weight: 400;\">Si se evidenciase que cualquiera de los participantes no cumple con los requisitos exigidos en las Bases, o los datos proporcionados para participar no fueran v\u00e1lidos, su participaci\u00f3n se considerar\u00e1 nula y quedar\u00e1n autom\u00e1ticamente excluidos de la Promoci\u00f3n, perdiendo todo derecho sobre los premios otorgados en virtud de esta Promoci\u00f3n.<\/span><\/p><p><span style=\"font-weight: 400;\">No podr\u00e1n participar en la Promoci\u00f3n las siguientes personas: (i) Los trabajadores por cuenta ajena empleados en cualquiera de las sociedades y otras entidades con personalidad jur\u00eddica vinculadas a DOGOOD PEOPLE SL (ii) Las personas f\u00edsicas que participen directa o indirectamente en el capital de DOGOOD PEOPLE SL\u00a0 (iii) Cualquier otra persona f\u00edsica que haya participado directa o indirectamente en la organizaci\u00f3n de este Concurso o haya estado involucrado directa o indirectamente en su preparaci\u00f3n o desarrollo (agencia, proveedores, etc.).<\/span><\/p><p><span style=\"font-weight: 400;\">El premio entregado no ser\u00e1 transferible ni susceptible de cambios, alteraciones o compensaciones a petici\u00f3n de los Participantes, no pudiendo ser canjeado por cualquier otro producto ni por dinero.\u00a0<\/span><\/p><p><span style=\"font-weight: 400;\">DOGOOD PEOPLE SL se reserva el derecho, si concurre justa causa y previa comunicaci\u00f3n en legal forma, de efectuar cualquier cambio, suspender o ampliar esta Promoci\u00f3n.\u00a0<\/span><\/p><p><span style=\"font-weight: 400;\">Correr\u00e1n a cuenta y cargo del ganador cualquier carga fiscal o tributaria que la aceptaci\u00f3n del premio pudiera suponerle, as\u00ed como cualquier otro gasto derivado de la promoci\u00f3n que no est\u00e9 expresamente asumido por DOGOOD PEOPLE SL en las presentes Bases Legales.<\/span><\/p><p><span style=\"font-weight: 400;\">Se establece un plazo de QUINCE (15) d\u00edas naturales desde la fecha de la concesi\u00f3n del premio, para efectuar cualquier reclamaci\u00f3n motivada. DOGOOD PEOPLE SL se reserva, en caso de obligada necesidad, el derecho de sustituir el premio por otro de similares caracter\u00edsticas.<\/span><\/p><p>\u00a0<\/p><p><b>6.- PUBLICACI\u00d3N DE COMENTARIOS U OPINIONES<\/b><\/p><p><span style=\"font-weight: 400;\">No se permitir\u00e1n comentarios u opiniones cuyo contenido se considere inadecuado, que sean ofensivos, injuriosos o discriminatorios o que pudieran vulnerar derechos de terceros. Tampoco ser permitir\u00e1n comentarios contra un particular que vulneren los principios de derecho al honor, a la intimidad personal y familiar y a la propia imagen.\u00a0 No nos responsabilizaremos de los da\u00f1os ocasionados por los comentarios que hagan los participantes en la Promoci\u00f3n, y que en cualquier momento pudieran herir la sensibilidad de otros participantes.\u00a0<\/span><\/p><p><span style=\"font-weight: 400;\">Cualquier intento de entorpecer el buen desarrollo del Concurso ya sea por intervenci\u00f3n humana o mediante un aut\u00f3mata dar\u00e1 lugar a la descalificaci\u00f3n inmediata del participante anul\u00e1ndose su candidatura.<\/span><\/p><p>\u00a0<\/p><p><b>7.- EXONERACI\u00d3N DE RESPONSABILIDAD<\/b><\/p><p><span style=\"font-weight: 400;\">A t\u00edtulo enunciativo, pero no limitativo, no nos responsabilizamos a de las posibles p\u00e9rdidas, robos, retrasos o cualquiera otra circunstancia imputable a terceros que puedan afectar al desarrollo de la presente Promoci\u00f3n, as\u00ed como tampoco nos responsabilizamos a del uso que haga el participante respecto del premio que obtenga de esta Promoci\u00f3n, y no asume responsabilidad alguna por ning\u00fan da\u00f1o o perjuicio de cualquier tipo que pudieren sufrir los Participantes, ganador o terceros.<\/span><\/p><p><span style=\"font-weight: 400;\">No asumimos la responsabilidad en casos de fuerza mayor o caso fortuito que pudieran impedir la realizaci\u00f3n de la Promoci\u00f3n o el disfrute total o parcial del premio. En caso de que esta Promoci\u00f3n no pudiera realizarse, bien por fraudes detectados en la misma, errores t\u00e9cnicos, o cualquier otro motivo que no est\u00e9 bajo el control de DOGOOD PEOPLE SL\u00a0 y que afecte al normal desarrollo del Concurso, nos reservamos el derecho a cancelar, modificar, o suspender la misma, incluyendo la p\u00e1gina web de participaci\u00f3n.<\/span><\/p><p>\u00a0<\/p><p><b>8.- CAMBIOS<\/b><\/p><p><span style=\"font-weight: 400;\">Nos reservamos el derecho de modificar o ampliar estas bases promocionales, en la medida que no perjudique o menoscabe los derechos de los participantes en la Promoci\u00f3n.<\/span><\/p><p>\u00a0<\/p><p><b>9.- LEGISLACI\u00d3N APLICABLE Y JURISDICCI\u00d3N<\/b><\/p><p><span style=\"font-weight: 400;\">Estas bases legales se regir\u00e1n de conformidad con la ley espa\u00f1ola. Ser\u00e1n competentes para resolver cualquier reclamaci\u00f3n o controversia que pudiera plantearse en relaci\u00f3n con la validez, interpretaci\u00f3n o cumplimiento de estas bases los Juzgados y Tribunales de la ciudad del Participante.\u00a0<\/span><\/p><p><br \/><br \/><\/p>\t\t\t\t\t\t\t\t<\/div>\n\t\t\t\t<\/div>\n\t\t\t\t\t<\/div>\n\t\t<\/div>\n\t\t\t\t\t<\/div>\n\t\t<\/section>\n\t\t\t\t<\/div>\n\t\t","protected":false},"excerpt":{"rendered":"<p>BASES LEGALES DE PARTICIPACI\u00d3N EN LA PROMOCI\u00d3N 1.- EMPRESA ORGANIZADORA DE LA PROMOCI\u00d3N La Empresa [&hellip;]<\/p>\n","protected":false},"author":7,"featured_media":0,"parent":0,"menu_order":0,"comment_status":"closed","ping_status":"closed","template":"","meta":{"_acf_changed":false,"content-type":"","footnotes":""},"class_list":["post-20117","page","type-page","status-publish","hentry"],"acf":[],"yoast_head":"<!-- This site is optimized with the Yoast SEO Premium plugin v25.8 (Yoast SEO v27.6) - https:\/\/yoast.com\/product\/yoast-seo-premium-wordpress\/ -->\n<title>Bases legales del concurso Retos Sostenible en el Mad Blue - DoGood People<\/title>\n<meta name=\"robots\" content=\"noindex, nofollow\" \/>\n<meta property=\"og:locale\" content=\"es_ES\" \/>\n<meta property=\"og:type\" content=\"article\" \/>\n<meta property=\"og:title\" content=\"Bases legales del concurso Retos Sostenible en el Mad Blue\" \/>\n<meta property=\"og:description\" content=\"BASES LEGALES DE PARTICIPACI\u00d3N EN LA PROMOCI\u00d3N 1.- EMPRESA ORGANIZADORA DE LA PROMOCI\u00d3N La Empresa [&hellip;]\" \/>\n<meta property=\"og:url\" content=\"https:\/\/www.dogoodpeople.com\/es\/bases-legales-del-concurso-retos-sostenible-en-el-mad-blue\/\" \/>\n<meta property=\"og:site_name\" content=\"DoGood People\" \/>\n<meta property=\"article:modified_time\" content=\"2023-04-19T15:03:14+00:00\" \/>\n<meta property=\"og:image\" content=\"https:\/\/www.dogoodpeople.com\/wp-content\/uploads\/2022\/09\/logo_dogoodpeople_100.png\" \/>\n\t<meta property=\"og:image:width\" content=\"144\" \/>\n\t<meta property=\"og:image:height\" content=\"100\" \/>\n\t<meta property=\"og:image:type\" content=\"image\/png\" \/>\n<meta name=\"twitter:card\" content=\"summary_large_image\" \/>\n<meta name=\"twitter:label1\" content=\"Tiempo de lectura\" \/>\n\t<meta name=\"twitter:data1\" content=\"5 minutos\" \/>\n<script type=\"application\/ld+json\" class=\"yoast-schema-graph\">{\"@context\":\"https:\\\/\\\/schema.org\",\"@graph\":[{\"@type\":\"WebPage\",\"@id\":\"https:\\\/\\\/www.dogoodpeople.com\\\/es\\\/bases-legales-del-concurso-retos-sostenible-en-el-mad-blue\\\/\",\"url\":\"https:\\\/\\\/www.dogoodpeople.com\\\/es\\\/bases-legales-del-concurso-retos-sostenible-en-el-mad-blue\\\/\",\"name\":\"Bases legales del concurso Retos Sostenible en el Mad Blue - DoGood People\",\"isPartOf\":{\"@id\":\"https:\\\/\\\/www.dogoodpeople.com\\\/es\\\/#website\"},\"datePublished\":\"2023-04-19T15:01:48+00:00\",\"dateModified\":\"2023-04-19T15:03:14+00:00\",\"breadcrumb\":{\"@id\":\"https:\\\/\\\/www.dogoodpeople.com\\\/es\\\/bases-legales-del-concurso-retos-sostenible-en-el-mad-blue\\\/#breadcrumb\"},\"inLanguage\":\"es\",\"potentialAction\":[{\"@type\":\"ReadAction\",\"target\":[\"https:\\\/\\\/www.dogoodpeople.com\\\/es\\\/bases-legales-del-concurso-retos-sostenible-en-el-mad-blue\\\/\"]}]},{\"@type\":\"BreadcrumbList\",\"@id\":\"https:\\\/\\\/www.dogoodpeople.com\\\/es\\\/bases-legales-del-concurso-retos-sostenible-en-el-mad-blue\\\/#breadcrumb\",\"itemListElement\":[{\"@type\":\"ListItem\",\"position\":1,\"name\":\"Home\",\"item\":\"https:\\\/\\\/www.dogoodpeople.com\\\/es\\\/\"},{\"@type\":\"ListItem\",\"position\":2,\"name\":\"Bases legales del concurso Retos Sostenible en el Mad Blue\"}]},{\"@type\":\"WebSite\",\"@id\":\"https:\\\/\\\/www.dogoodpeople.com\\\/es\\\/#website\",\"url\":\"https:\\\/\\\/www.dogoodpeople.com\\\/es\\\/\",\"name\":\"DoGood People\",\"description\":\"Software para digitalizar el impacto ESG de los empleados y mejorar la reputaci\u00f3n sostenible de las empresas.\",\"publisher\":{\"@id\":\"https:\\\/\\\/www.dogoodpeople.com\\\/es\\\/#organization\"},\"alternateName\":\"DoGood\",\"potentialAction\":[{\"@type\":\"SearchAction\",\"target\":{\"@type\":\"EntryPoint\",\"urlTemplate\":\"https:\\\/\\\/www.dogoodpeople.com\\\/es\\\/?s={search_term_string}\"},\"query-input\":{\"@type\":\"PropertyValueSpecification\",\"valueRequired\":true,\"valueName\":\"search_term_string\"}}],\"inLanguage\":\"es\"},{\"@type\":\"Organization\",\"@id\":\"https:\\\/\\\/www.dogoodpeople.com\\\/es\\\/#organization\",\"name\":\"DoGood People\",\"url\":\"https:\\\/\\\/www.dogoodpeople.com\\\/es\\\/\",\"logo\":{\"@type\":\"ImageObject\",\"inLanguage\":\"es\",\"@id\":\"https:\\\/\\\/www.dogoodpeople.com\\\/es\\\/#\\\/schema\\\/logo\\\/image\\\/\",\"url\":\"https:\\\/\\\/www.dogoodpeople.com\\\/wp-content\\\/uploads\\\/2022\\\/09\\\/Logo-DoGood-people.png\",\"contentUrl\":\"https:\\\/\\\/www.dogoodpeople.com\\\/wp-content\\\/uploads\\\/2022\\\/09\\\/Logo-DoGood-people.png\",\"width\":400,\"height\":280,\"caption\":\"DoGood People\"},\"image\":{\"@id\":\"https:\\\/\\\/www.dogoodpeople.com\\\/es\\\/#\\\/schema\\\/logo\\\/image\\\/\"},\"sameAs\":[\"https:\\\/\\\/www.linkedin.com\\\/company\\\/dogood\\\/\",\"https:\\\/\\\/www.instagram.com\\\/dogood_people\\\/\"]}]}<\/script>\n<!-- \/ Yoast SEO Premium plugin. -->","yoast_head_json":{"title":"Bases legales del concurso Retos Sostenible en el Mad Blue - DoGood People","robots":{"index":"noindex","follow":"nofollow"},"og_locale":"es_ES","og_type":"article","og_title":"Bases legales del concurso Retos Sostenible en el Mad Blue","og_description":"BASES LEGALES DE PARTICIPACI\u00d3N EN LA PROMOCI\u00d3N 1.- EMPRESA ORGANIZADORA DE LA PROMOCI\u00d3N La Empresa [&hellip;]","og_url":"https:\/\/www.dogoodpeople.com\/es\/bases-legales-del-concurso-retos-sostenible-en-el-mad-blue\/","og_site_name":"DoGood People","article_modified_time":"2023-04-19T15:03:14+00:00","og_image":[{"width":144,"height":100,"url":"https:\/\/www.dogoodpeople.com\/wp-content\/uploads\/2022\/09\/logo_dogoodpeople_100.png","type":"image\/png"}],"twitter_card":"summary_large_image","twitter_misc":{"Tiempo de lectura":"5 minutos"},"schema":{"@context":"https:\/\/schema.org","@graph":[{"@type":"WebPage","@id":"https:\/\/www.dogoodpeople.com\/es\/bases-legales-del-concurso-retos-sostenible-en-el-mad-blue\/","url":"https:\/\/www.dogoodpeople.com\/es\/bases-legales-del-concurso-retos-sostenible-en-el-mad-blue\/","name":"Bases legales del concurso Retos Sostenible en el Mad Blue - DoGood People","isPartOf":{"@id":"https:\/\/www.dogoodpeople.com\/es\/#website"},"datePublished":"2023-04-19T15:01:48+00:00","dateModified":"2023-04-19T15:03:14+00:00","breadcrumb":{"@id":"https:\/\/www.dogoodpeople.com\/es\/bases-legales-del-concurso-retos-sostenible-en-el-mad-blue\/#breadcrumb"},"inLanguage":"es","potentialAction":[{"@type":"ReadAction","target":["https:\/\/www.dogoodpeople.com\/es\/bases-legales-del-concurso-retos-sostenible-en-el-mad-blue\/"]}]},{"@type":"BreadcrumbList","@id":"https:\/\/www.dogoodpeople.com\/es\/bases-legales-del-concurso-retos-sostenible-en-el-mad-blue\/#breadcrumb","itemListElement":[{"@type":"ListItem","position":1,"name":"Home","item":"https:\/\/www.dogoodpeople.com\/es\/"},{"@type":"ListItem","position":2,"name":"Bases legales del concurso Retos Sostenible en el Mad Blue"}]},{"@type":"WebSite","@id":"https:\/\/www.dogoodpeople.com\/es\/#website","url":"https:\/\/www.dogoodpeople.com\/es\/","name":"DoGood People","description":"Software para digitalizar el impacto ESG de los empleados y mejorar la reputaci\u00f3n sostenible de las empresas.","publisher":{"@id":"https:\/\/www.dogoodpeople.com\/es\/#organization"},"alternateName":"DoGood","potentialAction":[{"@type":"SearchAction","target":{"@type":"EntryPoint","urlTemplate":"https:\/\/www.dogoodpeople.com\/es\/?s={search_term_string}"},"query-input":{"@type":"PropertyValueSpecification","valueRequired":true,"valueName":"search_term_string"}}],"inLanguage":"es"},{"@type":"Organization","@id":"https:\/\/www.dogoodpeople.com\/es\/#organization","name":"DoGood People","url":"https:\/\/www.dogoodpeople.com\/es\/","logo":{"@type":"ImageObject","inLanguage":"es","@id":"https:\/\/www.dogoodpeople.com\/es\/#\/schema\/logo\/image\/","url":"https:\/\/www.dogoodpeople.com\/wp-content\/uploads\/2022\/09\/Logo-DoGood-people.png","contentUrl":"https:\/\/www.dogoodpeople.com\/wp-content\/uploads\/2022\/09\/Logo-DoGood-people.png","width":400,"height":280,"caption":"DoGood People"},"image":{"@id":"https:\/\/www.dogoodpeople.com\/es\/#\/schema\/logo\/image\/"},"sameAs":["https:\/\/www.linkedin.com\/company\/dogood\/","https:\/\/www.instagram.com\/dogood_people\/"]}]}},"_links":{"self":[{"href":"https:\/\/www.dogoodpeople.com\/es\/wp-json\/wp\/v2\/pages\/20117","targetHints":{"allow":["GET"]}}],"collection":[{"href":"https:\/\/www.dogoodpeople.com\/es\/wp-json\/wp\/v2\/pages"}],"about":[{"href":"https:\/\/www.dogoodpeople.com\/es\/wp-json\/wp\/v2\/types\/page"}],"author":[{"embeddable":true,"href":"https:\/\/www.dogoodpeople.com\/es\/wp-json\/wp\/v2\/users\/7"}],"replies":[{"embeddable":true,"href":"https:\/\/www.dogoodpeople.com\/es\/wp-json\/wp\/v2\/comments?post=20117"}],"version-history":[{"count":0,"href":"https:\/\/www.dogoodpeople.com\/es\/wp-json\/wp\/v2\/pages\/20117\/revisions"}],"wp:attachment":[{"href":"https:\/\/www.dogoodpeople.com\/es\/wp-json\/wp\/v2\/media?parent=20117"}],"curies":[{"name":"wp","href":"https:\/\/api.w.org\/{rel}","templated":true}]}}