{"id":17453,"date":"2023-01-18T13:44:54","date_gmt":"2023-01-18T12:44:54","guid":{"rendered":"https:\/\/www.dogoodpeople.com\/?page_id=17453"},"modified":"2024-03-04T17:55:38","modified_gmt":"2024-03-04T16:55:38","slug":"politica-de-privacidad-app-fluidra","status":"publish","type":"page","link":"https:\/\/www.dogoodpeople.com\/es\/politica-de-privacidad-app-fluidra\/","title":{"rendered":"Pol\u00edtica de Privacidad App &#8211; Fluidra"},"content":{"rendered":"\t\t<div data-elementor-type=\"wp-page\" data-elementor-id=\"17453\" class=\"elementor elementor-17453\" data-elementor-post-type=\"page\">\n\t\t\t\t\t\t<section class=\"elementor-section elementor-top-section elementor-element elementor-element-4c504d1 elementor-section-boxed elementor-section-height-default elementor-section-height-default\" data-id=\"4c504d1\" data-element_type=\"section\" data-settings=\"{&quot;background_background&quot;:&quot;classic&quot;}\">\n\t\t\t\t\t\t<div class=\"elementor-container elementor-column-gap-default\">\n\t\t\t\t\t<div class=\"elementor-column elementor-col-100 elementor-top-column elementor-element elementor-element-cc78ccb\" data-id=\"cc78ccb\" data-element_type=\"column\">\n\t\t\t<div class=\"elementor-widget-wrap elementor-element-populated\">\n\t\t\t\t\t\t<div class=\"elementor-element elementor-element-ba1b7e7 elementor-widget elementor-widget-heading\" data-id=\"ba1b7e7\" data-element_type=\"widget\" data-widget_type=\"heading.default\">\n\t\t\t\t<div class=\"elementor-widget-container\">\n\t\t\t\t\t<h1 class=\"elementor-heading-title elementor-size-default\">Pol\u00edtica de Privacidad App &#8211; Fluidra<\/h1>\t\t\t\t<\/div>\n\t\t\t\t<\/div>\n\t\t\t\t\t<\/div>\n\t\t<\/div>\n\t\t\t\t\t<\/div>\n\t\t<\/section>\n\t\t\t\t<section class=\"elementor-section elementor-top-section elementor-element elementor-element-7fe6af6 elementor-section-boxed elementor-section-height-default elementor-section-height-default\" data-id=\"7fe6af6\" data-element_type=\"section\">\n\t\t\t\t\t\t<div class=\"elementor-container elementor-column-gap-default\">\n\t\t\t\t\t<div class=\"elementor-column elementor-col-100 elementor-top-column elementor-element elementor-element-682bd8e\" data-id=\"682bd8e\" data-element_type=\"column\">\n\t\t\t<div class=\"elementor-widget-wrap elementor-element-populated\">\n\t\t\t\t\t\t<div class=\"elementor-element elementor-element-1a7e04b elementor-widget elementor-widget-text-editor\" data-id=\"1a7e04b\" data-element_type=\"widget\" data-widget_type=\"text-editor.default\">\n\t\t\t\t<div class=\"elementor-widget-container\">\n\t\t\t\t\t\t\t\t\t<p><strong><u>Fecha de actualizaci\u00f3n: 4 MARZO 2024<\/u><\/strong><\/p><p><span style=\"font-weight: 400;\">Ponemos a disposici\u00f3n de los usuarios de la Plataforma DoGood (en adelante, tambi\u00e9n la Aplicaci\u00f3n, la Plataforma o la App) la presente Pol\u00edtica de Privacidad y de Tratamiento de Datos Personales (en adelante, la \u201cPol\u00edtica\u201d), con la finalidad de ofrecer a los usuarios de la aplicaci\u00f3n DoGood informaci\u00f3n detallada sobre el tratamiento de sus datos personales.<\/span><\/p><p><span style=\"font-weight: 400;\">Esta Pol\u00edtica resultar\u00e1 de aplicaci\u00f3n a DoGood (en adelante, la Aplicaci\u00f3n) y todas aquellas funcionalidades de la misma. Podremos modificar esta Pol\u00edtica de Privacidad cuando resulte necesario. En caso de introducirse modificaciones, se lo comunicaremos a trav\u00e9s de la p\u00e1gina web o bien por otros medios, con la finalidad de que pueda conocer las nuevas condiciones de Privacidad. El hecho de continuar haciendo uso de las funcionalidades puestas a disposici\u00f3n por nuestra compa\u00f1\u00eda despu\u00e9s de haberle notificado las referidas modificaciones supondr\u00e1 que est\u00e1 de acuerdo con las mismas, salvo para los supuestos en los que sea necesario su consentimiento expreso, donde lo solicitaremos.<\/span><\/p><p><span style=\"font-weight: 400;\">A efectos de esta Pol\u00edtica de Privacidad, se podr\u00e1 entender \u201cusuario\u201d como aquella persona f\u00edsica que hace uso de las funcionalidades que DoGood ofrece a trav\u00e9s de su p\u00e1gina aplicaci\u00f3n.<\/span><\/p><p><span style=\"font-weight: 400;\">En cumplimiento de lo dispuesto en el Reglamento General de Protecci\u00f3n de datos, la Ley Org\u00e1nica 3\/2018, de 5 de diciembre de Protecci\u00f3n de datos Personales y garant\u00eda de los derechos digitales, y en la Ley 34\/2002, de 11 de julio, de servicios de la sociedad de la informaci\u00f3n y comercio electr\u00f3nico, se informa al Usuario del Portal de lo siguiente:<\/span><\/p><p><span style=\"font-weight: 400;\">RESPONSABLE Y ENCARGADO DEL TRATAMIENTO<\/span><\/p><ul><li style=\"font-weight: 400;\" aria-level=\"1\"><span style=\"font-weight: 400;\">Datos proporcionados por el usuario: los datos de car\u00e1cter personal que el usuario introduzca en el programa directamente sera\u0301n tratados por DoGood People, S.L. como RESPONSABLE DEL TRATAMIENTO, con domicilio social en Calle Diego de Leo\u0301n, 57, 28006 Madrid<\/span><\/li><li style=\"font-weight: 400;\" aria-level=\"1\"><span style=\"font-weight: 400;\">Datos proporcionados por el CLIENTE: los datos de car\u00e1cter personal del usuario proporcionados a DoGood por el CLIENTE, sera\u0301n tratados por DoGood People, S.L. como ENCARGADO DEL TRATAMIENTO, Fluidra, S.A. realizar\u00e1 el tratamiento de los datos en calidad de RESPONSABLE DEL TRATAMIENTO, con domicilio postal en Avda. Alcalde Barnils, 69, 08174, Sant Cugat del Valle\u0300s (Barcelona) y CIF A-17728593.\u00a0<\/span><\/li><\/ul><p><span style=\"font-weight: 400;\">Para garantizar la adecuada gesti\u00f3n en el tratamiento de sus datos DoGood tiene designado un buz\u00f3n de contacto, a quien podr\u00e1 dirigirse para cualquier cuesti\u00f3n que precise y con quien puede contactar en la direcci\u00f3n electr\u00f3nica <\/span><a href=\"mailto:hola@dogoodpeople.com\"><span style=\"font-weight: 400;\">hola@dogoodpeople.com<\/span><\/a><span style=\"font-weight: 400;\">. El USUARIO tambi\u00e9n podra\u0301 ejercer sus derechos de acceso, rectificacio\u0301n, supresio\u0301n, oposicio\u0301n, limitacio\u0301n o portabilidad mediante correo electro\u0301nico a dataprivacy@fluidra.com.<\/span><\/p><p><span style=\"font-weight: 400;\">DATOS TRATADOS POR DOGOOD Y FUENTES DE LAS QUE PROCEDEN<\/span><\/p><p><span style=\"font-weight: 400;\">A continuaci\u00f3n, se informa al Usuario de los datos que podr\u00e1n ser tratados por DoGood y de las fuentes de las que proceden.<\/span><\/p><p><span style=\"font-weight: 400;\">Fuentes de procedencia de los datos: Datos aportados por el usuario mediante la cumplimentaci\u00f3n de los campos puestos a disposici\u00f3n para el usuario, por cualquier otra v\u00eda mediante la que el usuario entable comunicaci\u00f3n con DoGood, por la comunicaci\u00f3n entre el CLIENTE y DoGood, o como consecuencia de su relaci\u00f3n con DoGood mediante el contrato de trabajo con la empresa a la que usted pertenece.<\/span><\/p><p><span style=\"font-weight: 400;\">Email, nombre y apellidos, en caso de ser aportados por Google, Apple, o servicios similares utilizados por el usuario para registrarse y acceder a DoGood.<\/span><\/p><p><span style=\"font-weight: 400;\">Categor\u00edas de datos tratados: DoGood podr\u00e1 tratar datos personales de las siguientes categor\u00edas, en funci\u00f3n de la relaci\u00f3n entablada con el usuario:<\/span><\/p><ul><li style=\"font-weight: 400;\" aria-level=\"1\"><span style=\"font-weight: 400;\">Datos identificativos (p.ej., nombre y apellidos, correo electr\u00f3nico, direcci\u00f3n postal, tel\u00e9fono, direcci\u00f3n IP, etc.).<\/span><\/li><\/ul><p><span style=\"font-weight: 400;\">FINALIDADES Y LEGITIMACI\u00d3N PARA EL TRATAMIENTO DE SUS DATOS<\/span><\/p><p><span style=\"font-weight: 400;\">DoGood podr\u00e1 tratar los datos indicados para la realizaci\u00f3n de diversas finalidades y prop\u00f3sitos que se indican a continuaci\u00f3n:<\/span><\/p><ol><li><span style=\"font-weight: 400;\">Almacenamiento y gesti\u00f3n de las consultas que pudieran realizarse a trav\u00e9s de los formularios de contacto.<\/span><\/li><li><span style=\"font-weight: 400;\">Gesti\u00f3n de la participaci\u00f3n del usuario en los retos y las finalidades directamente relacionadas con la participaci\u00f3n. DoGood tratar\u00e1 sus datos para darle de alta en la Plataforma, realizar el seguimiento de los retos del usuario, la valoraci\u00f3n de las puntuaciones obtenidas, realizar notificaciones sobre los retos y entregar premios.<\/span><\/li><li><span style=\"font-weight: 400;\">El env\u00edo de newsletters a los usuarios registrados, para mantenerle al d\u00eda de las puntuaciones, nuevos retos y otras novedades de la Plataforma.<\/span><\/li><\/ol><p><span style=\"font-weight: 400;\">DoGood trata los datos de car\u00e1cter personal facilitados por los usuarios de acuerdo con las siguientes bases legitimadoras, en funci\u00f3n de la tipolog\u00eda de datos que sean facilitados por el usuario, as\u00ed como de las interacciones que el usuario entable con DoGood.<\/span><\/p><ul><li><span style=\"font-weight: 400;\">Almacenamiento y gesti\u00f3n de las consultas que pudieran realizarse a trav\u00e9s de los formularios de contacto, gesti\u00f3n de la participaci\u00f3n del usuario en los retos y las finalidades directamente relacionadas con la participaci\u00f3n y el env\u00edo de Newsletters a los usuarios registrados, para mantenerles al d\u00eda de las puntuaciones, nuevos retos y otras novedades de la Aplicaci\u00f3n: desarrollo y mantenimiento de la relaci\u00f3n jur\u00eddica y \/ o contractual entablada entre el Usuario y DoGood y desarrollo y mantenimiento de la relaci\u00f3n jur\u00eddica y \/ o contractual entablada entre el CLIENTE y DoGood .<\/span><\/li><\/ul><p><span style=\"font-weight: 400;\">COMUNICACI\u00d3N DE LOS DATOS<\/span><\/p><p><span style=\"font-weight: 400;\">Los datos personales tratados para alcanzar las finalidades detalladas anteriormente podr\u00e1n ser comunicados a los siguientes destinatarios en funci\u00f3n de la base legitimadora de la comunicaci\u00f3n.<\/span><\/p><ul><li><span style=\"font-weight: 400;\">Proveedores necesarios para el cumplimiento de las finalidades, con el fin \u00fanico y exclusivo de cumplir con la relaci\u00f3n de negocio creada. En ning\u00fan caso podr\u00e1n dichos terceros proveedores realizar acciones comerciales o promocionales directas a los Usuarios ni comunicar dichos datos a terceras personas o entidades de su mismo grupo, cualquiera que fuera la finalidad de la comunicaci\u00f3n, recayendo exclusivamente sobre dichos terceros proveedores la responsabilidad que corresponda en caso de incumplimiento de lo anterior.<\/span><\/li><li><span style=\"font-weight: 400;\">Otras sociedades pertenecientes a DoGood.<\/span><\/li><\/ul><p><span style=\"font-weight: 400;\">CONSERVACI\u00d3N DE DATOS<\/span><\/p><p><span style=\"font-weight: 400;\">Trataremos sus datos personales en tanto se mantenga la relaci\u00f3n contractual con la empresa a la que usted pertenece o, en su caso, cuando deje de ser usuario de la aplicaci\u00f3n, momento a partir del cual procederemos a bloquearlos hasta su definitiva supresi\u00f3n conforme a los plazos legalmente habilitados.<\/span><\/p><p><span style=\"font-weight: 400;\">GARANT\u00cdAS APORTADAS POR EL USUARIO SOBRE LOS DATOS PROPORCIONADOS<\/span><\/p><p><span style=\"font-weight: 400;\">El usuario garantiza que los datos que aporte son verdaderos, exactos, completos y se encuentran actualizados, siendo responsable de cualquier da\u00f1o o perjuicio, directo o indirecto, que pudiera ocasionarse como consecuencia del incumplimiento de tal obligaci\u00f3n.<\/span><\/p><p><span style=\"font-weight: 400;\">El Usuario se compromete y obliga a comunicar de forma inmediata DoGood cualquier modificaci\u00f3n relevante de sus datos personales a fin de que la informaci\u00f3n contenida en sus ficheros est\u00e9 en todo momento actualizada y no contenga errores.<\/span><\/p><p><span style=\"font-weight: 400;\">MEDIDAS ADOPTADAS PARA PROTEGER SUS DATOS<\/span><\/p><p><span style=\"font-weight: 400;\">Con el fin de garantizar la seguridad y confidencialidad de sus datos, DoGood se compromete a tratar de forma<\/span><\/p><p><span style=\"font-weight: 400;\">absolutamente confidencial los datos de car\u00e1cter personal del Usuario, haciendo uso de los mismos exclusivamente para las finalidades indicadas en esta pol\u00edtica de privacidad.<\/span><\/p><p><span style=\"font-weight: 400;\">DoGood ha adoptado los niveles de seguridad requeridos en materia de protecci\u00f3n de datos y tiene implantadas las medidas de seguridad de \u00edndole t\u00e9cnica y organizativas necesarias que garantizan la seguridad de sus datos de personales y evitan su alteraci\u00f3n, p\u00e9rdida, tratamiento y\/o acceso no autorizado, habida cuenta del estado de la tecnolog\u00eda, la naturaleza de los datos almacenados y los riesgos a que est\u00e1n expuestos, ya provengan de la acci\u00f3n humana o del medio f\u00edsico o natural. En todo caso, debe tener en consideraci\u00f3n que las medidas de seguridad en Internet no son inexpugnables.<\/span><\/p><p><span style=\"font-weight: 400;\">DERECHOS SOBRE SUS DATOS PERSONALES<\/span><\/p><p><span style=\"font-weight: 400;\">DoGood le informa que tiene derecho a obtener confirmaci\u00f3n sobre si estamos tratando datos personales que le conciernen o no. Del mismo modo, DoGood le informa que usted cuenta con los siguientes derechos sobre sus datos de car\u00e1cter personal:<\/span><\/p><p><span style=\"font-weight: 400;\">Acceder a sus datos: Ud. tiene derecho a acceder a sus datos para conocer qu\u00e9 datos personales estamos tratando que le conciernen.<\/span><\/p><p><span style=\"font-weight: 400;\">Solicitar la rectificaci\u00f3n o supresi\u00f3n de sus datos: En determinadas circunstancias, Ud. tiene derecho a rectificar aquellos datos personales inexactos que le conciernen que sean objeto de tratamiento por nuestra parte o, incluso, a solicitarnos su supresi\u00f3n cuando, entre otros motivos, los datos ya no fueran necesarios para los fines que fueron recogidos.<\/span><\/p><p><span style=\"font-weight: 400;\">Solicitar la limitaci\u00f3n del tratamiento de sus datos: En determinadas circunstancias, Ud. tendr\u00e1 derecho a solicitarnos la limitaci\u00f3n del tratamiento de sus datos, en cuyo caso le informamos que \u00fanicamente los conservaremos para el ejercicio o defensa de reclamaciones tal y como prev\u00e9 el Reglamento General de Protecci\u00f3n de Datos.<\/span><\/p><p><span style=\"font-weight: 400;\">A la portabilidad de sus datos: En determinadas circunstancias, Ud. tendr\u00e1 derecho a recibir los datos personales que le incumban, y que nos haya facilitado, en un formato estructurado, de uso com\u00fan y lectura mec\u00e1nica, y a transmitirlos a otro responsable del tratamiento.<\/span><\/p><p><span style=\"font-weight: 400;\">Oponerse al tratamiento de sus datos: En determinadas circunstancias y por motivos relacionados con su situaci\u00f3n particular, Ud. tendr\u00e1 derecho a oponerse al tratamiento de sus datos en cuyo caso dejar\u00edamos de tratarlos salvo que la continuaci\u00f3n en el tratamiento resulte necesaria por motivos leg\u00edtimos imperiosos, o el ejercicio o la defensa de posibles reclamaciones. Asimismo, le recordamos que, en su caso,<\/span><\/p><p><span style=\"font-weight: 400;\">Ud. podr\u00e1 oponerse al tratamiento de sus datos con fines promocionales.<\/span><\/p><p><span style=\"font-weight: 400;\">Derecho a no ser objeto de decisiones automatizadas: Tiene Ud. Derecho a no ser objeto de una decisi\u00f3n basada \u00fanicamente en el tratamiento automatizado, incluida la elaboraci\u00f3n de perfiles, que produzca efectos jur\u00eddicos sobre Ud. o le afecte significativamente de modo similar.<\/span><\/p><p><span style=\"font-weight: 400;\">Derecho a retirar el consentimiento en cualquier momento, respecto a aquellas finalidades para las que lo otorg\u00f3, sin que ello afecte a la licitud del tratamiento basado en el consentimiento previo a su retirada.<\/span><\/p><p><span style=\"font-weight: 400;\">Para el ejercicio de los citados derechos el interesado podr\u00e1 ponerse en contacto dirigiendo un escrito a DoGood a la direcci\u00f3n postal indicada en el apartado o bien a hola@dogoodpeople.com.<\/span><\/p><p><span style=\"font-weight: 400;\">Responderemos a sus peticiones a la mayor brevedad posible y, en todo caso, en el plazo de un mes desde la recepci\u00f3n de su solicitud. Dicho plazo podr\u00e1 prorrogarse otros dos meses en caso necesario, teniendo en cuenta la complejidad y el n\u00famero de solicitudes. En tal caso, DoGood informar\u00e1 al interesado de la pr\u00f3rroga dentro del primer mes desde la solicitud.<\/span><\/p><p><span style=\"font-weight: 400;\">DoGood le informa que podr\u00e1 presentar reclamaci\u00f3n ante la Autoridad de Control competente en materia de protecci\u00f3n de datos, especialmente cuando no haya obtenido satisfacci\u00f3n en el ejercicio de sus derechos, a estos efectos debe dirigirse ante la Agencia Espa\u00f1ola de Protecci\u00f3n de Datos (www.aepd.es).<\/span><\/p><p><span style=\"font-weight: 400;\">Con car\u00e1cter previo a la presentaci\u00f3n de dicha reclamaci\u00f3n ante la Agencia Espa\u00f1ola de Protecci\u00f3n de datos, usted puede dirigirse a hola@dogoodpeople.com.<\/span><\/p>\t\t\t\t\t\t\t\t<\/div>\n\t\t\t\t<\/div>\n\t\t\t\t\t<\/div>\n\t\t<\/div>\n\t\t\t\t\t<\/div>\n\t\t<\/section>\n\t\t\t\t<\/div>\n\t\t","protected":false},"excerpt":{"rendered":"<p>Fecha de actualizaci\u00f3n: 4 MARZO 2024 Ponemos a disposici\u00f3n de los usuarios de la Plataforma [&hellip;]<\/p>\n","protected":false},"author":13,"featured_media":0,"parent":0,"menu_order":0,"comment_status":"closed","ping_status":"closed","template":"","meta":{"_acf_changed":false,"content-type":"","footnotes":""},"class_list":["post-17453","page","type-page","status-publish","hentry"],"acf":[],"yoast_head":"<!-- This site is optimized with the Yoast SEO Premium plugin v25.8 (Yoast SEO v27.5) - https:\/\/yoast.com\/product\/yoast-seo-premium-wordpress\/ -->\n<title>Pol\u00edtica de Privacidad App - Fluidra - DoGood People<\/title>\n<meta name=\"robots\" content=\"noindex, nofollow\" \/>\n<meta property=\"og:locale\" content=\"es_ES\" \/>\n<meta property=\"og:type\" content=\"article\" \/>\n<meta property=\"og:title\" content=\"Pol\u00edtica de Privacidad App - Fluidra\" \/>\n<meta property=\"og:description\" content=\"Fecha de actualizaci\u00f3n: 4 MARZO 2024 Ponemos a disposici\u00f3n de los usuarios de la Plataforma [&hellip;]\" \/>\n<meta property=\"og:url\" content=\"https:\/\/www.dogoodpeople.com\/es\/politica-de-privacidad-app-fluidra\/\" \/>\n<meta property=\"og:site_name\" content=\"DoGood People\" \/>\n<meta property=\"article:modified_time\" content=\"2024-03-04T16:55:38+00:00\" \/>\n<meta property=\"og:image\" content=\"https:\/\/www.dogoodpeople.com\/wp-content\/uploads\/2022\/09\/logo_dogoodpeople_100.png\" \/>\n\t<meta property=\"og:image:width\" content=\"144\" \/>\n\t<meta property=\"og:image:height\" content=\"100\" \/>\n\t<meta property=\"og:image:type\" content=\"image\/png\" \/>\n<meta name=\"twitter:card\" content=\"summary_large_image\" \/>\n<meta name=\"twitter:label1\" content=\"Tiempo de lectura\" \/>\n\t<meta name=\"twitter:data1\" content=\"8 minutos\" \/>\n<script type=\"application\/ld+json\" class=\"yoast-schema-graph\">{\"@context\":\"https:\\\/\\\/schema.org\",\"@graph\":[{\"@type\":\"WebPage\",\"@id\":\"https:\\\/\\\/www.dogoodpeople.com\\\/es\\\/politica-de-privacidad-app-fluidra\\\/\",\"url\":\"https:\\\/\\\/www.dogoodpeople.com\\\/es\\\/politica-de-privacidad-app-fluidra\\\/\",\"name\":\"Pol\u00edtica de Privacidad App - Fluidra - DoGood People\",\"isPartOf\":{\"@id\":\"https:\\\/\\\/www.dogoodpeople.com\\\/es\\\/#website\"},\"datePublished\":\"2023-01-18T12:44:54+00:00\",\"dateModified\":\"2024-03-04T16:55:38+00:00\",\"breadcrumb\":{\"@id\":\"https:\\\/\\\/www.dogoodpeople.com\\\/es\\\/politica-de-privacidad-app-fluidra\\\/#breadcrumb\"},\"inLanguage\":\"es\",\"potentialAction\":[{\"@type\":\"ReadAction\",\"target\":[\"https:\\\/\\\/www.dogoodpeople.com\\\/es\\\/politica-de-privacidad-app-fluidra\\\/\"]}]},{\"@type\":\"BreadcrumbList\",\"@id\":\"https:\\\/\\\/www.dogoodpeople.com\\\/es\\\/politica-de-privacidad-app-fluidra\\\/#breadcrumb\",\"itemListElement\":[{\"@type\":\"ListItem\",\"position\":1,\"name\":\"Home\",\"item\":\"https:\\\/\\\/www.dogoodpeople.com\\\/es\\\/\"},{\"@type\":\"ListItem\",\"position\":2,\"name\":\"Pol\u00edtica de Privacidad App &#8211; Fluidra\"}]},{\"@type\":\"WebSite\",\"@id\":\"https:\\\/\\\/www.dogoodpeople.com\\\/es\\\/#website\",\"url\":\"https:\\\/\\\/www.dogoodpeople.com\\\/es\\\/\",\"name\":\"DoGood People\",\"description\":\"Software para digitalizar el impacto ESG de los empleados y mejorar la reputaci\u00f3n sostenible de las empresas.\",\"publisher\":{\"@id\":\"https:\\\/\\\/www.dogoodpeople.com\\\/es\\\/#organization\"},\"alternateName\":\"DoGood\",\"potentialAction\":[{\"@type\":\"SearchAction\",\"target\":{\"@type\":\"EntryPoint\",\"urlTemplate\":\"https:\\\/\\\/www.dogoodpeople.com\\\/es\\\/?s={search_term_string}\"},\"query-input\":{\"@type\":\"PropertyValueSpecification\",\"valueRequired\":true,\"valueName\":\"search_term_string\"}}],\"inLanguage\":\"es\"},{\"@type\":\"Organization\",\"@id\":\"https:\\\/\\\/www.dogoodpeople.com\\\/es\\\/#organization\",\"name\":\"DoGood People\",\"url\":\"https:\\\/\\\/www.dogoodpeople.com\\\/es\\\/\",\"logo\":{\"@type\":\"ImageObject\",\"inLanguage\":\"es\",\"@id\":\"https:\\\/\\\/www.dogoodpeople.com\\\/es\\\/#\\\/schema\\\/logo\\\/image\\\/\",\"url\":\"https:\\\/\\\/www.dogoodpeople.com\\\/wp-content\\\/uploads\\\/2022\\\/09\\\/Logo-DoGood-people.png\",\"contentUrl\":\"https:\\\/\\\/www.dogoodpeople.com\\\/wp-content\\\/uploads\\\/2022\\\/09\\\/Logo-DoGood-people.png\",\"width\":400,\"height\":280,\"caption\":\"DoGood People\"},\"image\":{\"@id\":\"https:\\\/\\\/www.dogoodpeople.com\\\/es\\\/#\\\/schema\\\/logo\\\/image\\\/\"},\"sameAs\":[\"https:\\\/\\\/www.linkedin.com\\\/company\\\/dogood\\\/\",\"https:\\\/\\\/www.instagram.com\\\/dogood_people\\\/\"]}]}<\/script>\n<!-- \/ Yoast SEO Premium plugin. -->","yoast_head_json":{"title":"Pol\u00edtica de Privacidad App - Fluidra - DoGood People","robots":{"index":"noindex","follow":"nofollow"},"og_locale":"es_ES","og_type":"article","og_title":"Pol\u00edtica de Privacidad App - Fluidra","og_description":"Fecha de actualizaci\u00f3n: 4 MARZO 2024 Ponemos a disposici\u00f3n de los usuarios de la Plataforma [&hellip;]","og_url":"https:\/\/www.dogoodpeople.com\/es\/politica-de-privacidad-app-fluidra\/","og_site_name":"DoGood People","article_modified_time":"2024-03-04T16:55:38+00:00","og_image":[{"width":144,"height":100,"url":"https:\/\/www.dogoodpeople.com\/wp-content\/uploads\/2022\/09\/logo_dogoodpeople_100.png","type":"image\/png"}],"twitter_card":"summary_large_image","twitter_misc":{"Tiempo de lectura":"8 minutos"},"schema":{"@context":"https:\/\/schema.org","@graph":[{"@type":"WebPage","@id":"https:\/\/www.dogoodpeople.com\/es\/politica-de-privacidad-app-fluidra\/","url":"https:\/\/www.dogoodpeople.com\/es\/politica-de-privacidad-app-fluidra\/","name":"Pol\u00edtica de Privacidad App - Fluidra - DoGood People","isPartOf":{"@id":"https:\/\/www.dogoodpeople.com\/es\/#website"},"datePublished":"2023-01-18T12:44:54+00:00","dateModified":"2024-03-04T16:55:38+00:00","breadcrumb":{"@id":"https:\/\/www.dogoodpeople.com\/es\/politica-de-privacidad-app-fluidra\/#breadcrumb"},"inLanguage":"es","potentialAction":[{"@type":"ReadAction","target":["https:\/\/www.dogoodpeople.com\/es\/politica-de-privacidad-app-fluidra\/"]}]},{"@type":"BreadcrumbList","@id":"https:\/\/www.dogoodpeople.com\/es\/politica-de-privacidad-app-fluidra\/#breadcrumb","itemListElement":[{"@type":"ListItem","position":1,"name":"Home","item":"https:\/\/www.dogoodpeople.com\/es\/"},{"@type":"ListItem","position":2,"name":"Pol\u00edtica de Privacidad App &#8211; Fluidra"}]},{"@type":"WebSite","@id":"https:\/\/www.dogoodpeople.com\/es\/#website","url":"https:\/\/www.dogoodpeople.com\/es\/","name":"DoGood People","description":"Software para digitalizar el impacto ESG de los empleados y mejorar la reputaci\u00f3n sostenible de las empresas.","publisher":{"@id":"https:\/\/www.dogoodpeople.com\/es\/#organization"},"alternateName":"DoGood","potentialAction":[{"@type":"SearchAction","target":{"@type":"EntryPoint","urlTemplate":"https:\/\/www.dogoodpeople.com\/es\/?s={search_term_string}"},"query-input":{"@type":"PropertyValueSpecification","valueRequired":true,"valueName":"search_term_string"}}],"inLanguage":"es"},{"@type":"Organization","@id":"https:\/\/www.dogoodpeople.com\/es\/#organization","name":"DoGood People","url":"https:\/\/www.dogoodpeople.com\/es\/","logo":{"@type":"ImageObject","inLanguage":"es","@id":"https:\/\/www.dogoodpeople.com\/es\/#\/schema\/logo\/image\/","url":"https:\/\/www.dogoodpeople.com\/wp-content\/uploads\/2022\/09\/Logo-DoGood-people.png","contentUrl":"https:\/\/www.dogoodpeople.com\/wp-content\/uploads\/2022\/09\/Logo-DoGood-people.png","width":400,"height":280,"caption":"DoGood People"},"image":{"@id":"https:\/\/www.dogoodpeople.com\/es\/#\/schema\/logo\/image\/"},"sameAs":["https:\/\/www.linkedin.com\/company\/dogood\/","https:\/\/www.instagram.com\/dogood_people\/"]}]}},"_links":{"self":[{"href":"https:\/\/www.dogoodpeople.com\/es\/wp-json\/wp\/v2\/pages\/17453","targetHints":{"allow":["GET"]}}],"collection":[{"href":"https:\/\/www.dogoodpeople.com\/es\/wp-json\/wp\/v2\/pages"}],"about":[{"href":"https:\/\/www.dogoodpeople.com\/es\/wp-json\/wp\/v2\/types\/page"}],"author":[{"embeddable":true,"href":"https:\/\/www.dogoodpeople.com\/es\/wp-json\/wp\/v2\/users\/13"}],"replies":[{"embeddable":true,"href":"https:\/\/www.dogoodpeople.com\/es\/wp-json\/wp\/v2\/comments?post=17453"}],"version-history":[{"count":3,"href":"https:\/\/www.dogoodpeople.com\/es\/wp-json\/wp\/v2\/pages\/17453\/revisions"}],"predecessor-version":[{"id":26323,"href":"https:\/\/www.dogoodpeople.com\/es\/wp-json\/wp\/v2\/pages\/17453\/revisions\/26323"}],"wp:attachment":[{"href":"https:\/\/www.dogoodpeople.com\/es\/wp-json\/wp\/v2\/media?parent=17453"}],"curies":[{"name":"wp","href":"https:\/\/api.w.org\/{rel}","templated":true}]}}