{"id":15423,"date":"2022-11-02T18:24:28","date_gmt":"2022-11-02T17:24:28","guid":{"rendered":"https:\/\/www.dogoodpeople.com\/?page_id=15423"},"modified":"2023-06-01T16:03:15","modified_gmt":"2023-06-01T14:03:15","slug":"politica-de-privacidad-app-programa-demo-test-clientes","status":"publish","type":"page","link":"https:\/\/www.dogoodpeople.com\/es\/politica-de-privacidad-app-programa-demo-test-clientes\/","title":{"rendered":"Pol\u00edtica de Privacidad App &#8211; Programa Demo Test Clientes"},"content":{"rendered":"\t\t<div data-elementor-type=\"wp-page\" data-elementor-id=\"15423\" class=\"elementor elementor-15423\" data-elementor-post-type=\"page\">\n\t\t\t\t\t\t<section class=\"elementor-section elementor-top-section elementor-element elementor-element-4c504d1 elementor-section-boxed elementor-section-height-default elementor-section-height-default\" data-id=\"4c504d1\" data-element_type=\"section\" data-settings=\"{&quot;background_background&quot;:&quot;classic&quot;}\">\n\t\t\t\t\t\t<div class=\"elementor-container elementor-column-gap-default\">\n\t\t\t\t\t<div class=\"elementor-column elementor-col-100 elementor-top-column elementor-element elementor-element-cc78ccb\" data-id=\"cc78ccb\" data-element_type=\"column\">\n\t\t\t<div class=\"elementor-widget-wrap elementor-element-populated\">\n\t\t\t\t\t\t<div class=\"elementor-element elementor-element-ba1b7e7 elementor-widget elementor-widget-heading\" data-id=\"ba1b7e7\" data-element_type=\"widget\" data-widget_type=\"heading.default\">\n\t\t\t\t<div class=\"elementor-widget-container\">\n\t\t\t\t\t<h1 class=\"elementor-heading-title elementor-size-default\">Pol\u00edtica de Privacidad App &#8211; Programa Demo Test Clientes<\/h1>\t\t\t\t<\/div>\n\t\t\t\t<\/div>\n\t\t\t\t\t<\/div>\n\t\t<\/div>\n\t\t\t\t\t<\/div>\n\t\t<\/section>\n\t\t\t\t<section class=\"elementor-section elementor-top-section elementor-element elementor-element-7fe6af6 elementor-section-boxed elementor-section-height-default elementor-section-height-default\" data-id=\"7fe6af6\" data-element_type=\"section\">\n\t\t\t\t\t\t<div class=\"elementor-container elementor-column-gap-default\">\n\t\t\t\t\t<div class=\"elementor-column elementor-col-100 elementor-top-column elementor-element elementor-element-682bd8e\" data-id=\"682bd8e\" data-element_type=\"column\">\n\t\t\t<div class=\"elementor-widget-wrap elementor-element-populated\">\n\t\t\t\t\t\t<div class=\"elementor-element elementor-element-1a7e04b elementor-widget elementor-widget-text-editor\" data-id=\"1a7e04b\" data-element_type=\"widget\" data-widget_type=\"text-editor.default\">\n\t\t\t\t<div class=\"elementor-widget-container\">\n\t\t\t\t\t\t\t\t\t<p><strong><u>Fecha de actualizaci\u00f3n: 3 Nov 2022<\/u><\/strong><\/p><p>Ponemos a disposici\u00f3n de los usuarios de la App DoGood esta Pol\u00edtica de Privacidad, para ofrecer informaci\u00f3n detallada sobre el tratamiento de sus datos personales.<\/p><p>Podremos modificar esta Pol\u00edtica cuando resulte necesario, si lo hacemos, se lo comunicaremos a los usuarios a trav\u00e9s de la p\u00e1gina web o por otros medios para pueda conocer las nuevas condiciones. El hecho de continuar haciendo uso de las funcionalidades puestas a disposici\u00f3n por nuestra compa\u00f1\u00eda despu\u00e9s de haber notificado las modificaciones supondr\u00e1 que est\u00e1 de acuerdo con las mismas, salvo para los supuestos en los que sea necesario su consentimiento expreso, donde lo solicitaremos.<\/p><p>En cumplimiento de lo dispuesto en el Reglamento UE 2016\/679 del Parlamento Europeo y del Consejo de 27 de Abril de 2016 (RGPD), la Ley Org\u00e1nica 3\/2018, de 5 de diciembre de Protecci\u00f3n de datos Personales y garant\u00eda de los derechos digitales (LOPDGDD), y en la Ley 34\/2002, de 11 de julio, de servicios de la sociedad de la informaci\u00f3n y comercio electr\u00f3nico (LSSI), se informa al usuario de lo siguiente:<\/p><p><strong>RESPONSABLE <\/strong><strong>Y ENCARGADO <\/strong><strong>DEL TRATAMIENTO<\/strong><strong>.<\/strong><\/p><ul><li>Los datos personales ser\u00e1n recogidos y tratados por DOGOOD PEOPLE, S.L. (en adelante, DoGood), con domicilio en Calle Diego de Le\u00f3n, 57 28006 Madrid, Espa\u00f1a, en calidad de RESPONSABLE DEL TRATAMIENTO<\/li><li>Para garantizar la adecuada gesti\u00f3n en el tratamiento de sus datos \u00a0DoGood tiene designado un buz\u00f3n de contacto, a quien podr\u00e1 dirigirse para cualquier cuesti\u00f3n que precise y con quien puede contactar en la direcci\u00f3n electr\u00f3nica hola@dogoodpeople.com.<\/li><\/ul><p>\u00a0<\/p><p><strong>DATOS TRATADOS Y FUENTES DE LAS QUE PROCEDEN<\/strong><\/p><p>Al ser usuario de la App, est\u00e1s eligiendo facilitarnos determinada informaci\u00f3n que en algunos casos puede ser considerada como \u201cDatos Personales\u201d. A continuaci\u00f3n, se informa al Usuario de los datos que podr\u00e1n ser tratados por DoGood y de las fuentes de las que proceden.<\/p><p><strong>Fuentes de procedencia de los datos<\/strong><strong>: <\/strong>Datos aportados por el usuario mediante la cumplimentaci\u00f3n de los campos puestos a disposici\u00f3n para el usuario, por cualquier otra v\u00eda mediante la que el usuario entable comunicaci\u00f3n con DoGood.<\/p><p>Email, nombre y apellidos, en caso de ser aportados por Google, Apple, o servicios similares utilizados por el usuario para registrarse y acceder a DoGood.<\/p><p><strong>Categor\u00edas<\/strong><strong> de datos tratados<\/strong><strong>: <\/strong>DoGood podr\u00e1 tratar datos personales de las siguientes categor\u00edas, en funci\u00f3n de la relaci\u00f3n entablada con el usuario:<\/p><ul><li>Datos identificativos (p.ej., nombre y apellidos, correo electr\u00f3nico, direcci\u00f3n postal, tel\u00e9fono, direcci\u00f3n IP, c\u00f3digo empleado, etc.).<\/li><\/ul><p>\u00a0<\/p><p><strong>FINALIDADES<\/strong><strong> Y LEGITIMACI\u00d3N PARA EL <\/strong><strong>TRATAMIENTO DE SUS DATOS<\/strong><\/p><p>DoGood podr\u00e1 tratar los datos indicados para la realizaci\u00f3n de diversas finalidades y prop\u00f3sitos que se indican a continuaci\u00f3n:<\/p><ol><li>Almacenamiento y gesti\u00f3n de las consultas que pudieran realizarse a trav\u00e9s de los formularios de contacto.<\/li><li>Gesti\u00f3n de la participaci\u00f3n del usuario en los retos y las finalidades directamente relacionadas con la participaci\u00f3n. DoGood tratar\u00e1 sus datos para darle de alta en la Plataforma, realizar el seguimiento de los retos del usuario, la valoraci\u00f3n de las puntuaciones obtenidas, realizar notificaciones sobre los retos y entregar premios.<\/li><\/ol><p>DoGood trata los datos de car\u00e1cter personal facilitados por los usuarios de acuerdo con las siguientes bases legitimadoras, en funci\u00f3n de la tipolog\u00eda de datos que sean facilitados por el usuario, as\u00ed como de las interacciones que el usuario entable con DoGood.<\/p><ul><li>Almacenamiento y gesti\u00f3n de las consultas que pudieran realizarse a trav\u00e9s de los formularios de contacto: <strong>Consentimiento del usuario.<\/strong><\/li><\/ul><p>\u00a0<\/p><p><strong>CONSERVACI\u00d3N DE DATOS<\/strong><\/p><p>Trataremos sus datos personales en tanto se mantenga la relaci\u00f3n contractual con la empresa a la que usted pertenece momento a partir del cual procederemos a bloquearlos hasta su definitiva supresi\u00f3n conforme a los plazos legalmente habilitados.<\/p><p>\u00a0<\/p><p><strong>GARANT\u00cdAS APORTADAS POR EL USUARIO SOBRE LOS DATOS PROPORCIONADOS<\/strong><\/p><p>El usuario garantiza que los datos que aporte son verdaderos, exactos, completos y se encuentran actualizados, siendo responsable de cualquier da\u00f1o o perjuicio, directo o indirecto, que pudiera ocasionarse como consecuencia del incumplimiento de tal obligaci\u00f3n.<\/p><p>El Usuario se compromete y obliga a comunicar de forma inmediata DoGood cualquier modificaci\u00f3n relevante de sus datos personales a fin de que la informaci\u00f3n contenida en sus ficheros est\u00e9 en todo momento actualizada y no contenga errores.<\/p><p>\u00a0<\/p><p><strong>MEDIDAS ADOPTADAS PARA PROTEGER SUS DATOS<\/strong><\/p><p>Con el fin de garantizar la seguridad y confidencialidad de sus datos, DoGood se compromete a tratar de forma absolutamente confidencial los datos de car\u00e1cter personal del Usuario, haciendo uso de los mismos exclusivamente para las finalidades indicadas en esta pol\u00edtica de privacidad.<\/p><p>DoGood ha adoptado los niveles de seguridad requeridos en materia de protecci\u00f3n de datos y tiene implantadas las medidas de seguridad de \u00edndole t\u00e9cnica y organizativas necesarias que garantizan la seguridad de sus datos de personales y evitan su alteraci\u00f3n, p\u00e9rdida, tratamiento y\/o acceso no autorizado, habida cuenta del estado de la tecnolog\u00eda, la naturaleza de los datos almacenados y los riesgos a que est\u00e1n expuestos, ya provengan de la acci\u00f3n humana o del medio f\u00edsico o natural. En todo caso, debe tener en consideraci\u00f3n que las medidas de seguridad en Internet no son inexpugnables.<\/p><p>\u00a0<\/p><p><strong>DERECHOS SOBRE <\/strong><strong>LOS<\/strong><strong> DATOS PERSONALES<\/strong><\/p><p>DoGood le informa que tiene derecho a obtener confirmaci\u00f3n sobre si estamos tratando datos personales que le conciernen o no. Del mismo modo, DoGood le informa que usted cuenta con los siguientes derechos sobre sus datos de car\u00e1cter personal:<\/p><ul><li>Acceder a sus datos: tiene derecho a acceder a sus datos para conocer qu\u00e9 datos personales estamos tratando que le conciernen.<\/li><li>Solicitar la rectificaci\u00f3n o supresi\u00f3n de sus datos: En determinadas circunstancias, Ud. tiene derecho a rectificar aquellos datos personales inexactos que le conciernen que sean objeto de tratamiento por nuestra parte o, incluso, a solicitarnos su supresi\u00f3n cuando, entre otros motivos, los datos ya no fueran necesarios para los fines que fueron recogidos.<\/li><li>Solicitar la limitaci\u00f3n del tratamiento de sus datos: En determinadas circunstancias, Ud. tendr\u00e1 derecho a solicitarnos la limitaci\u00f3n del tratamiento de sus datos, en cuyo caso le informamos que \u00fanicamente los conservaremos para el ejercicio o defensa de reclamaciones tal y como prev\u00e9 el Reglamento General de Protecci\u00f3n de Datos.<\/li><li>A la portabilidad de sus datos: En determinadas circunstancias, Ud. tendr\u00e1 derecho a recibir los datos personales que le incumban, y que nos haya facilitado, en un formato estructurado, de uso com\u00fan y lectura mec\u00e1nica, y a transmitirlos a otro responsable del tratamiento.<\/li><li>Oponerse al tratamiento de sus datos: En determinadas circunstancias y por motivos relacionados con su situaci\u00f3n particular, Ud. tendr\u00e1 derecho a oponerse al tratamiento de sus datos en cuyo caso dejar\u00edamos de tratarlos salvo que la continuaci\u00f3n en el tratamiento resulte necesaria por motivos leg\u00edtimos imperiosos, o el ejercicio o la defensa de posibles reclamaciones. Asimismo, le recordamos que, en su caso, Ud. podr\u00e1 oponerse al tratamiento de sus datos con fines promocionales.<\/li><li>Derecho a no ser objeto de decisiones automatizadas: Tiene Ud. Derecho a no ser objeto de una decisi\u00f3n basada \u00fanicamente en el tratamiento automatizado, incluida la elaboraci\u00f3n de perfiles, que produzca efectos jur\u00eddicos sobre Ud. o le afecte significativamente de modo similar.<\/li><li>Derecho a retirar el consentimiento en cualquier momento, respecto a aquellas finalidades para las que lo otorg\u00f3, sin que ello afecte a la licitud del tratamiento basado en el consentimiento previo a su retirada.<\/li><\/ul><p>Para el ejercicio de los citados derechos el interesado podr\u00e1 ponerse en contacto dirigiendo un escrito a DoGood a la direcci\u00f3n: <a href=\"mailto:hola@dogoodpeople.com\">hola@dogoodpeople.com<\/a><\/p><p>De conformidad con lo establecido en la normativa aplicable, se dar\u00e1 respuesta a sus peticiones a la mayor brevedad posible y, en todo caso, en el plazo de un mes desde la recepci\u00f3n de su solicitud. Dicho plazo podr\u00e1 prorrogarse otros dos meses en caso necesario, teniendo en cuenta la complejidad y el n\u00famero de solicitudes. En tal caso, DoGood informar\u00e1 al interesado de la pr\u00f3rroga dentro del primer mes desde la solicitud.<\/p><p>Podr\u00e1 presentar reclamaci\u00f3n ante la Autoridad de Control competente en materia de protecci\u00f3n de datos, especialmente cuando no haya obtenido satisfacci\u00f3n en el ejercicio de sus derechos, a estos efectos debe dirigirse ante la Agencia Espa\u00f1ola de Protecci\u00f3n de Datos (<a href=\"http:\/\/www.aepd.es\/\">www.aepd.es<\/a>).<\/p><p>Con car\u00e1cter previo a la presentaci\u00f3n de dicha reclamaci\u00f3n ante la Agencia Espa\u00f1ola de Protecci\u00f3n de datos, usted puede dirigirse a www.aepd.es<\/p>\t\t\t\t\t\t\t\t<\/div>\n\t\t\t\t<\/div>\n\t\t\t\t\t<\/div>\n\t\t<\/div>\n\t\t\t\t\t<\/div>\n\t\t<\/section>\n\t\t\t\t<\/div>\n\t\t","protected":false},"excerpt":{"rendered":"<p>Fecha de actualizaci\u00f3n: 3 Nov 2022 Ponemos a disposici\u00f3n de los usuarios de la App [&hellip;]<\/p>\n","protected":false},"author":13,"featured_media":0,"parent":0,"menu_order":0,"comment_status":"closed","ping_status":"closed","template":"","meta":{"_acf_changed":false,"content-type":"","footnotes":""},"class_list":["post-15423","page","type-page","status-publish","hentry"],"acf":[],"yoast_head":"<!-- This site is optimized with the Yoast SEO Premium plugin v25.8 (Yoast SEO v27.4) - https:\/\/yoast.com\/product\/yoast-seo-premium-wordpress\/ -->\n<title>Pol\u00edtica de Privacidad App - Programa Demo Test Clientes - DoGood People<\/title>\n<meta name=\"robots\" content=\"noindex, nofollow\" \/>\n<meta property=\"og:locale\" content=\"es_ES\" \/>\n<meta property=\"og:type\" content=\"article\" \/>\n<meta property=\"og:title\" content=\"Pol\u00edtica de Privacidad App - Programa Demo Test Clientes\" \/>\n<meta property=\"og:description\" content=\"Fecha de actualizaci\u00f3n: 3 Nov 2022 Ponemos a disposici\u00f3n de los usuarios de la App [&hellip;]\" \/>\n<meta property=\"og:url\" content=\"https:\/\/www.dogoodpeople.com\/es\/politica-de-privacidad-app-programa-demo-test-clientes\/\" \/>\n<meta property=\"og:site_name\" content=\"DoGood People\" \/>\n<meta property=\"article:modified_time\" content=\"2023-06-01T14:03:15+00:00\" \/>\n<meta property=\"og:image\" content=\"https:\/\/www.dogoodpeople.com\/wp-content\/uploads\/2022\/09\/logo_dogoodpeople_100.png\" \/>\n\t<meta property=\"og:image:width\" content=\"144\" \/>\n\t<meta property=\"og:image:height\" content=\"100\" \/>\n\t<meta property=\"og:image:type\" content=\"image\/png\" \/>\n<meta name=\"twitter:card\" content=\"summary_large_image\" \/>\n<meta name=\"twitter:label1\" content=\"Tiempo de lectura\" \/>\n\t<meta name=\"twitter:data1\" content=\"7 minutos\" \/>\n<script type=\"application\/ld+json\" class=\"yoast-schema-graph\">{\"@context\":\"https:\\\/\\\/schema.org\",\"@graph\":[{\"@type\":\"WebPage\",\"@id\":\"https:\\\/\\\/www.dogoodpeople.com\\\/es\\\/politica-de-privacidad-app-programa-demo-test-clientes\\\/\",\"url\":\"https:\\\/\\\/www.dogoodpeople.com\\\/es\\\/politica-de-privacidad-app-programa-demo-test-clientes\\\/\",\"name\":\"Pol\u00edtica de Privacidad App - Programa Demo Test Clientes - DoGood People\",\"isPartOf\":{\"@id\":\"https:\\\/\\\/www.dogoodpeople.com\\\/es\\\/#website\"},\"datePublished\":\"2022-11-02T17:24:28+00:00\",\"dateModified\":\"2023-06-01T14:03:15+00:00\",\"breadcrumb\":{\"@id\":\"https:\\\/\\\/www.dogoodpeople.com\\\/es\\\/politica-de-privacidad-app-programa-demo-test-clientes\\\/#breadcrumb\"},\"inLanguage\":\"es\",\"potentialAction\":[{\"@type\":\"ReadAction\",\"target\":[\"https:\\\/\\\/www.dogoodpeople.com\\\/es\\\/politica-de-privacidad-app-programa-demo-test-clientes\\\/\"]}]},{\"@type\":\"BreadcrumbList\",\"@id\":\"https:\\\/\\\/www.dogoodpeople.com\\\/es\\\/politica-de-privacidad-app-programa-demo-test-clientes\\\/#breadcrumb\",\"itemListElement\":[{\"@type\":\"ListItem\",\"position\":1,\"name\":\"Home\",\"item\":\"https:\\\/\\\/www.dogoodpeople.com\\\/es\\\/\"},{\"@type\":\"ListItem\",\"position\":2,\"name\":\"Pol\u00edtica de Privacidad App &#8211; Programa Demo Test Clientes\"}]},{\"@type\":\"WebSite\",\"@id\":\"https:\\\/\\\/www.dogoodpeople.com\\\/es\\\/#website\",\"url\":\"https:\\\/\\\/www.dogoodpeople.com\\\/es\\\/\",\"name\":\"DoGood People\",\"description\":\"Software para digitalizar el impacto ESG de los empleados y mejorar la reputaci\u00f3n sostenible de las empresas.\",\"publisher\":{\"@id\":\"https:\\\/\\\/www.dogoodpeople.com\\\/es\\\/#organization\"},\"alternateName\":\"DoGood\",\"potentialAction\":[{\"@type\":\"SearchAction\",\"target\":{\"@type\":\"EntryPoint\",\"urlTemplate\":\"https:\\\/\\\/www.dogoodpeople.com\\\/es\\\/?s={search_term_string}\"},\"query-input\":{\"@type\":\"PropertyValueSpecification\",\"valueRequired\":true,\"valueName\":\"search_term_string\"}}],\"inLanguage\":\"es\"},{\"@type\":\"Organization\",\"@id\":\"https:\\\/\\\/www.dogoodpeople.com\\\/es\\\/#organization\",\"name\":\"DoGood People\",\"url\":\"https:\\\/\\\/www.dogoodpeople.com\\\/es\\\/\",\"logo\":{\"@type\":\"ImageObject\",\"inLanguage\":\"es\",\"@id\":\"https:\\\/\\\/www.dogoodpeople.com\\\/es\\\/#\\\/schema\\\/logo\\\/image\\\/\",\"url\":\"https:\\\/\\\/www.dogoodpeople.com\\\/wp-content\\\/uploads\\\/2022\\\/09\\\/Logo-DoGood-people.png\",\"contentUrl\":\"https:\\\/\\\/www.dogoodpeople.com\\\/wp-content\\\/uploads\\\/2022\\\/09\\\/Logo-DoGood-people.png\",\"width\":400,\"height\":280,\"caption\":\"DoGood People\"},\"image\":{\"@id\":\"https:\\\/\\\/www.dogoodpeople.com\\\/es\\\/#\\\/schema\\\/logo\\\/image\\\/\"},\"sameAs\":[\"https:\\\/\\\/www.linkedin.com\\\/company\\\/dogood\\\/\",\"https:\\\/\\\/www.instagram.com\\\/dogood_people\\\/\"]}]}<\/script>\n<!-- \/ Yoast SEO Premium plugin. -->","yoast_head_json":{"title":"Pol\u00edtica de Privacidad App - Programa Demo Test Clientes - DoGood People","robots":{"index":"noindex","follow":"nofollow"},"og_locale":"es_ES","og_type":"article","og_title":"Pol\u00edtica de Privacidad App - Programa Demo Test Clientes","og_description":"Fecha de actualizaci\u00f3n: 3 Nov 2022 Ponemos a disposici\u00f3n de los usuarios de la App [&hellip;]","og_url":"https:\/\/www.dogoodpeople.com\/es\/politica-de-privacidad-app-programa-demo-test-clientes\/","og_site_name":"DoGood People","article_modified_time":"2023-06-01T14:03:15+00:00","og_image":[{"width":144,"height":100,"url":"https:\/\/www.dogoodpeople.com\/wp-content\/uploads\/2022\/09\/logo_dogoodpeople_100.png","type":"image\/png"}],"twitter_card":"summary_large_image","twitter_misc":{"Tiempo de lectura":"7 minutos"},"schema":{"@context":"https:\/\/schema.org","@graph":[{"@type":"WebPage","@id":"https:\/\/www.dogoodpeople.com\/es\/politica-de-privacidad-app-programa-demo-test-clientes\/","url":"https:\/\/www.dogoodpeople.com\/es\/politica-de-privacidad-app-programa-demo-test-clientes\/","name":"Pol\u00edtica de Privacidad App - Programa Demo Test Clientes - DoGood People","isPartOf":{"@id":"https:\/\/www.dogoodpeople.com\/es\/#website"},"datePublished":"2022-11-02T17:24:28+00:00","dateModified":"2023-06-01T14:03:15+00:00","breadcrumb":{"@id":"https:\/\/www.dogoodpeople.com\/es\/politica-de-privacidad-app-programa-demo-test-clientes\/#breadcrumb"},"inLanguage":"es","potentialAction":[{"@type":"ReadAction","target":["https:\/\/www.dogoodpeople.com\/es\/politica-de-privacidad-app-programa-demo-test-clientes\/"]}]},{"@type":"BreadcrumbList","@id":"https:\/\/www.dogoodpeople.com\/es\/politica-de-privacidad-app-programa-demo-test-clientes\/#breadcrumb","itemListElement":[{"@type":"ListItem","position":1,"name":"Home","item":"https:\/\/www.dogoodpeople.com\/es\/"},{"@type":"ListItem","position":2,"name":"Pol\u00edtica de Privacidad App &#8211; Programa Demo Test Clientes"}]},{"@type":"WebSite","@id":"https:\/\/www.dogoodpeople.com\/es\/#website","url":"https:\/\/www.dogoodpeople.com\/es\/","name":"DoGood People","description":"Software para digitalizar el impacto ESG de los empleados y mejorar la reputaci\u00f3n sostenible de las empresas.","publisher":{"@id":"https:\/\/www.dogoodpeople.com\/es\/#organization"},"alternateName":"DoGood","potentialAction":[{"@type":"SearchAction","target":{"@type":"EntryPoint","urlTemplate":"https:\/\/www.dogoodpeople.com\/es\/?s={search_term_string}"},"query-input":{"@type":"PropertyValueSpecification","valueRequired":true,"valueName":"search_term_string"}}],"inLanguage":"es"},{"@type":"Organization","@id":"https:\/\/www.dogoodpeople.com\/es\/#organization","name":"DoGood People","url":"https:\/\/www.dogoodpeople.com\/es\/","logo":{"@type":"ImageObject","inLanguage":"es","@id":"https:\/\/www.dogoodpeople.com\/es\/#\/schema\/logo\/image\/","url":"https:\/\/www.dogoodpeople.com\/wp-content\/uploads\/2022\/09\/Logo-DoGood-people.png","contentUrl":"https:\/\/www.dogoodpeople.com\/wp-content\/uploads\/2022\/09\/Logo-DoGood-people.png","width":400,"height":280,"caption":"DoGood People"},"image":{"@id":"https:\/\/www.dogoodpeople.com\/es\/#\/schema\/logo\/image\/"},"sameAs":["https:\/\/www.linkedin.com\/company\/dogood\/","https:\/\/www.instagram.com\/dogood_people\/"]}]}},"_links":{"self":[{"href":"https:\/\/www.dogoodpeople.com\/es\/wp-json\/wp\/v2\/pages\/15423","targetHints":{"allow":["GET"]}}],"collection":[{"href":"https:\/\/www.dogoodpeople.com\/es\/wp-json\/wp\/v2\/pages"}],"about":[{"href":"https:\/\/www.dogoodpeople.com\/es\/wp-json\/wp\/v2\/types\/page"}],"author":[{"embeddable":true,"href":"https:\/\/www.dogoodpeople.com\/es\/wp-json\/wp\/v2\/users\/13"}],"replies":[{"embeddable":true,"href":"https:\/\/www.dogoodpeople.com\/es\/wp-json\/wp\/v2\/comments?post=15423"}],"version-history":[{"count":0,"href":"https:\/\/www.dogoodpeople.com\/es\/wp-json\/wp\/v2\/pages\/15423\/revisions"}],"wp:attachment":[{"href":"https:\/\/www.dogoodpeople.com\/es\/wp-json\/wp\/v2\/media?parent=15423"}],"curies":[{"name":"wp","href":"https:\/\/api.w.org\/{rel}","templated":true}]}}