{"id":14475,"date":"2022-10-24T20:25:06","date_gmt":"2022-10-24T18:25:06","guid":{"rendered":"https:\/\/www.dogoodpeople.com\/code-of-conduct\/"},"modified":"2023-06-20T10:27:16","modified_gmt":"2023-06-20T08:27:16","slug":"codigo-de-conducta","status":"publish","type":"page","link":"https:\/\/www.dogoodpeople.com\/es\/codigo-de-conducta\/","title":{"rendered":"C\u00f3digo de Conducta"},"content":{"rendered":"\t\t<div data-elementor-type=\"wp-page\" data-elementor-id=\"14475\" class=\"elementor elementor-14475 elementor-14466\" data-elementor-post-type=\"page\">\n\t\t\t\t\t\t<section class=\"elementor-section elementor-top-section elementor-element elementor-element-4c504d1 elementor-section-boxed elementor-section-height-default elementor-section-height-default\" data-id=\"4c504d1\" data-element_type=\"section\" data-settings=\"{&quot;background_background&quot;:&quot;classic&quot;}\">\n\t\t\t\t\t\t<div class=\"elementor-container elementor-column-gap-default\">\n\t\t\t\t\t<div class=\"elementor-column elementor-col-100 elementor-top-column elementor-element elementor-element-cc78ccb\" data-id=\"cc78ccb\" data-element_type=\"column\">\n\t\t\t<div class=\"elementor-widget-wrap elementor-element-populated\">\n\t\t\t\t\t\t<div class=\"elementor-element elementor-element-ba1b7e7 elementor-widget elementor-widget-heading\" data-id=\"ba1b7e7\" data-element_type=\"widget\" data-widget_type=\"heading.default\">\n\t\t\t\t<div class=\"elementor-widget-container\">\n\t\t\t\t\t<h1 class=\"elementor-heading-title elementor-size-default\">C\u00f3digo de Conducta<\/h1>\t\t\t\t<\/div>\n\t\t\t\t<\/div>\n\t\t\t\t\t<\/div>\n\t\t<\/div>\n\t\t\t\t\t<\/div>\n\t\t<\/section>\n\t\t\t\t<section class=\"elementor-section elementor-top-section elementor-element elementor-element-1e9e86d elementor-section-boxed elementor-section-height-default elementor-section-height-default\" data-id=\"1e9e86d\" data-element_type=\"section\">\n\t\t\t\t\t\t<div class=\"elementor-container elementor-column-gap-default\">\n\t\t\t\t\t<div class=\"elementor-column elementor-col-100 elementor-top-column elementor-element elementor-element-79f6031\" data-id=\"79f6031\" data-element_type=\"column\">\n\t\t\t<div class=\"elementor-widget-wrap elementor-element-populated\">\n\t\t\t\t\t\t<div class=\"elementor-element elementor-element-52e14d8 elementor-align-center elementor-widget elementor-widget-button\" data-id=\"52e14d8\" data-element_type=\"widget\" data-widget_type=\"button.default\">\n\t\t\t\t<div class=\"elementor-widget-container\">\n\t\t\t\t\t\t\t\t\t<div class=\"elementor-button-wrapper\">\n\t\t\t\t\t<a class=\"elementor-button elementor-button-link elementor-size-sm\" href=\"https:\/\/www.dogoodpeople.com\/code-of-conduct\/\">\n\t\t\t\t\t\t<span class=\"elementor-button-content-wrapper\">\n\t\t\t\t\t\t\t\t\t<span class=\"elementor-button-text\">ENG<\/span>\n\t\t\t\t\t<\/span>\n\t\t\t\t\t<\/a>\n\t\t\t\t<\/div>\n\t\t\t\t\t\t\t\t<\/div>\n\t\t\t\t<\/div>\n\t\t\t\t\t<\/div>\n\t\t<\/div>\n\t\t\t\t\t<\/div>\n\t\t<\/section>\n\t\t\t\t<section class=\"elementor-section elementor-top-section elementor-element elementor-element-7fe6af6 elementor-section-boxed elementor-section-height-default elementor-section-height-default\" data-id=\"7fe6af6\" data-element_type=\"section\">\n\t\t\t\t\t\t<div class=\"elementor-container elementor-column-gap-default\">\n\t\t\t\t\t<div class=\"elementor-column elementor-col-100 elementor-top-column elementor-element elementor-element-682bd8e\" data-id=\"682bd8e\" data-element_type=\"column\">\n\t\t\t<div class=\"elementor-widget-wrap elementor-element-populated\">\n\t\t\t\t\t\t<div class=\"elementor-element elementor-element-4b4a6bb elementor-widget elementor-widget-text-editor\" data-id=\"4b4a6bb\" data-element_type=\"widget\" data-widget_type=\"text-editor.default\">\n\t\t\t\t<div class=\"elementor-widget-container\">\n\t\t\t\t\t\t\t\t\t<p><span style=\"font-weight: 400;\">En DoGood creamos soluciones para lograr un mundo mejor, pero solo podremos alcanzar nuestros objetivos con la cooperaci\u00f3n y el apoyo de todas las personas que formen parte de esta experiencia.<\/span><\/p><p><span style=\"font-weight: 400;\">Por este motivo ponemos al alcance de todos estas reglas que servir\u00e1n para garantizar que todas las personas puedan participar en DoGood de manera libre, sencilla y segura.<\/span><\/p><p>\u00a0<\/p><p><b>\u00bfC\u00d3MO SE DEBE USAR LA APLICACI\u00d3N?<\/b><\/p><p><span style=\"font-weight: 400;\">DoGood se puede usar para muchas finalidades y en muchas situaciones diferentes. A continuaci\u00f3n compartimos las m\u00e1s habituales:\u00a0<\/span><\/p><ul><li style=\"font-weight: 400;\" aria-level=\"1\"><b>Realizar los retos que propone la aplicaci\u00f3n: <\/b><span style=\"font-weight: 400;\">La principal manera de interactuar con DoGood, es cumpliendo los retos que se ponen a disposici\u00f3n de los usuarios, cuando cada persona pueda, y con los recursos que tenga, para poder hacerlo de la mejor manera posible.<\/span><\/li><li style=\"font-weight: 400;\" aria-level=\"1\"><b>Realizar acciones sostenibles por iniciativa propia (auto-retos)<\/b><span style=\"font-weight: 400;\">: toda acci\u00f3n realizada por cada persona, que promueva h\u00e1bitos responsables con el medio ambiente o con su entorno social, comunidad, y que promueva la sostenibilidad en sentido amplio, est\u00e1 m\u00e1s que bienvenida.<\/span><\/li><li style=\"font-weight: 400;\" aria-level=\"1\"><b>Interactuar con los compa\u00f1eros<\/b><span style=\"font-weight: 400;\">: Comentando en sus publicaciones, generando debate y aprendiendo sobre sus h\u00e1bitos sostenibles.<\/span><\/li><\/ul><p>\u00a0<\/p><p><b>\u00bfQU\u00c9 EST\u00c1 PERMITIDO?<\/b><\/p><p><span style=\"font-weight: 400;\">Cuando un usuario realice una publicaci\u00f3n (reto o auto-reto) o interact\u00fae con un compa\u00f1ero (comentarios), deber\u00e1 tener en cuenta lo siguiente:\u00a0<\/span><\/p><ul><li style=\"font-weight: 400;\" aria-level=\"1\"><span style=\"font-weight: 400;\">Publicar acciones hechas por el propio usuario.<\/span><\/li><li style=\"font-weight: 400;\" aria-level=\"1\"><span style=\"font-weight: 400;\">Publicar acciones que se puedan enmarcar dentro de cualquiera de los ODS.<\/span><\/li><li style=\"font-weight: 400;\" aria-level=\"1\"><span style=\"font-weight: 400;\">Publicar acciones repetidas, pero con fotos diferentes: la realizaci\u00f3n de una misma acci\u00f3n sostenible de manera constante, indica un h\u00e1bito sostenible y genera inspiraci\u00f3n y cultura sostenible.<\/span><\/li><li style=\"font-weight: 400;\" aria-level=\"1\"><span style=\"font-weight: 400;\">Publicar im\u00e1genes de internet cuando el reto consista en buscar im\u00e1genes o recursos.<\/span><\/li><li style=\"font-weight: 400;\" aria-level=\"1\"><span style=\"font-weight: 400;\">Mencionar o subir contenido promocionando la labor de personajes p\u00fablicos, compa\u00f1eros, personas, iniciativas y empresas sostenibles que cumplan con los objetivos del programa.<\/span><\/li><li style=\"font-weight: 400;\" aria-level=\"1\"><span style=\"font-weight: 400;\">Publicar acciones que sigan las instrucciones del reto enunciado por DoGood.<\/span><\/li><li style=\"font-weight: 400;\" aria-level=\"1\"><span style=\"font-weight: 400;\">Publicar fotos art\u00edsticas, en blanco y negro, con filtros o retocadas, siempre y cuando cumplan el objetivo del programa.<\/span><\/li><li style=\"font-weight: 400;\" aria-level=\"1\"><span style=\"font-weight: 400;\">Publicar fotos o im\u00e1genes de personas mayores de edad que hayan dado su consentimiento para aparecer en la aplicaci\u00f3n.<\/span><\/li><\/ul><p>\u00a0<\/p><p><b>\u00bfQU\u00c9 EST\u00c1 PROHIBIDO?<\/b><\/p><ul><li style=\"font-weight: 400;\" aria-level=\"1\"><span style=\"font-weight: 400;\">Publicar fotos, im\u00e1genes o comentarios que no cumplan con las instrucciones del reto.\u00a0<\/span><\/li><li style=\"font-weight: 400;\" aria-level=\"1\"><span style=\"font-weight: 400;\">Publicar fotograf\u00edas o im\u00e1genes que cumplan con las instrucciones del reto, pero que provenga de una fuente externa al propio participante (Ej. Una foto o v\u00eddeo sacado de Internet, cuando la acci\u00f3n la debe realizar el propio usuario).<\/span><\/li><li style=\"font-weight: 400;\" aria-level=\"1\"><span style=\"font-weight: 400;\">Publicar acciones sostenibles de terceros, cuando la acci\u00f3n la deba realizar el propio usuario.<\/span><\/li><li style=\"font-weight: 400;\" aria-level=\"1\"><span style=\"font-weight: 400;\">Publicar las mismas fotos o im\u00e1genes en retos diferentes.<\/span><\/li><li style=\"font-weight: 400;\" aria-level=\"1\"><span style=\"font-weight: 400;\">Publicar una foto borrosa o donde cueste identificar su contenido.\u00a0<\/span><\/li><li style=\"font-weight: 400;\" aria-level=\"1\"><span style=\"font-weight: 400;\">Publicar fotos o comentarios no relacionados con sostenibilidad<\/span><\/li><li style=\"font-weight: 400;\" aria-level=\"1\"><span style=\"font-weight: 400;\">Publicar fotos o comentarios que no reflejen una acci\u00f3n real llevada a cabo por el usuario.<\/span><\/li><li style=\"font-weight: 400;\" aria-level=\"1\"><span style=\"font-weight: 400;\">Publicar fotos de personas que no hayan dado su consentimiento para aparecer en la aplicaci\u00f3n, y fotograf\u00edas de menores de edad sin contar con el consentimiento adecuado.<\/span><\/li><li style=\"font-weight: 400;\" aria-level=\"1\"><span style=\"font-weight: 400;\">Publicar cualquier discurso que promueva el odio o que vaya en contra de los valores que promueve DoGood o la empresa licenciataria de la App.<\/span><\/li><li style=\"font-weight: 400;\" aria-level=\"1\"><span style=\"font-weight: 400;\">Publicar fotos o comentarios con contenido inapropiado, que no cumplan con los requisitos del reto y que adem\u00e1s pueda herir la sensibilidad de los participantes, constituya una falta de respeto o atente contra la dignidad de las personas, as\u00ed como mencionar o subir contenido en cualquier formato, ofensivo para cualquier tipo de colectivo: personas, animales, colectivos, asociaciones, otros usuarios, etc.<\/span><\/li><li style=\"font-weight: 400;\" aria-level=\"1\"><span style=\"font-weight: 400;\">Publicar cualquier tipo de propaganda.<\/span><\/li><li style=\"font-weight: 400;\" aria-level=\"1\"><span style=\"font-weight: 400;\">Publicar cualquier discurso que promueva el odio o que vaya en contra de los valores que promueve la empresa.\u00a0<\/span><\/li><li style=\"font-weight: 400;\" aria-level=\"1\"><span style=\"font-weight: 400;\">Publicar cualquier contenido ilegal, o que constituya una conducta prohibida por el presente C\u00f3digo.<\/span><\/li><\/ul><p>\u00a0<\/p><p><b>\u00bfHAY ALGUNA CONDUCTA ADICIONAL QUE TAMBI\u00c9N EST\u00c9 PROHIBIDA?\u00a0<\/b><\/p><p><span style=\"font-weight: 400;\">Adem\u00e1s de las reglas que se mencionan m\u00e1s arriba, desde DoGood velaremos por impedir que los usuarios puedan realizar alguna de estas acciones:<\/span><\/p><p>\u00a0<\/p><ul><li style=\"font-weight: 400;\" aria-level=\"1\"><span style=\"font-weight: 400;\">Acceder a la App sin permiso o sin autorizaci\u00f3n y sin el conocimiento de DoGood, tambi\u00e9n a cualquier secci\u00f3n de la App no autorizada, o a otros sistemas o redes conectadas a la App, a ning\u00fan servidor de DoGood ni a los servicios ofrecidos a trav\u00e9s de la App, por medio de pirateo o falsificaci\u00f3n, extracci\u00f3n de contrase\u00f1as o cualquier otro medio ileg\u00edtimo;\u00a0<\/span><\/li><li style=\"font-weight: 400;\" aria-level=\"1\"><span style=\"font-weight: 400;\">Acceder a la App con fines ilegales o ileg\u00edtimos;<\/span><\/li><li style=\"font-weight: 400;\" aria-level=\"1\"><span style=\"font-weight: 400;\">Usar la App en forma alguna que pueda provocar da\u00f1os, interrupciones, ineficiencias o defectos en su funcionalidad o en el ordenador de un tercero;\u00a0<\/span><\/li><li style=\"font-weight: 400;\" aria-level=\"1\"><span style=\"font-weight: 400;\">Usar la App para la transmisi\u00f3n, la instalaci\u00f3n o la publicaci\u00f3n de cualquier virus, c\u00f3digo malicioso u otros programas o archivos perjudiciales;\u00a0<\/span><\/li><li style=\"font-weight: 400;\" aria-level=\"1\"><span style=\"font-weight: 400;\">Usar la App para transmitir o publicar cualquier material de car\u00e1cter difamatorio, ofensivo, racista, vulgar, denigrante, pornogr\u00e1fico, o de naturaleza obscena o amenazadora o que pueda causar molestia a cualquier persona;\u00a0<\/span><\/li><li style=\"font-weight: 400;\" aria-level=\"1\"><span style=\"font-weight: 400;\">Usar la App de manera que constituya una vulneraci\u00f3n de los derechos de DoGood o de cualquier tercero;\u00a0<\/span><\/li><li style=\"font-weight: 400;\" aria-level=\"1\"><span style=\"font-weight: 400;\">Usar la App de forma ilegal, en contra de la buena fe, la moral y el orden p\u00fablico;\u00a0<\/span><\/li><li style=\"font-weight: 400;\" aria-level=\"1\"><span style=\"font-weight: 400;\">Usar la App para transmitir material con fines publicitarios o de promoci\u00f3n, incluidos spam, correos electr\u00f3nicos en cadena o similares;\u00a0<\/span><\/li><li style=\"font-weight: 400;\" aria-level=\"1\"><span style=\"font-weight: 400;\">Usar la App para recoger datos de cara\u0301cter personal de otros usuarios, o para vulnerar cualquier norma relacionada con la Proteccio\u0301n de Datos de cara\u0301cter personal;<\/span><\/li><li style=\"font-weight: 400;\" aria-level=\"1\"><span style=\"font-weight: 400;\">Realizar la subida a la aplicacio\u0301n de datos de cara\u0301cter personal propios o de terceros, tanto participantes como ajenos al Programa, sin consentimiento o incumpliendo la normativa de Proteccio\u0301n de Datos de cara\u0301cter personal;\u00a0<\/span><\/li><li style=\"font-weight: 400;\" aria-level=\"1\"><span style=\"font-weight: 400;\">Acceder a la App con una identidad falsa, suplantando a terceros o utilizando un perfil o realizando cualquier otra acci\u00f3n que pueda confundir a otros usuarios sobre la identidad del origen de un mensaje;\u00a0<\/span><\/li><li style=\"font-weight: 400;\" aria-level=\"1\"><span style=\"font-weight: 400;\">Quebrantar, o intentar quebrantar, las medidas de seguridad o autenticaci\u00f3n de la App o de cualquier red conectada a la misma, o las medidas de seguridad o protecci\u00f3n inherentes a los contenidos ofrecidos en la App;\u00a0<\/span><\/li><li style=\"font-weight: 400;\" aria-level=\"1\"><span style=\"font-weight: 400;\">Llevar a cabo alguna acci\u00f3n que provoque una saturaci\u00f3n desproporcionada o innecesaria en la infraestructura de la App o en los sistemas o redes de DoGood, as\u00ed como en los sistemas y redes conectados a la App;\u00a0<\/span><\/li><li style=\"font-weight: 400;\" aria-level=\"1\"><span style=\"font-weight: 400;\">Impedir el normal desarrollo de un evento, concurso, promoci\u00f3n o cualquier otra actividad disponible a trav\u00e9s de la App o cualesquiera de sus funcionalidades, ya sea alterando o tratando de alterar, ilegalmente o de cualquier otra forma, el acceso, participaci\u00f3n o funcionamiento de aquellos, o falseando el resultado de los mismos y\/o utilizando m\u00e9todos de participaci\u00f3n fraudulentos, mediante cualquier procedimiento, y\/o a trav\u00e9s de cualquier pr\u00e1ctica que atente o vulnere en modo alguno las presentes Condiciones.\u00a0<\/span><\/li><\/ul><p>\u00a0<\/p><p><b>\u00bfC\u00d3MO ACTUAR\u00c1 DOGOOD FRENTE A LOS INCUMPLIMIENTOS?<\/b><\/p><p><span style=\"font-weight: 400;\">Ante cualquier violaci\u00f3n del C\u00f3digo, o de los T\u00e9rminos y Condiciones generales de uso, desde DoGood nos reservaremos el derecho, junto con el Cliente licenciatario de la licencia de la App (o programa), de tomar las medidas disciplinarias oportunas, y de poner en conocimiento de los tribunales los comportamientos que consideremos merecedores de tal actuaci\u00f3n.\u00a0<\/span><\/p><p><span style=\"font-weight: 400;\">Las medidas disciplinarias incluir\u00e1n:\u00a0<\/span><\/p><ul><li style=\"font-weight: 400;\" aria-level=\"1\"><span style=\"font-weight: 400;\">Bloqueo de publicaciones\u00a0<\/span><\/li><li style=\"font-weight: 400;\" aria-level=\"1\"><span style=\"font-weight: 400;\">Eliminaci\u00f3n y borrado fotograf\u00edas, im\u00e1genes, comentarios o publicaciones<\/span><\/li><li style=\"font-weight: 400;\" aria-level=\"1\"><span style=\"font-weight: 400;\">Bloqueo de retos para determinados usuarios<\/span><\/li><li style=\"font-weight: 400;\" aria-level=\"1\"><span style=\"font-weight: 400;\">Delimitaci\u00f3n de funcionalidades para determinados usuarios<\/span><\/li><li style=\"font-weight: 400;\" aria-level=\"1\"><span style=\"font-weight: 400;\">Ajuste de puntuaciones de usuarios o grupos de usuarios<\/span><\/li><li style=\"font-weight: 400;\" aria-level=\"1\"><span style=\"font-weight: 400;\">Expulsi\u00f3n temporal o definitiva de la aplicaci\u00f3n.<\/span><\/li><li style=\"font-weight: 400;\" aria-level=\"1\"><span style=\"font-weight: 400;\">Solicitud al usuario de republicaci\u00f3n de la publicaci\u00f3n o comentario<\/span><\/li><li style=\"font-weight: 400;\" aria-level=\"1\"><span style=\"font-weight: 400;\">Reporte a la empresa licenciataria de la App<\/span><\/li><\/ul>\t\t\t\t\t\t\t\t<\/div>\n\t\t\t\t<\/div>\n\t\t\t\t\t<\/div>\n\t\t<\/div>\n\t\t\t\t\t<\/div>\n\t\t<\/section>\n\t\t\t\t<\/div>\n\t\t","protected":false},"excerpt":{"rendered":"<p>ENG En DoGood creamos soluciones para lograr un mundo mejor, pero solo podremos alcanzar nuestros [&hellip;]<\/p>\n","protected":false},"author":1,"featured_media":0,"parent":0,"menu_order":0,"comment_status":"closed","ping_status":"closed","template":"","meta":{"_acf_changed":false,"content-type":"","footnotes":""},"class_list":["post-14475","page","type-page","status-publish","hentry"],"acf":[],"yoast_head":"<!-- This site is optimized with the Yoast SEO Premium plugin v25.8 (Yoast SEO v27.4) - https:\/\/yoast.com\/product\/yoast-seo-premium-wordpress\/ -->\n<title>C\u00f3digo de Conducta - DoGood People<\/title>\n<meta name=\"robots\" content=\"noindex, nofollow\" \/>\n<meta property=\"og:locale\" content=\"es_ES\" \/>\n<meta property=\"og:type\" content=\"article\" \/>\n<meta property=\"og:title\" content=\"C\u00f3digo de Conducta\" \/>\n<meta property=\"og:description\" content=\"ENG En DoGood creamos soluciones para lograr un mundo mejor, pero solo podremos alcanzar nuestros [&hellip;]\" \/>\n<meta property=\"og:url\" content=\"https:\/\/www.dogoodpeople.com\/es\/codigo-de-conducta\/\" \/>\n<meta property=\"og:site_name\" content=\"DoGood People\" \/>\n<meta property=\"article:modified_time\" content=\"2023-06-20T08:27:16+00:00\" \/>\n<meta property=\"og:image\" content=\"https:\/\/www.dogoodpeople.com\/wp-content\/uploads\/2022\/09\/logo_dogoodpeople_100.png\" \/>\n\t<meta property=\"og:image:width\" content=\"144\" \/>\n\t<meta property=\"og:image:height\" content=\"100\" \/>\n\t<meta property=\"og:image:type\" content=\"image\/png\" \/>\n<meta name=\"twitter:card\" content=\"summary_large_image\" \/>\n<meta name=\"twitter:label1\" content=\"Tiempo de lectura\" \/>\n\t<meta name=\"twitter:data1\" content=\"6 minutos\" \/>\n<script type=\"application\/ld+json\" class=\"yoast-schema-graph\">{\"@context\":\"https:\\\/\\\/schema.org\",\"@graph\":[{\"@type\":\"WebPage\",\"@id\":\"https:\\\/\\\/www.dogoodpeople.com\\\/es\\\/codigo-de-conducta\\\/\",\"url\":\"https:\\\/\\\/www.dogoodpeople.com\\\/es\\\/codigo-de-conducta\\\/\",\"name\":\"C\u00f3digo de Conducta - DoGood People\",\"isPartOf\":{\"@id\":\"https:\\\/\\\/www.dogoodpeople.com\\\/es\\\/#website\"},\"datePublished\":\"2022-10-24T18:25:06+00:00\",\"dateModified\":\"2023-06-20T08:27:16+00:00\",\"breadcrumb\":{\"@id\":\"https:\\\/\\\/www.dogoodpeople.com\\\/es\\\/codigo-de-conducta\\\/#breadcrumb\"},\"inLanguage\":\"es\",\"potentialAction\":[{\"@type\":\"ReadAction\",\"target\":[\"https:\\\/\\\/www.dogoodpeople.com\\\/es\\\/codigo-de-conducta\\\/\"]}]},{\"@type\":\"BreadcrumbList\",\"@id\":\"https:\\\/\\\/www.dogoodpeople.com\\\/es\\\/codigo-de-conducta\\\/#breadcrumb\",\"itemListElement\":[{\"@type\":\"ListItem\",\"position\":1,\"name\":\"Home\",\"item\":\"https:\\\/\\\/www.dogoodpeople.com\\\/es\\\/\"},{\"@type\":\"ListItem\",\"position\":2,\"name\":\"C\u00f3digo de Conducta\"}]},{\"@type\":\"WebSite\",\"@id\":\"https:\\\/\\\/www.dogoodpeople.com\\\/es\\\/#website\",\"url\":\"https:\\\/\\\/www.dogoodpeople.com\\\/es\\\/\",\"name\":\"DoGood People\",\"description\":\"Software para digitalizar el impacto ESG de los empleados y mejorar la reputaci\u00f3n sostenible de las empresas.\",\"publisher\":{\"@id\":\"https:\\\/\\\/www.dogoodpeople.com\\\/es\\\/#organization\"},\"alternateName\":\"DoGood\",\"potentialAction\":[{\"@type\":\"SearchAction\",\"target\":{\"@type\":\"EntryPoint\",\"urlTemplate\":\"https:\\\/\\\/www.dogoodpeople.com\\\/es\\\/?s={search_term_string}\"},\"query-input\":{\"@type\":\"PropertyValueSpecification\",\"valueRequired\":true,\"valueName\":\"search_term_string\"}}],\"inLanguage\":\"es\"},{\"@type\":\"Organization\",\"@id\":\"https:\\\/\\\/www.dogoodpeople.com\\\/es\\\/#organization\",\"name\":\"DoGood People\",\"url\":\"https:\\\/\\\/www.dogoodpeople.com\\\/es\\\/\",\"logo\":{\"@type\":\"ImageObject\",\"inLanguage\":\"es\",\"@id\":\"https:\\\/\\\/www.dogoodpeople.com\\\/es\\\/#\\\/schema\\\/logo\\\/image\\\/\",\"url\":\"https:\\\/\\\/www.dogoodpeople.com\\\/wp-content\\\/uploads\\\/2022\\\/09\\\/Logo-DoGood-people.png\",\"contentUrl\":\"https:\\\/\\\/www.dogoodpeople.com\\\/wp-content\\\/uploads\\\/2022\\\/09\\\/Logo-DoGood-people.png\",\"width\":400,\"height\":280,\"caption\":\"DoGood People\"},\"image\":{\"@id\":\"https:\\\/\\\/www.dogoodpeople.com\\\/es\\\/#\\\/schema\\\/logo\\\/image\\\/\"},\"sameAs\":[\"https:\\\/\\\/www.linkedin.com\\\/company\\\/dogood\\\/\",\"https:\\\/\\\/www.instagram.com\\\/dogood_people\\\/\"]}]}<\/script>\n<!-- \/ Yoast SEO Premium plugin. -->","yoast_head_json":{"title":"C\u00f3digo de Conducta - DoGood People","robots":{"index":"noindex","follow":"nofollow"},"og_locale":"es_ES","og_type":"article","og_title":"C\u00f3digo de Conducta","og_description":"ENG En DoGood creamos soluciones para lograr un mundo mejor, pero solo podremos alcanzar nuestros [&hellip;]","og_url":"https:\/\/www.dogoodpeople.com\/es\/codigo-de-conducta\/","og_site_name":"DoGood People","article_modified_time":"2023-06-20T08:27:16+00:00","og_image":[{"width":144,"height":100,"url":"https:\/\/www.dogoodpeople.com\/wp-content\/uploads\/2022\/09\/logo_dogoodpeople_100.png","type":"image\/png"}],"twitter_card":"summary_large_image","twitter_misc":{"Tiempo de lectura":"6 minutos"},"schema":{"@context":"https:\/\/schema.org","@graph":[{"@type":"WebPage","@id":"https:\/\/www.dogoodpeople.com\/es\/codigo-de-conducta\/","url":"https:\/\/www.dogoodpeople.com\/es\/codigo-de-conducta\/","name":"C\u00f3digo de Conducta - DoGood People","isPartOf":{"@id":"https:\/\/www.dogoodpeople.com\/es\/#website"},"datePublished":"2022-10-24T18:25:06+00:00","dateModified":"2023-06-20T08:27:16+00:00","breadcrumb":{"@id":"https:\/\/www.dogoodpeople.com\/es\/codigo-de-conducta\/#breadcrumb"},"inLanguage":"es","potentialAction":[{"@type":"ReadAction","target":["https:\/\/www.dogoodpeople.com\/es\/codigo-de-conducta\/"]}]},{"@type":"BreadcrumbList","@id":"https:\/\/www.dogoodpeople.com\/es\/codigo-de-conducta\/#breadcrumb","itemListElement":[{"@type":"ListItem","position":1,"name":"Home","item":"https:\/\/www.dogoodpeople.com\/es\/"},{"@type":"ListItem","position":2,"name":"C\u00f3digo de Conducta"}]},{"@type":"WebSite","@id":"https:\/\/www.dogoodpeople.com\/es\/#website","url":"https:\/\/www.dogoodpeople.com\/es\/","name":"DoGood People","description":"Software para digitalizar el impacto ESG de los empleados y mejorar la reputaci\u00f3n sostenible de las empresas.","publisher":{"@id":"https:\/\/www.dogoodpeople.com\/es\/#organization"},"alternateName":"DoGood","potentialAction":[{"@type":"SearchAction","target":{"@type":"EntryPoint","urlTemplate":"https:\/\/www.dogoodpeople.com\/es\/?s={search_term_string}"},"query-input":{"@type":"PropertyValueSpecification","valueRequired":true,"valueName":"search_term_string"}}],"inLanguage":"es"},{"@type":"Organization","@id":"https:\/\/www.dogoodpeople.com\/es\/#organization","name":"DoGood People","url":"https:\/\/www.dogoodpeople.com\/es\/","logo":{"@type":"ImageObject","inLanguage":"es","@id":"https:\/\/www.dogoodpeople.com\/es\/#\/schema\/logo\/image\/","url":"https:\/\/www.dogoodpeople.com\/wp-content\/uploads\/2022\/09\/Logo-DoGood-people.png","contentUrl":"https:\/\/www.dogoodpeople.com\/wp-content\/uploads\/2022\/09\/Logo-DoGood-people.png","width":400,"height":280,"caption":"DoGood People"},"image":{"@id":"https:\/\/www.dogoodpeople.com\/es\/#\/schema\/logo\/image\/"},"sameAs":["https:\/\/www.linkedin.com\/company\/dogood\/","https:\/\/www.instagram.com\/dogood_people\/"]}]}},"_links":{"self":[{"href":"https:\/\/www.dogoodpeople.com\/es\/wp-json\/wp\/v2\/pages\/14475","targetHints":{"allow":["GET"]}}],"collection":[{"href":"https:\/\/www.dogoodpeople.com\/es\/wp-json\/wp\/v2\/pages"}],"about":[{"href":"https:\/\/www.dogoodpeople.com\/es\/wp-json\/wp\/v2\/types\/page"}],"author":[{"embeddable":true,"href":"https:\/\/www.dogoodpeople.com\/es\/wp-json\/wp\/v2\/users\/1"}],"replies":[{"embeddable":true,"href":"https:\/\/www.dogoodpeople.com\/es\/wp-json\/wp\/v2\/comments?post=14475"}],"version-history":[{"count":0,"href":"https:\/\/www.dogoodpeople.com\/es\/wp-json\/wp\/v2\/pages\/14475\/revisions"}],"wp:attachment":[{"href":"https:\/\/www.dogoodpeople.com\/es\/wp-json\/wp\/v2\/media?parent=14475"}],"curies":[{"name":"wp","href":"https:\/\/api.w.org\/{rel}","templated":true}]}}