{"id":14398,"date":"2022-10-24T15:13:48","date_gmt":"2022-10-24T13:13:48","guid":{"rendered":"https:\/\/www.dogoodpeople.com\/legal-notice-terms-conditions-web\/"},"modified":"2025-04-30T11:29:18","modified_gmt":"2025-04-30T09:29:18","slug":"aviso-legal","status":"publish","type":"page","link":"https:\/\/www.dogoodpeople.com\/es\/aviso-legal\/","title":{"rendered":"Aviso Legal y Condiciones Generales Web"},"content":{"rendered":"\t\t<div data-elementor-type=\"wp-page\" data-elementor-id=\"14398\" class=\"elementor elementor-14398 elementor-14396\" data-elementor-post-type=\"page\">\n\t\t\t\t\t\t<section class=\"elementor-section elementor-top-section elementor-element elementor-element-1cf7258 elementor-section-boxed elementor-section-height-default elementor-section-height-default\" data-id=\"1cf7258\" data-element_type=\"section\" data-settings=\"{&quot;background_background&quot;:&quot;classic&quot;}\">\n\t\t\t\t\t\t<div class=\"elementor-container elementor-column-gap-default\">\n\t\t\t\t\t<div class=\"elementor-column elementor-col-100 elementor-top-column elementor-element elementor-element-0bd6fb5\" data-id=\"0bd6fb5\" data-element_type=\"column\">\n\t\t\t<div class=\"elementor-widget-wrap elementor-element-populated\">\n\t\t\t\t\t\t<div class=\"elementor-element elementor-element-d6aeda6 elementor-widget elementor-widget-heading\" data-id=\"d6aeda6\" data-element_type=\"widget\" data-widget_type=\"heading.default\">\n\t\t\t\t<div class=\"elementor-widget-container\">\n\t\t\t\t\t<h1 class=\"elementor-heading-title elementor-size-default\">Aviso Legal y Condiciones Generales Web<\/h1>\t\t\t\t<\/div>\n\t\t\t\t<\/div>\n\t\t\t\t\t<\/div>\n\t\t<\/div>\n\t\t\t\t\t<\/div>\n\t\t<\/section>\n\t\t\t\t<section class=\"elementor-section elementor-top-section elementor-element elementor-element-5366ec0 elementor-section-boxed elementor-section-height-default elementor-section-height-default\" data-id=\"5366ec0\" data-element_type=\"section\">\n\t\t\t\t\t\t<div class=\"elementor-container elementor-column-gap-default\">\n\t\t\t\t\t<div class=\"elementor-column elementor-col-100 elementor-top-column elementor-element elementor-element-bc80147\" data-id=\"bc80147\" data-element_type=\"column\">\n\t\t\t<div class=\"elementor-widget-wrap elementor-element-populated\">\n\t\t\t\t\t\t<div class=\"elementor-element elementor-element-bfeaf91 elementor-widget elementor-widget-text-editor\" data-id=\"bfeaf91\" data-element_type=\"widget\" data-widget_type=\"text-editor.default\">\n\t\t\t\t<div class=\"elementor-widget-container\">\n\t\t\t\t\t\t\t\t\t<p><strong>Identificaci\u00f3n del titular de la Web<\/strong><\/p><p>En cumplimiento de lo establecido en el Art. 10 de la Ley 34\/2002, de 11 de julio, de Servicios de la Sociedad de la Informaci\u00f3n y Comercio Electr\u00f3nico (LSSI-CE), se informa que DOGOOD PEOPLE, S.L. (en adelante DoGood) con domicilio social en Calle Diego de Le\u00f3n, 57 28006 Madrid, Espa\u00f1a, inscrita en el Registro Mercantil de Madrid tomo 39649, folio 111, inscripci\u00f3n 1, provista del N.I.F. B88472378 y con correo de contacto hola@dogoodpeople.com es la titular de la Web (en adelante \u00abWeb\u00bb o \u00absitio\u00bb)\u00a0<a href=\"https:\/\/dogoodpeople.com\/\">www.dogoodpeople.com<\/a>.<\/p><p>Al navegar por nuestra p\u00e1gina web usted acepta que su uso se rige de acuerdo con las condiciones descritas a continuaci\u00f3n.\u00a0<\/p><p>DoGood se reserva el derecho a modificar la presentaci\u00f3n, configuraci\u00f3n y contenidos de la Web, as\u00ed como a modificar total o parcialmente sus T\u00e9rminos y Condiciones, informando en este caso de ello al usuario.<\/p><p>Si usted tiene alguna pregunta o comentario acerca de las condiciones de uso de la Web puede contactar con nosotros a trav\u00e9s del formulario de contacto en\u00a0<a href=\"https:\/\/dogoodpeople.com\/contacto\/\">https:\/\/dogoodpeople.com\/contacto\/<\/a>\u00a0<\/p><p><strong>Uso del sitio<\/strong><\/p><p>Las presentes Condiciones Generales regulan el acceso a los contenidos y todos los servicios y productos ofrecidos por DoGood a trav\u00e9s de la Web, as\u00ed como la utilizaci\u00f3n de los mismos por parte de los usuarios. En este sentido, se entender\u00e1 por Usuario a la persona que acceda, navegue, utilice o participe en los servicios y actividades, gratuitas u onerosas, desarrolladas en la Web.<\/p><p>Puede utilizar la informaci\u00f3n que est\u00e1 disponible en el sitio DoGood \u00fanicamente para uso personal y no lo puede utilizar para su uso comercial, a menos que se indique lo contrario. Para cualquier uso con fines comerciales (por ejemplo, la reproducci\u00f3n), el usuario deber\u00e1 obtener previamente la autorizaci\u00f3n de DoGood y firmar un acuerdo. El acceso a determinados contenidos y la utilizaci\u00f3n de determinados servicios pueden encontrarse sometidos a determinadas condiciones particulares, que, seg\u00fan los casos, sustituir\u00e1n, completar\u00e1n y\/o modificar\u00e1n las presentes condiciones de uso y, en caso de contradicci\u00f3n, prevalecer\u00e1n los t\u00e9rminos de las condiciones particulares sobre las condiciones generales.<\/p><p>El Usuario se compromete a utilizar la Web de conformidad con la ley y con las presentes Condiciones Generales. El Usuario se obliga asimismo a abstenerse de utilizar la Web con fines o efectos il\u00edcitos o contrarios a lo establecido en las Condiciones Generales. Cualquier intento de cambiar la informaci\u00f3n o cualquier otra acci\u00f3n que pueda da\u00f1ar o poner en peligro la integridad del lugar, est\u00e1n estrictamente prohibidos.<\/p><p>No est\u00e1 permitido el uso de la Web que sea contrario a ley y en particular para los siguientes usos (se mencionan a t\u00edtulo meramente enunciativo y no limitativo):<\/p><ul><li>Para distribuir publicidad o correos electr\u00f3nicos no solicitados (spam)<\/li><li>Para atentar contra la moral p\u00fablica<\/li><li>Para enga\u00f1ar a los dem\u00e1s<\/li><li>Para violar derechos de propiedad intelectual o derechos similares<\/li><li>Para cargar de contenido que contiene virus u otros programas que pueden da\u00f1ar su ordenador<\/li><li>Para transmitir, almacenar o cargar hiperv\u00ednculos o contenidos sobre los que el usuario no tiene derecho, especialmente cuando dichos enlaces o contenidos son ilegales y violan las leyes de protecci\u00f3n de datos personales<\/li><\/ul><p>El Usuario podr\u00e1 publicar comentarios en el Blog de la Web o en otras URL con objetivo similar, y en este sentido, queda informado de que sus comentarios, junto con los datos identificativos que aporte, podr\u00e1n ser publicados en el Blog. El Usuario se compromete a no publicar ning\u00fan comentario que pudiese contravenir los aspectos se\u00f1alados en el apartado anterior y ser\u00e1 exclusivamente responsable de los comentarios que publique, as\u00ed como de sus interacciones con el resto de usuarios. DoGood se reserva la facultad de denegar la publicaci\u00f3n, o retirar, cualquier comentario o contenido que pudiese vulnerar lo establecido en las Condiciones Generales.<\/p><p>En el caso de que el Usuario env\u00ede informaci\u00f3n de cualquier tipo a DoGood a trav\u00e9s de los formularios de la Web, el Usuario declara, garantiza y acepta que tiene derecho a hacerlo libremente, que dicha informaci\u00f3n no infringe ning\u00fan derecho de propiedad intelectual, de marca, de patente, secreto comercial, o cualquier otro derecho de tercero, que dicha informaci\u00f3n no tiene car\u00e1cter confidencial y que dicha informaci\u00f3n no es perjudicial para terceros. El Usuario reconoce asumir la responsabilidad y dejar\u00e1 indemne a DoGood por cualquier comunicaci\u00f3n que suministre personalmente o a su nombre, alcanzando dicha responsabilidad sin restricci\u00f3n alguna la exactitud, legalidad, originalidad y titularidad de la misma.<\/p><p><strong>Derechos de propiedad industrial e intelectual.<\/strong><\/p><p>La Web se rige por las leyes espa\u00f1olas y por la legislaci\u00f3n nacional e internacional sobre propiedad intelectual e industrial.\u00a0<\/p><p>El Usuario dispone de un derecho de uso estrictamente privado, exclusivamente con la finalidad de disfrutar de las prestaciones del servicio de acuerdo con estas Condiciones Generales. En ning\u00fan caso se entender\u00e1 que el acceso y navegaci\u00f3n del Usuario por la Web o la utilizaci\u00f3n, adquisici\u00f3n y\/o contrataci\u00f3n de productos o servicios ofertados, implique una renuncia, transmisi\u00f3n, licencia o cesi\u00f3n total ni parcial de dichos derechos por parte de DoGood, o la concesi\u00f3n de alg\u00fan derecho sobre las marcas, logotipos y\/o signos distintivos en \u00e9l incluidos protegidos por Ley.\u00a0<\/p><p>Las referencias a nombres y marcas comerciales o registradas, logotipos u otros signos distintivos, ya sean titularidad de DoGood o de terceras empresas, llevan impl\u00edcitas la prohibici\u00f3n sobre su uso sin el consentimiento de DoGood o de sus leg\u00edtimos propietarios.\u00a0<\/p><p>Quedan reservados todos los derechos de Propiedad Intelectual e Industrial sobre los contenidos y\/o servicios y, en particular, queda prohibido modificar, copiar, reproducir, comunicar p\u00fablicamente, transformar o distribuir de cualquier forma la totalidad o parte de los contenidos y\/o servicio incluidos en la Web, para prop\u00f3sitos p\u00fablicos o comerciales, si no se cuenta con la autorizaci\u00f3n previa, expresa y por escrito de DoGood o, en su caso, del titular de los derechos correspondientes.<\/p><p><strong>Enlaces a sitios web de terceros<\/strong><\/p><p>La p\u00e1gina web de DoGood puede contener enlaces a p\u00e1ginas web de terceros. DoGood no se hace responsable por el contenido del enlace de dichas p\u00e1ginas. Los riesgos derivados de la utilizaci\u00f3n de estas p\u00e1ginas son por cuenta y responsabilidad del usuario.<\/p><p>Si los Usuarios tuvieran conocimiento efectivo de la ilicitud de actividades desarrolladas a trav\u00e9s de estas p\u00e1ginas Web de terceros, deber\u00e1n comunicarlo inmediatamente a DoGood a los efectos de que se proceda a deshabilitar el enlace de acceso a la misma.<\/p><p>El establecimiento de cualquier tipo de enlace desde la Web a otro sitio web ajeno no implicar\u00e1 que exista alg\u00fan tipo de relaci\u00f3n, colaboraci\u00f3n o dependencia entre DoGood y el responsable del sitio web ajeno.<\/p><p><strong>Enlaces desde sitios web de terceros<\/strong><\/p><p>DoGood no autoriza el establecimiento de un enlace a la Web desde aquellas p\u00e1ginas Web que contengan materiales, informaci\u00f3n o contenidos il\u00edcitos, ilegales, degradantes, obscenos, y en general, que contravengan la moral, el orden p\u00fablico o las normas sociales generalmente aceptadas.<\/p><p>Si cualquier Usuario, entidad o sitio web ajeno deseara establecer alg\u00fan tipo de enlace con destino a la Web deber\u00e1 ponerse en contacto de forma previa con DoGood para informar de sus actuaciones. DoGood no asume ning\u00fan tipo de responsabilidad por cualquier aspecto relativo al sitio web ajeno que establezca un enlace con destino a la web\u00a0<a href=\"https:\/\/dogoodpeople.com\/\">www.dogoodpeople.com<\/a>\u00a0y otras webs de DoGood.<\/p><p>En ning\u00fan caso, salvo que DoGood lo autorice de manera expresa y por escrito, el sitio web ajeno que realiza el enlace podr\u00e1 reproducir, de cualquier manera, la Web\u00a0<a href=\"https:\/\/dogoodpeople.com\/\">www.dogoodpeople.com<\/a>, incluirlo como parte de su web o dentro de uno de sus \u201cframes\u201d o crear un \u201cbrowser\u201d sobre cualquiera de las p\u00e1ginas del sitio web ajeno. En la p\u00e1gina que establece el enlace no se podr\u00e1 declarar de ninguna manera que DoGood ha autorizado tal enlace, salvo que DoGood lo haya hecho expresamente y por escrito.\u00a0<\/p><p>Si la entidad que realiza el enlace desde su p\u00e1gina a la Web correctamente desea incluir en su p\u00e1gina Web la marca, denominaci\u00f3n, nombre comercial, r\u00f3tulo, logotipo, slogan o cualquier otro tipo de elemento identificativo de DoGood y\/o de la Web, deber\u00e1 contar previamente con su autorizaci\u00f3n expresa y por escrito<\/p><p><strong>Responsabilidad<\/strong><\/p><p>DoGood es titular de esta Web y, a menos que se indique lo contrario, de todos los contenidos incluidos en el mismo. DoGood no puede garantizar la fiabilidad, utilidad o veracidad de los servicios o de la informaci\u00f3n que se preste a trav\u00e9s de la Web, ni tampoco de la utilidad o veracidad de la documentaci\u00f3n que pueden ser adquiridos a trav\u00e9s de la Web. En consecuencia, DoGood no garantiza ni se hace responsable de:<\/p><ul><li>La continuidad de los contenidos de la Web;<\/li><li>La ausencia de errores en dichos contenidos o productos;<\/li><li>La ausencia de virus y\/o dem\u00e1s componentes da\u00f1inos en la Web o en el servidor que lo suministra;<\/li><li>La invulnerabilidad de la Web y\/o la inexpugnabilidad de las medidas de seguridad que se adopten en el mismo;<\/li><li>La falta de utilidad o rendimiento de los contenidos y productos de la Web;<\/li><li>Los da\u00f1os o perjuicios que cause, a s\u00ed mismo o a un tercero, cualquier persona que infringiera las condiciones, normas e instrucciones que DoGood establece en la Web o a trav\u00e9s de la vulneraci\u00f3n de los sistemas de seguridad de la Web.<\/li><\/ul><p>DoGood declara que ha adoptado todas las medidas necesarias, dentro de sus posibilidades y del estado de la tecnolog\u00eda, para garantizar el funcionamiento de la Web y evitar la existencia y transmisi\u00f3n de virus y dem\u00e1s componentes da\u00f1inos a los Usuarios. Sin embargo, el contenido no constituye ninguna relaci\u00f3n contractual, por lo que DoGood no ser\u00e1 responsable por cualquier p\u00e9rdida o da\u00f1o sufrido por cualquier usuario con relaci\u00f3n a la informaci\u00f3n contenida en esta Web.<\/p><p>Si el Usuario tuviera conocimiento de la existencia de alg\u00fan contenido il\u00edcito, ilegal, contrario a las leyes o que pudiera suponer una infracci\u00f3n de derechos de propiedad intelectual y\/o industrial, deber\u00e1 notificarlo inmediatamente a DoGood para que \u00e9sta pueda proceder a la adopci\u00f3n de las medidas oportunas.<\/p><p>Con independencia de lo dispuesto en las condiciones particulares, DoGood podr\u00e1 dar por terminado, suspender o interrumpir, en cualquier momento sin necesidad de preaviso, el acceso a los contenidos de la p\u00e1gina, sin posibilidad por parte del Usuario de exigir indemnizaci\u00f3n alguna.<\/p><p><strong>Resoluci\u00f3n de conflictos<\/strong><\/p><p>Para los conflictos de interpretaci\u00f3n y ejecuci\u00f3n derivados del uso de la Web ser\u00e1 de aplicaci\u00f3n la legislaci\u00f3n espa\u00f1ola vigente y los Juzgados y Tribunales de Espa\u00f1a, siempre que la normativa vigente al efecto prevea la posibilidad que las partes puedan someterse a un fuero determinado.<\/p><p><strong>Generalidades<\/strong><\/p><p>Los encabezamientos de las distintas cl\u00e1usulas son s\u00f3lo informativos, y no afectar\u00e1n, calificar\u00e1n o ampliar\u00e1n la interpretaci\u00f3n de las Condiciones Generales.<\/p><p>En caso de existir discrepancia entre lo establecido en estas Condiciones Generales y las Condiciones Particulares de cada servicio espec\u00edfico, prevalecer\u00e1 lo dispuesto en \u00e9stas \u00faltimas.<\/p><p>En el caso de que cualquier disposici\u00f3n o disposiciones de estas Condiciones Generales fuera(n) considerada(s) nula(s) o inaplicable(s), en su totalidad o en parte, por cualquier Juzgado, Tribunal u \u00f3rgano administrativo competente, dicha nulidad o inaplicaci\u00f3n no afectar\u00e1 a las otras disposiciones de las Condiciones Generales.<\/p><p>El no ejercicio o ejecuci\u00f3n por parte de DoGood de cualquier derecho o disposici\u00f3n contenida en estas Condiciones Generales no constituir\u00e1 una renuncia al mismo, salvo reconocimiento y acuerdo por escrito por su parte.<\/p><p><strong>Pol\u00edtica de cookies<\/strong><\/p><p>La Pol\u00edtica de cookies de\u00a0<a href=\"https:\/\/dogoodpeople.com\/\">www.dogoodpeople.com<\/a>\u00a0queda determinada por lo establecido en la pol\u00edtica de cookies de\u00a0<a href=\"https:\/\/dogoodpeople.com\/politica-de-cookies\/\">https:\/\/dogoodpeople.com\/politica-de-cookies\/<\/a><\/p><p><strong>Pol\u00edtica de privacidad<\/strong><\/p><p>La Pol\u00edtica de privacidad de\u00a0<a href=\"https:\/\/dogoodpeople.com\/\">www.dogoodpeople.com<\/a>\u00a0queda determinada por lo establecido en la pol\u00edtica de privacidad de\u00a0<a href=\"https:\/\/dogoodpeople.com\/politica-privacidad\/\">https:\/\/dogoodpeople.com\/politica-privacidad\/<\/a><\/p>\t\t\t\t\t\t\t\t<\/div>\n\t\t\t\t<\/div>\n\t\t\t\t\t<\/div>\n\t\t<\/div>\n\t\t\t\t\t<\/div>\n\t\t<\/section>\n\t\t\t\t<\/div>\n\t\t","protected":false},"excerpt":{"rendered":"<p>Identificaci\u00f3n del titular de la Web En cumplimiento de lo establecido en el Art. 10 [&hellip;]<\/p>\n","protected":false},"author":1,"featured_media":0,"parent":0,"menu_order":0,"comment_status":"closed","ping_status":"closed","template":"","meta":{"_acf_changed":false,"content-type":"","footnotes":""},"class_list":["post-14398","page","type-page","status-publish","hentry"],"acf":[],"yoast_head":"<!-- This site is optimized with the Yoast SEO Premium plugin v25.8 (Yoast SEO v27.4) - https:\/\/yoast.com\/product\/yoast-seo-premium-wordpress\/ -->\n<title>Aviso Legal y Condiciones Generales Web - DoGood People<\/title>\n<meta name=\"robots\" content=\"index, follow, max-snippet:-1, max-image-preview:large, max-video-preview:-1\" \/>\n<link rel=\"canonical\" href=\"https:\/\/www.dogoodpeople.com\/es\/aviso-legal\/\" \/>\n<meta property=\"og:locale\" content=\"es_ES\" \/>\n<meta property=\"og:type\" content=\"article\" \/>\n<meta property=\"og:title\" content=\"Aviso Legal y Condiciones Generales Web\" \/>\n<meta property=\"og:description\" content=\"Identificaci\u00f3n del titular de la Web En cumplimiento de lo establecido en el Art. 10 [&hellip;]\" \/>\n<meta property=\"og:url\" content=\"https:\/\/www.dogoodpeople.com\/es\/aviso-legal\/\" \/>\n<meta property=\"og:site_name\" content=\"DoGood People\" \/>\n<meta property=\"article:modified_time\" content=\"2025-04-30T09:29:18+00:00\" \/>\n<meta property=\"og:image\" content=\"https:\/\/www.dogoodpeople.com\/wp-content\/uploads\/2022\/09\/logo_dogoodpeople_100.png\" \/>\n\t<meta property=\"og:image:width\" content=\"144\" \/>\n\t<meta property=\"og:image:height\" content=\"100\" \/>\n\t<meta property=\"og:image:type\" content=\"image\/png\" \/>\n<meta name=\"twitter:card\" content=\"summary_large_image\" \/>\n<meta name=\"twitter:label1\" content=\"Tiempo de lectura\" \/>\n\t<meta name=\"twitter:data1\" content=\"9 minutos\" \/>\n<script type=\"application\/ld+json\" class=\"yoast-schema-graph\">{\"@context\":\"https:\\\/\\\/schema.org\",\"@graph\":[{\"@type\":\"WebPage\",\"@id\":\"https:\\\/\\\/www.dogoodpeople.com\\\/es\\\/aviso-legal\\\/\",\"url\":\"https:\\\/\\\/www.dogoodpeople.com\\\/es\\\/aviso-legal\\\/\",\"name\":\"Aviso Legal y Condiciones Generales Web - DoGood People\",\"isPartOf\":{\"@id\":\"https:\\\/\\\/www.dogoodpeople.com\\\/es\\\/#website\"},\"datePublished\":\"2022-10-24T13:13:48+00:00\",\"dateModified\":\"2025-04-30T09:29:18+00:00\",\"breadcrumb\":{\"@id\":\"https:\\\/\\\/www.dogoodpeople.com\\\/es\\\/aviso-legal\\\/#breadcrumb\"},\"inLanguage\":\"es\",\"potentialAction\":[{\"@type\":\"ReadAction\",\"target\":[\"https:\\\/\\\/www.dogoodpeople.com\\\/es\\\/aviso-legal\\\/\"]}]},{\"@type\":\"BreadcrumbList\",\"@id\":\"https:\\\/\\\/www.dogoodpeople.com\\\/es\\\/aviso-legal\\\/#breadcrumb\",\"itemListElement\":[{\"@type\":\"ListItem\",\"position\":1,\"name\":\"Home\",\"item\":\"https:\\\/\\\/www.dogoodpeople.com\\\/es\\\/\"},{\"@type\":\"ListItem\",\"position\":2,\"name\":\"Aviso Legal y Condiciones Generales Web\"}]},{\"@type\":\"WebSite\",\"@id\":\"https:\\\/\\\/www.dogoodpeople.com\\\/es\\\/#website\",\"url\":\"https:\\\/\\\/www.dogoodpeople.com\\\/es\\\/\",\"name\":\"DoGood People\",\"description\":\"Software para digitalizar el impacto ESG de los empleados y mejorar la reputaci\u00f3n sostenible de las empresas.\",\"publisher\":{\"@id\":\"https:\\\/\\\/www.dogoodpeople.com\\\/es\\\/#organization\"},\"alternateName\":\"DoGood\",\"potentialAction\":[{\"@type\":\"SearchAction\",\"target\":{\"@type\":\"EntryPoint\",\"urlTemplate\":\"https:\\\/\\\/www.dogoodpeople.com\\\/es\\\/?s={search_term_string}\"},\"query-input\":{\"@type\":\"PropertyValueSpecification\",\"valueRequired\":true,\"valueName\":\"search_term_string\"}}],\"inLanguage\":\"es\"},{\"@type\":\"Organization\",\"@id\":\"https:\\\/\\\/www.dogoodpeople.com\\\/es\\\/#organization\",\"name\":\"DoGood People\",\"url\":\"https:\\\/\\\/www.dogoodpeople.com\\\/es\\\/\",\"logo\":{\"@type\":\"ImageObject\",\"inLanguage\":\"es\",\"@id\":\"https:\\\/\\\/www.dogoodpeople.com\\\/es\\\/#\\\/schema\\\/logo\\\/image\\\/\",\"url\":\"https:\\\/\\\/www.dogoodpeople.com\\\/wp-content\\\/uploads\\\/2022\\\/09\\\/Logo-DoGood-people.png\",\"contentUrl\":\"https:\\\/\\\/www.dogoodpeople.com\\\/wp-content\\\/uploads\\\/2022\\\/09\\\/Logo-DoGood-people.png\",\"width\":400,\"height\":280,\"caption\":\"DoGood People\"},\"image\":{\"@id\":\"https:\\\/\\\/www.dogoodpeople.com\\\/es\\\/#\\\/schema\\\/logo\\\/image\\\/\"},\"sameAs\":[\"https:\\\/\\\/www.linkedin.com\\\/company\\\/dogood\\\/\",\"https:\\\/\\\/www.instagram.com\\\/dogood_people\\\/\"]}]}<\/script>\n<!-- \/ Yoast SEO Premium plugin. -->","yoast_head_json":{"title":"Aviso Legal y Condiciones Generales Web - DoGood People","robots":{"index":"index","follow":"follow","max-snippet":"max-snippet:-1","max-image-preview":"max-image-preview:large","max-video-preview":"max-video-preview:-1"},"canonical":"https:\/\/www.dogoodpeople.com\/es\/aviso-legal\/","og_locale":"es_ES","og_type":"article","og_title":"Aviso Legal y Condiciones Generales Web","og_description":"Identificaci\u00f3n del titular de la Web En cumplimiento de lo establecido en el Art. 10 [&hellip;]","og_url":"https:\/\/www.dogoodpeople.com\/es\/aviso-legal\/","og_site_name":"DoGood People","article_modified_time":"2025-04-30T09:29:18+00:00","og_image":[{"width":144,"height":100,"url":"https:\/\/www.dogoodpeople.com\/wp-content\/uploads\/2022\/09\/logo_dogoodpeople_100.png","type":"image\/png"}],"twitter_card":"summary_large_image","twitter_misc":{"Tiempo de lectura":"9 minutos"},"schema":{"@context":"https:\/\/schema.org","@graph":[{"@type":"WebPage","@id":"https:\/\/www.dogoodpeople.com\/es\/aviso-legal\/","url":"https:\/\/www.dogoodpeople.com\/es\/aviso-legal\/","name":"Aviso Legal y Condiciones Generales Web - DoGood People","isPartOf":{"@id":"https:\/\/www.dogoodpeople.com\/es\/#website"},"datePublished":"2022-10-24T13:13:48+00:00","dateModified":"2025-04-30T09:29:18+00:00","breadcrumb":{"@id":"https:\/\/www.dogoodpeople.com\/es\/aviso-legal\/#breadcrumb"},"inLanguage":"es","potentialAction":[{"@type":"ReadAction","target":["https:\/\/www.dogoodpeople.com\/es\/aviso-legal\/"]}]},{"@type":"BreadcrumbList","@id":"https:\/\/www.dogoodpeople.com\/es\/aviso-legal\/#breadcrumb","itemListElement":[{"@type":"ListItem","position":1,"name":"Home","item":"https:\/\/www.dogoodpeople.com\/es\/"},{"@type":"ListItem","position":2,"name":"Aviso Legal y Condiciones Generales Web"}]},{"@type":"WebSite","@id":"https:\/\/www.dogoodpeople.com\/es\/#website","url":"https:\/\/www.dogoodpeople.com\/es\/","name":"DoGood People","description":"Software para digitalizar el impacto ESG de los empleados y mejorar la reputaci\u00f3n sostenible de las empresas.","publisher":{"@id":"https:\/\/www.dogoodpeople.com\/es\/#organization"},"alternateName":"DoGood","potentialAction":[{"@type":"SearchAction","target":{"@type":"EntryPoint","urlTemplate":"https:\/\/www.dogoodpeople.com\/es\/?s={search_term_string}"},"query-input":{"@type":"PropertyValueSpecification","valueRequired":true,"valueName":"search_term_string"}}],"inLanguage":"es"},{"@type":"Organization","@id":"https:\/\/www.dogoodpeople.com\/es\/#organization","name":"DoGood People","url":"https:\/\/www.dogoodpeople.com\/es\/","logo":{"@type":"ImageObject","inLanguage":"es","@id":"https:\/\/www.dogoodpeople.com\/es\/#\/schema\/logo\/image\/","url":"https:\/\/www.dogoodpeople.com\/wp-content\/uploads\/2022\/09\/Logo-DoGood-people.png","contentUrl":"https:\/\/www.dogoodpeople.com\/wp-content\/uploads\/2022\/09\/Logo-DoGood-people.png","width":400,"height":280,"caption":"DoGood People"},"image":{"@id":"https:\/\/www.dogoodpeople.com\/es\/#\/schema\/logo\/image\/"},"sameAs":["https:\/\/www.linkedin.com\/company\/dogood\/","https:\/\/www.instagram.com\/dogood_people\/"]}]}},"_links":{"self":[{"href":"https:\/\/www.dogoodpeople.com\/es\/wp-json\/wp\/v2\/pages\/14398","targetHints":{"allow":["GET"]}}],"collection":[{"href":"https:\/\/www.dogoodpeople.com\/es\/wp-json\/wp\/v2\/pages"}],"about":[{"href":"https:\/\/www.dogoodpeople.com\/es\/wp-json\/wp\/v2\/types\/page"}],"author":[{"embeddable":true,"href":"https:\/\/www.dogoodpeople.com\/es\/wp-json\/wp\/v2\/users\/1"}],"replies":[{"embeddable":true,"href":"https:\/\/www.dogoodpeople.com\/es\/wp-json\/wp\/v2\/comments?post=14398"}],"version-history":[{"count":1,"href":"https:\/\/www.dogoodpeople.com\/es\/wp-json\/wp\/v2\/pages\/14398\/revisions"}],"predecessor-version":[{"id":33314,"href":"https:\/\/www.dogoodpeople.com\/es\/wp-json\/wp\/v2\/pages\/14398\/revisions\/33314"}],"wp:attachment":[{"href":"https:\/\/www.dogoodpeople.com\/es\/wp-json\/wp\/v2\/media?parent=14398"}],"curies":[{"name":"wp","href":"https:\/\/api.w.org\/{rel}","templated":true}]}}