{"id":14022,"date":"2022-09-15T20:04:50","date_gmt":"2022-09-15T18:04:50","guid":{"rendered":"https:\/\/www.dogoodpeople.com\/contacto\/"},"modified":"2025-12-17T12:17:52","modified_gmt":"2025-12-17T11:17:52","slug":"contacto","status":"publish","type":"page","link":"https:\/\/www.dogoodpeople.com\/es\/contacto\/","title":{"rendered":"Contacto"},"content":{"rendered":"\t\t<div data-elementor-type=\"wp-page\" data-elementor-id=\"14022\" class=\"elementor elementor-14022 elementor-12089\" data-elementor-post-type=\"page\">\n\t\t\t\t\t\t<section class=\"elementor-section elementor-top-section elementor-element elementor-element-842e0ea elementor-section-full_width elementor-section-height-default elementor-section-height-default\" data-id=\"842e0ea\" data-element_type=\"section\">\n\t\t\t\t\t\t<div class=\"elementor-container elementor-column-gap-default\">\n\t\t\t\t\t<div class=\"elementor-column elementor-col-50 elementor-top-column elementor-element elementor-element-44b736c\" data-id=\"44b736c\" data-element_type=\"column\">\n\t\t\t<div class=\"elementor-widget-wrap elementor-element-populated\">\n\t\t\t\t\t\t<div class=\"elementor-element elementor-element-90a16bf elementor-widget elementor-widget-google_maps\" data-id=\"90a16bf\" data-element_type=\"widget\" data-widget_type=\"google_maps.default\">\n\t\t\t\t<div class=\"elementor-widget-container\">\n\t\t\t\t\t\t\t<div class=\"elementor-custom-embed\">\n\t\t\t<iframe loading=\"lazy\"\n\t\t\t\t\tsrc=\"https:\/\/maps.google.com\/maps?q=Calle%20Diego%20de%20Le%C3%B3n%2C%2057%2028006%20Madrid&#038;t=m&#038;z=12&#038;output=embed&#038;iwloc=near\"\n\t\t\t\t\ttitle=\"Calle Diego de Le\u00f3n, 57 28006 Madrid\"\n\t\t\t\t\taria-label=\"Calle Diego de Le\u00f3n, 57 28006 Madrid\"\n\t\t\t><\/iframe>\n\t\t<\/div>\n\t\t\t\t\t\t<\/div>\n\t\t\t\t<\/div>\n\t\t\t\t\t<\/div>\n\t\t<\/div>\n\t\t\t\t<div class=\"elementor-column elementor-col-50 elementor-top-column elementor-element elementor-element-a088c43\" data-id=\"a088c43\" data-element_type=\"column\">\n\t\t\t<div class=\"elementor-widget-wrap elementor-element-populated\">\n\t\t\t\t\t\t<div class=\"elementor-element elementor-element-a9a27ea elementor-widget elementor-widget-spacer\" data-id=\"a9a27ea\" data-element_type=\"widget\" data-widget_type=\"spacer.default\">\n\t\t\t\t<div class=\"elementor-widget-container\">\n\t\t\t\t\t\t\t<div class=\"elementor-spacer\">\n\t\t\t<div class=\"elementor-spacer-inner\"><\/div>\n\t\t<\/div>\n\t\t\t\t\t\t<\/div>\n\t\t\t\t<\/div>\n\t\t\t\t<div class=\"elementor-element elementor-element-ee6baf9 elementor-widget elementor-widget-heading\" data-id=\"ee6baf9\" data-element_type=\"widget\" data-widget_type=\"heading.default\">\n\t\t\t\t<div class=\"elementor-widget-container\">\n\t\t\t\t\t<h1 class=\"elementor-heading-title elementor-size-default\">Contacto<\/h1>\t\t\t\t<\/div>\n\t\t\t\t<\/div>\n\t\t\t\t<div class=\"elementor-element elementor-element-f84172c elementor-widget elementor-widget-shortcode\" data-id=\"f84172c\" data-element_type=\"widget\" data-widget_type=\"shortcode.default\">\n\t\t\t\t<div class=\"elementor-widget-container\">\n\t\t\t\t\t\t\t<div class=\"elementor-shortcode\"><script charset=\"utf-8\" type=\"text\/javascript\" src=\"\/\/js.hsforms.net\/forms\/embed\/v2.js\"><\/script><script>hbspt.forms.create({\n    region: \"na1\",\n    portalId: \"8379193\",\n    formId: \"77f3393d-34a5-4071-9a14-1af000569508\"\n  });\n<\/script><\/div>\n\t\t\t\t\t\t<\/div>\n\t\t\t\t<\/div>\n\t\t\t\t<section class=\"elementor-section elementor-inner-section elementor-element elementor-element-81ab649 elementor-section-boxed elementor-section-height-default elementor-section-height-default\" data-id=\"81ab649\" data-element_type=\"section\">\n\t\t\t\t\t\t<div class=\"elementor-container elementor-column-gap-default\">\n\t\t\t\t\t<div class=\"elementor-column elementor-col-50 elementor-inner-column elementor-element elementor-element-7c068c7\" data-id=\"7c068c7\" data-element_type=\"column\">\n\t\t\t<div class=\"elementor-widget-wrap elementor-element-populated\">\n\t\t\t\t\t\t<div class=\"elementor-element elementor-element-822d8ef elementor-widget elementor-widget-heading\" data-id=\"822d8ef\" data-element_type=\"widget\" data-widget_type=\"heading.default\">\n\t\t\t\t<div class=\"elementor-widget-container\">\n\t\t\t\t\t<h4 class=\"elementor-heading-title elementor-size-default\">ESPA\u00d1A<\/h4>\t\t\t\t<\/div>\n\t\t\t\t<\/div>\n\t\t\t\t<div class=\"elementor-element elementor-element-4301497 elementor-widget elementor-widget-text-editor\" data-id=\"4301497\" data-element_type=\"widget\" data-widget_type=\"text-editor.default\">\n\t\t\t\t<div class=\"elementor-widget-container\">\n\t\t\t\t\t\t\t\t\t<p>Calle Diego de Le\u00f3n, 57<br \/>28006 Madrid<br \/>&#8211;<br \/>Passatge de Font, 12<br \/>08013 Barcelona<\/p>\t\t\t\t\t\t\t\t<\/div>\n\t\t\t\t<\/div>\n\t\t\t\t\t<\/div>\n\t\t<\/div>\n\t\t\t\t<div class=\"elementor-column elementor-col-50 elementor-inner-column elementor-element elementor-element-810fcea\" data-id=\"810fcea\" data-element_type=\"column\">\n\t\t\t<div class=\"elementor-widget-wrap elementor-element-populated\">\n\t\t\t\t\t\t<div class=\"elementor-element elementor-element-cef7a05 elementor-widget elementor-widget-heading\" data-id=\"cef7a05\" data-element_type=\"widget\" data-widget_type=\"heading.default\">\n\t\t\t\t<div class=\"elementor-widget-container\">\n\t\t\t\t\t<h4 class=\"elementor-heading-title elementor-size-default\">M\u00c9XICO<\/h4>\t\t\t\t<\/div>\n\t\t\t\t<\/div>\n\t\t\t\t<div class=\"elementor-element elementor-element-a7d3ddd elementor-widget elementor-widget-text-editor\" data-id=\"a7d3ddd\" data-element_type=\"widget\" data-widget_type=\"text-editor.default\">\n\t\t\t\t<div class=\"elementor-widget-container\">\n\t\t\t\t\t\t\t\t\t<div class=\"p-rich_text_section\">Calle Versalles, 28<\/div><div>06600 Ciudad de M\u00e9xico<\/div>\t\t\t\t\t\t\t\t<\/div>\n\t\t\t\t<\/div>\n\t\t\t\t\t<\/div>\n\t\t<\/div>\n\t\t\t\t\t<\/div>\n\t\t<\/section>\n\t\t\t\t\t<\/div>\n\t\t<\/div>\n\t\t\t\t\t<\/div>\n\t\t<\/section>\n\t\t\t\t<\/div>\n\t\t","protected":false},"excerpt":{"rendered":"<p>Contacto ESPA\u00d1A Calle Diego de Le\u00f3n, 5728006 Madrid&#8211;Passatge de Font, 1208013 Barcelona M\u00c9XICO Calle Versalles, [&hellip;]<\/p>\n","protected":false},"author":1,"featured_media":0,"parent":0,"menu_order":0,"comment_status":"closed","ping_status":"closed","template":"","meta":{"_acf_changed":false,"content-type":"","footnotes":""},"class_list":["post-14022","page","type-page","status-publish","hentry"],"acf":[],"yoast_head":"<!-- This site is optimized with the Yoast SEO Premium plugin v25.8 (Yoast SEO v27.6) - https:\/\/yoast.com\/product\/yoast-seo-premium-wordpress\/ -->\n<title>Contacto - DoGood People<\/title>\n<meta name=\"description\" content=\"Contacta con nosotros sin compromiso y descubre como podemos ayudar a tu organizaci\u00f3n e involucrar a los empleados en la estrategia de sostenibilidad.\" \/>\n<meta name=\"robots\" content=\"index, follow, max-snippet:-1, max-image-preview:large, max-video-preview:-1\" \/>\n<link rel=\"canonical\" href=\"https:\/\/www.dogoodpeople.com\/es\/contacto\/\" \/>\n<meta property=\"og:locale\" content=\"es_ES\" \/>\n<meta property=\"og:type\" content=\"article\" \/>\n<meta property=\"og:title\" content=\"Contacto\" \/>\n<meta property=\"og:description\" content=\"Contacta con nosotros sin compromiso y descubre como podemos ayudar a tu organizaci\u00f3n e involucrar a los empleados en la estrategia de sostenibilidad.\" \/>\n<meta property=\"og:url\" content=\"https:\/\/www.dogoodpeople.com\/es\/contacto\/\" \/>\n<meta property=\"og:site_name\" content=\"DoGood People\" \/>\n<meta property=\"article:modified_time\" content=\"2025-12-17T11:17:52+00:00\" \/>\n<meta property=\"og:image\" content=\"https:\/\/www.dogoodpeople.com\/wp-content\/uploads\/2022\/09\/logo_dogoodpeople_100.png\" \/>\n\t<meta property=\"og:image:width\" content=\"144\" \/>\n\t<meta property=\"og:image:height\" content=\"100\" \/>\n\t<meta property=\"og:image:type\" content=\"image\/png\" \/>\n<meta name=\"twitter:card\" content=\"summary_large_image\" \/>\n<meta name=\"twitter:label1\" content=\"Tiempo de lectura\" \/>\n\t<meta name=\"twitter:data1\" content=\"1 minuto\" \/>\n<script type=\"application\/ld+json\" class=\"yoast-schema-graph\">{\"@context\":\"https:\\\/\\\/schema.org\",\"@graph\":[{\"@type\":\"WebPage\",\"@id\":\"https:\\\/\\\/www.dogoodpeople.com\\\/es\\\/contacto\\\/\",\"url\":\"https:\\\/\\\/www.dogoodpeople.com\\\/es\\\/contacto\\\/\",\"name\":\"Contacto - DoGood People\",\"isPartOf\":{\"@id\":\"https:\\\/\\\/www.dogoodpeople.com\\\/es\\\/#website\"},\"datePublished\":\"2022-09-15T18:04:50+00:00\",\"dateModified\":\"2025-12-17T11:17:52+00:00\",\"description\":\"Contacta con nosotros sin compromiso y descubre como podemos ayudar a tu organizaci\u00f3n e involucrar a los empleados en la estrategia de sostenibilidad.\",\"breadcrumb\":{\"@id\":\"https:\\\/\\\/www.dogoodpeople.com\\\/es\\\/contacto\\\/#breadcrumb\"},\"inLanguage\":\"es\",\"potentialAction\":[{\"@type\":\"ReadAction\",\"target\":[\"https:\\\/\\\/www.dogoodpeople.com\\\/es\\\/contacto\\\/\"]}]},{\"@type\":\"BreadcrumbList\",\"@id\":\"https:\\\/\\\/www.dogoodpeople.com\\\/es\\\/contacto\\\/#breadcrumb\",\"itemListElement\":[{\"@type\":\"ListItem\",\"position\":1,\"name\":\"Home\",\"item\":\"https:\\\/\\\/www.dogoodpeople.com\\\/es\\\/\"},{\"@type\":\"ListItem\",\"position\":2,\"name\":\"Contacto\"}]},{\"@type\":\"WebSite\",\"@id\":\"https:\\\/\\\/www.dogoodpeople.com\\\/es\\\/#website\",\"url\":\"https:\\\/\\\/www.dogoodpeople.com\\\/es\\\/\",\"name\":\"DoGood People\",\"description\":\"Software para digitalizar el impacto ESG de los empleados y mejorar la reputaci\u00f3n sostenible de las empresas.\",\"publisher\":{\"@id\":\"https:\\\/\\\/www.dogoodpeople.com\\\/es\\\/#organization\"},\"alternateName\":\"DoGood\",\"potentialAction\":[{\"@type\":\"SearchAction\",\"target\":{\"@type\":\"EntryPoint\",\"urlTemplate\":\"https:\\\/\\\/www.dogoodpeople.com\\\/es\\\/?s={search_term_string}\"},\"query-input\":{\"@type\":\"PropertyValueSpecification\",\"valueRequired\":true,\"valueName\":\"search_term_string\"}}],\"inLanguage\":\"es\"},{\"@type\":\"Organization\",\"@id\":\"https:\\\/\\\/www.dogoodpeople.com\\\/es\\\/#organization\",\"name\":\"DoGood People\",\"url\":\"https:\\\/\\\/www.dogoodpeople.com\\\/es\\\/\",\"logo\":{\"@type\":\"ImageObject\",\"inLanguage\":\"es\",\"@id\":\"https:\\\/\\\/www.dogoodpeople.com\\\/es\\\/#\\\/schema\\\/logo\\\/image\\\/\",\"url\":\"https:\\\/\\\/www.dogoodpeople.com\\\/wp-content\\\/uploads\\\/2022\\\/09\\\/Logo-DoGood-people.png\",\"contentUrl\":\"https:\\\/\\\/www.dogoodpeople.com\\\/wp-content\\\/uploads\\\/2022\\\/09\\\/Logo-DoGood-people.png\",\"width\":400,\"height\":280,\"caption\":\"DoGood People\"},\"image\":{\"@id\":\"https:\\\/\\\/www.dogoodpeople.com\\\/es\\\/#\\\/schema\\\/logo\\\/image\\\/\"},\"sameAs\":[\"https:\\\/\\\/www.linkedin.com\\\/company\\\/dogood\\\/\",\"https:\\\/\\\/www.instagram.com\\\/dogood_people\\\/\"]}]}<\/script>\n<!-- \/ Yoast SEO Premium plugin. -->","yoast_head_json":{"title":"Contacto - DoGood People","description":"Contacta con nosotros sin compromiso y descubre como podemos ayudar a tu organizaci\u00f3n e involucrar a los empleados en la estrategia de sostenibilidad.","robots":{"index":"index","follow":"follow","max-snippet":"max-snippet:-1","max-image-preview":"max-image-preview:large","max-video-preview":"max-video-preview:-1"},"canonical":"https:\/\/www.dogoodpeople.com\/es\/contacto\/","og_locale":"es_ES","og_type":"article","og_title":"Contacto","og_description":"Contacta con nosotros sin compromiso y descubre como podemos ayudar a tu organizaci\u00f3n e involucrar a los empleados en la estrategia de sostenibilidad.","og_url":"https:\/\/www.dogoodpeople.com\/es\/contacto\/","og_site_name":"DoGood People","article_modified_time":"2025-12-17T11:17:52+00:00","og_image":[{"width":144,"height":100,"url":"https:\/\/www.dogoodpeople.com\/wp-content\/uploads\/2022\/09\/logo_dogoodpeople_100.png","type":"image\/png"}],"twitter_card":"summary_large_image","twitter_misc":{"Tiempo de lectura":"1 minuto"},"schema":{"@context":"https:\/\/schema.org","@graph":[{"@type":"WebPage","@id":"https:\/\/www.dogoodpeople.com\/es\/contacto\/","url":"https:\/\/www.dogoodpeople.com\/es\/contacto\/","name":"Contacto - DoGood People","isPartOf":{"@id":"https:\/\/www.dogoodpeople.com\/es\/#website"},"datePublished":"2022-09-15T18:04:50+00:00","dateModified":"2025-12-17T11:17:52+00:00","description":"Contacta con nosotros sin compromiso y descubre como podemos ayudar a tu organizaci\u00f3n e involucrar a los empleados en la estrategia de sostenibilidad.","breadcrumb":{"@id":"https:\/\/www.dogoodpeople.com\/es\/contacto\/#breadcrumb"},"inLanguage":"es","potentialAction":[{"@type":"ReadAction","target":["https:\/\/www.dogoodpeople.com\/es\/contacto\/"]}]},{"@type":"BreadcrumbList","@id":"https:\/\/www.dogoodpeople.com\/es\/contacto\/#breadcrumb","itemListElement":[{"@type":"ListItem","position":1,"name":"Home","item":"https:\/\/www.dogoodpeople.com\/es\/"},{"@type":"ListItem","position":2,"name":"Contacto"}]},{"@type":"WebSite","@id":"https:\/\/www.dogoodpeople.com\/es\/#website","url":"https:\/\/www.dogoodpeople.com\/es\/","name":"DoGood People","description":"Software para digitalizar el impacto ESG de los empleados y mejorar la reputaci\u00f3n sostenible de las empresas.","publisher":{"@id":"https:\/\/www.dogoodpeople.com\/es\/#organization"},"alternateName":"DoGood","potentialAction":[{"@type":"SearchAction","target":{"@type":"EntryPoint","urlTemplate":"https:\/\/www.dogoodpeople.com\/es\/?s={search_term_string}"},"query-input":{"@type":"PropertyValueSpecification","valueRequired":true,"valueName":"search_term_string"}}],"inLanguage":"es"},{"@type":"Organization","@id":"https:\/\/www.dogoodpeople.com\/es\/#organization","name":"DoGood People","url":"https:\/\/www.dogoodpeople.com\/es\/","logo":{"@type":"ImageObject","inLanguage":"es","@id":"https:\/\/www.dogoodpeople.com\/es\/#\/schema\/logo\/image\/","url":"https:\/\/www.dogoodpeople.com\/wp-content\/uploads\/2022\/09\/Logo-DoGood-people.png","contentUrl":"https:\/\/www.dogoodpeople.com\/wp-content\/uploads\/2022\/09\/Logo-DoGood-people.png","width":400,"height":280,"caption":"DoGood People"},"image":{"@id":"https:\/\/www.dogoodpeople.com\/es\/#\/schema\/logo\/image\/"},"sameAs":["https:\/\/www.linkedin.com\/company\/dogood\/","https:\/\/www.instagram.com\/dogood_people\/"]}]}},"_links":{"self":[{"href":"https:\/\/www.dogoodpeople.com\/es\/wp-json\/wp\/v2\/pages\/14022","targetHints":{"allow":["GET"]}}],"collection":[{"href":"https:\/\/www.dogoodpeople.com\/es\/wp-json\/wp\/v2\/pages"}],"about":[{"href":"https:\/\/www.dogoodpeople.com\/es\/wp-json\/wp\/v2\/types\/page"}],"author":[{"embeddable":true,"href":"https:\/\/www.dogoodpeople.com\/es\/wp-json\/wp\/v2\/users\/1"}],"replies":[{"embeddable":true,"href":"https:\/\/www.dogoodpeople.com\/es\/wp-json\/wp\/v2\/comments?post=14022"}],"version-history":[{"count":12,"href":"https:\/\/www.dogoodpeople.com\/es\/wp-json\/wp\/v2\/pages\/14022\/revisions"}],"predecessor-version":[{"id":41757,"href":"https:\/\/www.dogoodpeople.com\/es\/wp-json\/wp\/v2\/pages\/14022\/revisions\/41757"}],"wp:attachment":[{"href":"https:\/\/www.dogoodpeople.com\/es\/wp-json\/wp\/v2\/media?parent=14022"}],"curies":[{"name":"wp","href":"https:\/\/api.w.org\/{rel}","templated":true}]}}